{"id":929,"date":"2015-07-02T15:44:56","date_gmt":"2015-07-02T13:44:56","guid":{"rendered":"https:\/\/avada.theme-fusion.com\/law\/?page_id=929"},"modified":"2023-07-25T14:47:07","modified_gmt":"2023-07-25T12:47:07","slug":"actualites","status":"publish","type":"page","link":"https:\/\/guillermou-avocats.fr\/fr\/actualites","title":{"rendered":"Actualit\u00e9s"},"content":{"rendered":"<div class=\"fusion-fullwidth fullwidth-box customPortfolio nonhundred-percent-fullwidth non-hundred-percent-height-scrolling\"  style='background-color: rgba(255,255,255,0);background-position: left top;background-repeat: no-repeat;padding-top:100px;padding-right:0px;padding-bottom:80px;padding-left:0px;border-top-width:0px;border-bottom-width:0px;border-color:#eae9e9;border-top-style:solid;border-bottom-style:solid;'><div class=\"fusion-builder-row fusion-row \"><div  data-animationType=slideInRight data-animationDuration=0.2 data-animationOffset=100% class=\"fusion-layout-column fusion_builder_column fusion_builder_column_1_1  fusion-one-full fusion-column-first fusion-column-last fusion-blend-mode customPortfolio fusion-column-inner-bg-wrapper fusion-animated 1_1\"  style='margin-top:45px;margin-bottom:45px;'>\n\t\t\t\t\t<div class=\"fusion-column-wrapper\" style=\"border-top:7px solid #831901;padding: 30px 30px 30px; 30px;\" data-bg-url=\"\">\n\t\t\t\t\t\t<div class=\"fusion-recent-posts fusion-recent-posts-1 avada-container layout-thumbnails-on-side layout-columns-2 bigFontSize\"><section class=\"fusion-columns columns fusion-columns-2 columns-2\"><article class=\"post fusion-column column col col-lg-6 col-md-6 col-sm-6\"><div class=\"fusion-flexslider flexslider floated-slideshow flexslider-hover-type-zoomin\"><ul class=\"slides\"><li><div class=\"full-video\">8184<\/div><\/li><li><a href=\"https:\/\/guillermou-avocats.fr\/fr\/actualites\/%f0%9d%97%9f%f0%9d%97%ae-%f0%9d%97%96%f0%9d%97%bc%f0%9d%98%82%f0%9d%97%bf-%f0%9d%97%b1%f0%9d%97%b2-%f0%9d%97%b0%f0%9d%97%ae%f0%9d%98%80%f0%9d%98%80%f0%9d%97%ae%f0%9d%98%81%f0%9d%97%b6%f0%9d%97%bc-2\" class=\"hover-type-zoomin\" aria-label=\"\ud835\udddf\ud835\uddee \ud835\uddd6\ud835\uddfc\ud835\ude02\ud835\uddff \ud835\uddf1\ud835\uddf2 \ud835\uddf0\ud835\uddee\ud835\ude00\ud835\ude00\ud835\uddee\ud835\ude01\ud835\uddf6\ud835\uddfc\ud835\uddfb \ud835\ude00\ud835\uddfc\ud835\ude02\ud835\ude01\ud835\uddf6\ud835\uddf2\ud835\uddfb\ud835\ude01 \ud835\uddfe\ud835\ude02\ud835\uddf2 \ud835\uddf9\ud835\uddee \ud835\udde3\ud835\uddd6\ud835\udddb \ud835\uddf2\ud835\ude00\ud835\ude01 \ud835\uddf1\ud835\uddf2\ud835\ude00\ud835\ude01\ud835\uddf6\ud835\uddfb\ud835\uddf2\u0301\ud835\uddf2 \ud835\uddee\u0300 \ud835\uddf9\u2019\ud835\uddee\ud835\uddf6\ud835\uddf1\ud835\uddee\ud835\uddfb\ud835\ude01 \ud835\uddf2\ud835\ude01 \ud835\uddff\ud835\uddf2\ud835\uddfd\ud835\uddff\ud835\uddf2\u0301\ud835\ude00\ud835\uddf2\ud835\uddfb\ud835\ude01\ud835\uddf2 \ud835\ude02\ud835\uddfb \ud835\uddff\ud835\uddf2\ud835\ude03\ud835\uddf2\ud835\uddfb\ud835\ude02 \ud835\uddfd\ud835\uddfc\ud835\ude02\ud835\uddff \ud835\uddf9\ud835\uddf2 \ud835\uddf3\ud835\uddfc\ud835\ude06\ud835\uddf2\ud835\uddff.\"><img decoding=\"async\" src=\"https:\/\/guillermou-avocats.fr\/wp-content\/uploads\/2022\/07\/unnamed-177x142.png\" alt=\"\" \/><\/a><\/li><\/ul><\/div><div class=\"recent-posts-content\"><span class=\"vcard\" style=\"display: none;\"><span class=\"fn\"><a href=\"https:\/\/guillermou-avocats.fr\/fr\/author\/proxima\" title=\"Articles par Proxima\" rel=\"author\">Proxima<\/a><\/span><\/span><span class=\"updated\" style=\"display:none;\">2024-12-27T17:45:53+01:00<\/span><h4 class=\"entry-title\"><a href=\"https:\/\/guillermou-avocats.fr\/fr\/actualites\/%f0%9d%97%9f%f0%9d%97%ae-%f0%9d%97%96%f0%9d%97%bc%f0%9d%98%82%f0%9d%97%bf-%f0%9d%97%b1%f0%9d%97%b2-%f0%9d%97%b0%f0%9d%97%ae%f0%9d%98%80%f0%9d%98%80%f0%9d%97%ae%f0%9d%98%81%f0%9d%97%b6%f0%9d%97%bc-2\">\ud835\udddf\ud835\uddee \ud835\uddd6\ud835\uddfc\ud835\ude02\ud835\uddff \ud835\uddf1\ud835\uddf2 \ud835\uddf0\ud835\uddee\ud835\ude00\ud835\ude00\ud835\uddee\ud835\ude01\ud835\uddf6\ud835\uddfc\ud835\uddfb \ud835\ude00\ud835\uddfc\ud835\ude02\ud835\ude01\ud835\uddf6\ud835\uddf2\ud835\uddfb\ud835\ude01 \ud835\uddfe\ud835\ude02\ud835\uddf2 \ud835\uddf9\ud835\uddee \ud835\udde3\ud835\uddd6\ud835\udddb \ud835\uddf2\ud835\ude00\ud835\ude01 \ud835\uddf1\ud835\uddf2\ud835\ude00\ud835\ude01\ud835\uddf6\ud835\uddfb\ud835\uddf2\u0301\ud835\uddf2 \ud835\uddee\u0300 \ud835\uddf9\u2019\ud835\uddee\ud835\uddf6\ud835\uddf1\ud835\uddee\ud835\uddfb\ud835\ude01 \ud835\uddf2\ud835\ude01 \ud835\uddff\ud835\uddf2\ud835\uddfd\ud835\uddff\ud835\uddf2\u0301\ud835\ude00\ud835\uddf2\ud835\uddfb\ud835\ude01\ud835\uddf2 \ud835\ude02\ud835\uddfb \ud835\uddff\ud835\uddf2\ud835\ude03\ud835\uddf2\ud835\uddfb\ud835\ude02 \ud835\uddfd\ud835\uddfc\ud835\ude02\ud835\uddff \ud835\uddf9\ud835\uddf2 \ud835\uddf3\ud835\uddfc\ud835\ude06\ud835\uddf2\ud835\uddff.<\/a><\/h4><p> R\u00e9cemment, la Cour de cassation a rendu une d\u00e9cision [...]<\/p><\/div><\/article><article class=\"post fusion-column column col col-lg-6 col-md-6 col-sm-6\"><div class=\"fusion-flexslider flexslider floated-slideshow flexslider-hover-type-zoomin\"><ul class=\"slides\"><li><div class=\"full-video\">8164<\/div><\/li><\/ul><\/div><div class=\"recent-posts-content\"><span class=\"vcard\" style=\"display: none;\"><span class=\"fn\"><a href=\"https:\/\/guillermou-avocats.fr\/fr\/author\/proxima\" title=\"Articles par Proxima\" rel=\"author\">Proxima<\/a><\/span><\/span><span class=\"updated\" style=\"display:none;\">2024-12-27T17:51:16+01:00<\/span><h4 class=\"entry-title\"><a href=\"https:\/\/guillermou-avocats.fr\/fr\/actualites\/%f0%9d%97%9f%f0%9d%97%ae-%f0%9d%97%96%f0%9d%97%bc%f0%9d%98%82%f0%9d%97%bf-%f0%9d%97%b1%f0%9d%97%b2-%f0%9d%97%b0%f0%9d%97%ae%f0%9d%98%80%f0%9d%98%80%f0%9d%97%ae%f0%9d%98%81%f0%9d%97%b6%f0%9d%97%bc\">\ud835\udddf\ud835\uddee \ud835\uddd6\ud835\uddfc\ud835\ude02\ud835\uddff \ud835\uddf1\ud835\uddf2 \ud835\uddf0\ud835\uddee\ud835\ude00\ud835\ude00\ud835\uddee\ud835\ude01\ud835\uddf6\ud835\uddfc\ud835\uddfb \ud835\uddfd\ud835\uddff\ud835\uddfc\ud835\ude01\ud835\uddf2\u0300\ud835\uddf4\ud835\uddf2 \ud835\uddf9\ud835\uddf2\ud835\ude00 \ud835\ude03\ud835\uddf6\ud835\uddf0\ud835\ude01\ud835\uddf6\ud835\uddfa\ud835\uddf2\ud835\ude00 \ud835\uddf2\ud835\uddfb \ud835\ude00\ud835\uddee\ud835\uddfb\ud835\uddf0\ud835\ude01\ud835\uddf6\ud835\uddfc\ud835\uddfb\ud835\uddfb\ud835\uddee\ud835\uddfb\ud835\ude01 \ud835\ude02\ud835\uddfb\ud835\uddf2 \ud835\uddf6\ud835\uddfb\ud835\ude01\ud835\uddf2\ud835\uddff\ud835\uddfd\ud835\uddff\ud835\uddf2\u0301\ud835\ude01\ud835\uddee\ud835\ude01\ud835\uddf6\ud835\uddfc\ud835\uddfb \ud835\uddf3\ud835\uddf9\ud835\uddfc\ud835\ude02\ud835\uddf2 \ud835\uddf1\ud835\uddf2\ud835\ude00 \ud835\uddf0\ud835\uddf9\ud835\uddee\ud835\ude02\ud835\ude00\ud835\uddf2\ud835\ude00 \ud835\uddf1&rsquo;\ud835\uddf2\ud835\ude05\ud835\uddf0\ud835\uddf9\ud835\ude02\ud835\ude00\ud835\uddf6\ud835\uddfc\ud835\uddfb \ud835\uddf1\ud835\uddf2 \ud835\uddf4\ud835\uddee\ud835\uddff\ud835\uddee\ud835\uddfb\ud835\ude01\ud835\uddf6\ud835\uddf2<\/a><\/h4><p> Dans un arr\u00eat en date du 31 mars 2022 [...]<\/p><\/div><\/article><article class=\"post fusion-column column col col-lg-6 col-md-6 col-sm-6\"><div class=\"fusion-flexslider flexslider floated-slideshow flexslider-hover-type-zoomin\"><ul class=\"slides\"><li><div class=\"full-video\">8143<\/div><\/li><li><a href=\"https:\/\/guillermou-avocats.fr\/fr\/expertise\/comment-rediger-ses-doleances\" class=\"hover-type-zoomin\" aria-label=\"Comment r\u00e9diger ses dol\u00e9ances ?\"><img decoding=\"async\" src=\"https:\/\/guillermou-avocats.fr\/wp-content\/uploads\/2022\/03\/Comment-rediger-ses-doleances-jpeg-177x142.jpg\" alt=\"\" \/><\/a><\/li><\/ul><\/div><div class=\"recent-posts-content\"><span class=\"vcard\" style=\"display: none;\"><span class=\"fn\"><a href=\"https:\/\/guillermou-avocats.fr\/fr\/author\/proxima\" title=\"Articles par Proxima\" rel=\"author\">Proxima<\/a><\/span><\/span><span class=\"updated\" style=\"display:none;\">2024-08-27T11:35:24+02:00<\/span><h4 class=\"entry-title\"><a href=\"https:\/\/guillermou-avocats.fr\/fr\/expertise\/comment-rediger-ses-doleances\">Comment r\u00e9diger ses dol\u00e9ances ?<\/a><\/h4><p>Les dol\u00e9ances sont un recueil \u00e9crit des difficult\u00e9s li\u00e9es au handicap permanent en lien avec l'accident ou l'agression dont vous avez \u00e9t\u00e9 victime.<\/p><\/div><\/article><article class=\"post fusion-column column col col-lg-6 col-md-6 col-sm-6\"><div class=\"fusion-flexslider flexslider floated-slideshow flexslider-hover-type-zoomin\"><ul class=\"slides\"><li><div class=\"full-video\">8117<\/div><\/li><li><a href=\"https:\/\/guillermou-avocats.fr\/fr\/actualites\/les-10-regles-dor-de-lexpertise\" class=\"hover-type-zoomin\" aria-label=\"Les 10 r\u00e8gles d&rsquo;or de l&rsquo;expertise\"><img decoding=\"async\" src=\"https:\/\/guillermou-avocats.fr\/wp-content\/uploads\/2022\/03\/Image-10-regles-de-lexpertise-177x142.png\" alt=\"\" \/><\/a><\/li><\/ul><\/div><div class=\"recent-posts-content\"><span class=\"vcard\" style=\"display: none;\"><span class=\"fn\"><a href=\"https:\/\/guillermou-avocats.fr\/fr\/author\/proxima\" title=\"Articles par Proxima\" rel=\"author\">Proxima<\/a><\/span><\/span><span class=\"updated\" style=\"display:none;\">2024-12-30T18:18:04+01:00<\/span><h4 class=\"entry-title\"><a href=\"https:\/\/guillermou-avocats.fr\/fr\/actualites\/les-10-regles-dor-de-lexpertise\">Les 10 r\u00e8gles d&rsquo;or de l&rsquo;expertise<\/a><\/h4><p>L'expertise requiert une pr\u00e9paration minutieuse et attentive.<\/p><\/div><\/article><article class=\"post fusion-column column col col-lg-6 col-md-6 col-sm-6\"><div class=\"fusion-flexslider flexslider floated-slideshow flexslider-hover-type-zoomin\"><ul class=\"slides\"><li><div class=\"full-video\">7950<\/div><\/li><\/ul><\/div><div class=\"recent-posts-content\"><span class=\"vcard\" style=\"display: none;\"><span class=\"fn\"><a href=\"https:\/\/guillermou-avocats.fr\/fr\/author\/proxima\" title=\"Articles par Proxima\" rel=\"author\">Proxima<\/a><\/span><\/span><span class=\"updated\" style=\"display:none;\">2024-12-30T18:21:10+01:00<\/span><h4 class=\"entry-title\"><a href=\"https:\/\/guillermou-avocats.fr\/fr\/prejudice\/baremes-devaluation-medico-legaux-zoom-sur-le-bareme-du-concours-medical\">Bar\u00e8mes d\u2019\u00e9valuation m\u00e9dico-l\u00e9gaux : Zoom sur le bar\u00e8me du \u00ab concours m\u00e9dical \u00bb<\/a><\/h4><p> En mati\u00e8re d\u2019indemnisation du pr\u00e9judice corporel,\u00a0l\u2019expertise\u00a0constitue une \u00e9tape cl\u00e9. [...]<\/p><\/div><\/article><article class=\"post fusion-column column col col-lg-6 col-md-6 col-sm-6\"><div class=\"fusion-flexslider flexslider floated-slideshow flexslider-hover-type-zoomin\"><ul class=\"slides\"><li><div class=\"full-video\">7892<\/div><\/li><\/ul><\/div><div class=\"recent-posts-content\"><span class=\"vcard\" style=\"display: none;\"><span class=\"fn\"><a href=\"https:\/\/guillermou-avocats.fr\/fr\/author\/proxima\" title=\"Articles par Proxima\" rel=\"author\">Proxima<\/a><\/span><\/span><span class=\"updated\" style=\"display:none;\">2024-12-27T18:05:00+01:00<\/span><h4 class=\"entry-title\"><a href=\"https:\/\/guillermou-avocats.fr\/fr\/jurisprudences\/blessure-involontaire-par-manipulation-dune-arme-a-feu-regime-protecteur-des-enfants-mineurs\">Blessure involontaire par manipulation d\u2019une arme \u00e0 feu : r\u00e9gime protecteur des enfants mineurs<\/a><\/h4><p> A l\u2019occasion d\u2019une visite avec sa m\u00e8re chez des [...]<\/p><\/div><\/article><article class=\"post fusion-column column col col-lg-6 col-md-6 col-sm-6\"><div class=\"fusion-flexslider flexslider floated-slideshow flexslider-hover-type-zoomin\"><ul class=\"slides\"><li><div class=\"full-video\">7946<\/div><\/li><li><a href=\"https:\/\/guillermou-avocats.fr\/fr\/dommage-corporel\/nouveautes-pour-lexpertise-medicale-des-victimes-dattentat\" class=\"hover-type-zoomin\" aria-label=\"Nouveaut\u00e9s pour l\u2019expertise m\u00e9dicale des victimes d\u2019attentat\"><img decoding=\"async\" src=\"https:\/\/guillermou-avocats.fr\/wp-content\/uploads\/2021\/01\/Expertise-m\u00e9dicale-177x142.png\" alt=\"Expertise m\u00e9dicale\" \/><\/a><\/li><\/ul><\/div><div class=\"recent-posts-content\"><span class=\"vcard\" style=\"display: none;\"><span class=\"fn\"><a href=\"https:\/\/guillermou-avocats.fr\/fr\/author\/proxima\" title=\"Articles par Proxima\" rel=\"author\">Proxima<\/a><\/span><\/span><span class=\"updated\" style=\"display:none;\">2024-12-27T18:05:51+01:00<\/span><h4 class=\"entry-title\"><a href=\"https:\/\/guillermou-avocats.fr\/fr\/dommage-corporel\/nouveautes-pour-lexpertise-medicale-des-victimes-dattentat\">Nouveaut\u00e9s pour l\u2019expertise m\u00e9dicale des victimes d\u2019attentat<\/a><\/h4><p> L\u2019expertise m\u00e9dicale est une \u00e9tape cl\u00e9 dans la r\u00e9paration [...]<\/p><\/div><\/article><article class=\"post fusion-column column col col-lg-6 col-md-6 col-sm-6\"><div class=\"fusion-flexslider flexslider floated-slideshow flexslider-hover-type-zoomin\"><ul class=\"slides\"><li><div class=\"full-video\">7942<\/div><\/li><\/ul><\/div><div class=\"recent-posts-content\"><span class=\"vcard\" style=\"display: none;\"><span class=\"fn\"><a href=\"https:\/\/guillermou-avocats.fr\/fr\/author\/proxima\" title=\"Articles par Proxima\" rel=\"author\">Proxima<\/a><\/span><\/span><span class=\"updated\" style=\"display:none;\">2024-12-27T18:06:40+01:00<\/span><h4 class=\"entry-title\"><a href=\"https:\/\/guillermou-avocats.fr\/fr\/dommage-corporel\/officialisation-de-la-creation-du-fonds-dindemnisation-des-victimes-de-pesticides\">Officialisation de la cr\u00e9ation du Fonds d\u2019indemnisation des victimes de pesticides<\/a><\/h4><p> Cr\u00e9\u00e9 le 1er janvier 2020 par la loi de [...]<\/p><\/div><\/article><article class=\"post fusion-column column col col-lg-6 col-md-6 col-sm-6\"><div class=\"fusion-flexslider flexslider floated-slideshow flexslider-hover-type-zoomin\"><ul class=\"slides\"><li><div class=\"full-video\">7931<\/div><\/li><\/ul><\/div><div class=\"recent-posts-content\"><span class=\"vcard\" style=\"display: none;\"><span class=\"fn\"><a href=\"https:\/\/guillermou-avocats.fr\/fr\/author\/proxima\" title=\"Articles par Proxima\" rel=\"author\">Proxima<\/a><\/span><\/span><span class=\"updated\" style=\"display:none;\">2024-12-27T18:07:42+01:00<\/span><h4 class=\"entry-title\"><a href=\"https:\/\/guillermou-avocats.fr\/fr\/dommage-corporel\/quel-regime-dindemnisation-pour-les-victimes-en-fauteuil-roulant-electrique\">Quel r\u00e9gime d\u2019indemnisation pour les victimes en fauteuil roulant \u00e9lectrique ?<\/a><\/h4><p> Une femme souffrant d\u2019une h\u00e9mipl\u00e9gie droite est victime d\u2019un [...]<\/p><\/div><\/article><article class=\"post fusion-column column col col-lg-6 col-md-6 col-sm-6\"><div class=\"fusion-flexslider flexslider floated-slideshow flexslider-hover-type-zoomin\"><ul class=\"slides\"><li><div class=\"full-video\">7888<\/div><\/li><\/ul><\/div><div class=\"recent-posts-content\"><span class=\"vcard\" style=\"display: none;\"><span class=\"fn\"><a href=\"https:\/\/guillermou-avocats.fr\/fr\/author\/proxima\" title=\"Articles par Proxima\" rel=\"author\">Proxima<\/a><\/span><\/span><span class=\"updated\" style=\"display:none;\">2024-12-27T18:08:36+01:00<\/span><h4 class=\"entry-title\"><a href=\"https:\/\/guillermou-avocats.fr\/fr\/jurisprudences\/lassureur-est-tenu-de-faire-une-offre-meme-lorsquil-conteste-le-droit-a-indemnisation-de-la-victime\">L\u2019assureur est tenu de faire une offre m\u00eame lorsqu\u2019il conteste le droit \u00e0 indemnisation de la victime<\/a><\/h4><p> Nouveau zoom sur l\u2019application des p\u00e9nalit\u00e9s \u00e0 l\u2019assureur\u00a0en mati\u00e8re [...]<\/p><\/div><\/article><article class=\"post fusion-column column col col-lg-6 col-md-6 col-sm-6\"><div class=\"fusion-flexslider flexslider floated-slideshow flexslider-hover-type-zoomin\"><ul class=\"slides\"><li><div class=\"full-video\">7901<\/div><\/li><\/ul><\/div><div class=\"recent-posts-content\"><span class=\"vcard\" style=\"display: none;\"><span class=\"fn\"><a href=\"https:\/\/guillermou-avocats.fr\/fr\/author\/proxima\" title=\"Articles par Proxima\" rel=\"author\">Proxima<\/a><\/span><\/span><span class=\"updated\" style=\"display:none;\">2024-12-27T18:09:59+01:00<\/span><h4 class=\"entry-title\"><a href=\"https:\/\/guillermou-avocats.fr\/fr\/dommage-corporel\/proxima-obtient-lindemnisation-des-dommages-causes-par-la-vaccination-obligatoire\">Proxima obtient l&rsquo;indemnisation des dommages caus\u00e9s par la vaccination anti grippale<\/a><\/h4><p> Vaccination antigrippale d\u2019un militaire\u00a0: le cabinet Proxima obtient la [...]<\/p><\/div><\/article><article class=\"post fusion-column column col col-lg-6 col-md-6 col-sm-6\"><div class=\"fusion-flexslider flexslider floated-slideshow flexslider-hover-type-zoomin\"><ul class=\"slides\"><li><div class=\"full-video\">7879<\/div><\/li><\/ul><\/div><div class=\"recent-posts-content\"><span class=\"vcard\" style=\"display: none;\"><span class=\"fn\"><a href=\"https:\/\/guillermou-avocats.fr\/fr\/author\/proxima\" title=\"Articles par Proxima\" rel=\"author\">Proxima<\/a><\/span><\/span><span class=\"updated\" style=\"display:none;\">2024-12-27T18:11:12+01:00<\/span><h4 class=\"entry-title\"><a href=\"https:\/\/guillermou-avocats.fr\/fr\/jurisprudences\/penalites-appliquees-a-lassureur-en-cas-de-retard-doffre\">P\u00e9nalit\u00e9s appliqu\u00e9es \u00e0 l\u2019assureur en cas de retard d\u2019offre<\/a><\/h4><p> Victimes d'accidents de la circulation et offre d'indemnisation des [...]<\/p><\/div><\/article><\/section><\/div><div class=\"fusion-clearfix\"><\/div>\n\t\t\t\t\t<\/div>\n\t\t\t\t\t<span class=\"fusion-column-inner-bg hover-type-zoomin\">\n\t\t\t\t\t\t<a  aria-label=\"\">\n\t\t\t\t\t\t\t<span class=\"fusion-column-inner-bg-image\" style=\"background-color:#ffffff;background-position:left top;background-repeat:no-repeat;-webkit-background-size:cover;-moz-background-size:cover;-o-background-size:cover;background-size:cover;\"><\/span><\/a>\n\t\t\t\t\t<\/span>\n\t\t\t\t<\/div><\/div><\/div>\n","protected":false},"excerpt":{"rendered":"","protected":false},"author":2,"featured_media":0,"parent":0,"menu_order":31,"comment_status":"closed","ping_status":"closed","template":"page-actualites.php","meta":{"footnotes":""},"class_list":["post-929","page","type-page","status-publish","hentry"],"yoast_head":"<!-- This site is optimized with the Yoast SEO Premium plugin v23.4 (Yoast SEO v27.3) - https:\/\/yoast.com\/product\/yoast-seo-premium-wordpress\/ -->\n<title>Actualit\u00e9s - Avocat indemnisation de victimes<\/title>\n<meta name=\"robots\" content=\"index, follow, max-snippet:-1, max-image-preview:large, max-video-preview:-1\" \/>\n<link rel=\"canonical\" href=\"https:\/\/proxima2023.okoumea.com\/fr\/actualites\" \/>\n<meta property=\"og:locale\" content=\"fr_FR\" \/>\n<meta property=\"og:type\" content=\"article\" \/>\n<meta property=\"og:title\" content=\"Actualit\u00e9s - Avocat indemnisation de victimes\" \/>\n<meta property=\"og:url\" content=\"https:\/\/proxima2023.okoumea.com\/fr\/actualites\" \/>\n<meta property=\"og:site_name\" content=\"Avocat indemnisation de victimes\" \/>\n<meta property=\"article:publisher\" content=\"https:\/\/www.facebook.com\/emericguillermou\/\" \/>\n<meta property=\"article:modified_time\" content=\"2023-07-25T12:47:07+00:00\" \/>\n<meta name=\"twitter:card\" content=\"summary_large_image\" \/>\n<meta name=\"twitter:site\" content=\"@eguillermou\" \/>\n<meta name=\"twitter:label1\" content=\"Dur\u00e9e de lecture estim\u00e9e\" \/>\n\t<meta name=\"twitter:data1\" content=\"1 minute\" \/>\n<script type=\"application\/ld+json\" class=\"yoast-schema-graph\">{\"@context\":\"https:\\\/\\\/schema.org\",\"@graph\":[{\"@type\":\"WebPage\",\"@id\":\"https:\\\/\\\/proxima2023.okoumea.com\\\/fr\\\/actualites\",\"url\":\"https:\\\/\\\/proxima2023.okoumea.com\\\/fr\\\/actualites\",\"name\":\"Actualit\u00e9s - Avocat indemnisation de victimes\",\"isPartOf\":{\"@id\":\"https:\\\/\\\/proxima2023.okoumea.com\\\/fr\\\/#website\"},\"datePublished\":\"2015-07-02T13:44:56+00:00\",\"dateModified\":\"2023-07-25T12:47:07+00:00\",\"inLanguage\":\"fr-FR\",\"potentialAction\":[{\"@type\":\"ReadAction\",\"target\":[\"https:\\\/\\\/proxima2023.okoumea.com\\\/fr\\\/actualites\"]}]},{\"@type\":\"WebSite\",\"@id\":\"https:\\\/\\\/proxima2023.okoumea.com\\\/fr\\\/#website\",\"url\":\"https:\\\/\\\/proxima2023.okoumea.com\\\/fr\\\/\",\"name\":\"Proxima - Avocats indemnisation de victimes\",\"description\":\"Chaque jour est un nouveau cap \u00e0 franchir ensemble\",\"publisher\":{\"@id\":\"https:\\\/\\\/proxima2023.okoumea.com\\\/fr\\\/#organization\"},\"potentialAction\":[{\"@type\":\"SearchAction\",\"target\":{\"@type\":\"EntryPoint\",\"urlTemplate\":\"https:\\\/\\\/proxima2023.okoumea.com\\\/fr\\\/?s={search_term_string}\"},\"query-input\":{\"@type\":\"PropertyValueSpecification\",\"valueRequired\":true,\"valueName\":\"search_term_string\"}}],\"inLanguage\":\"fr-FR\"},{\"@type\":\"Organization\",\"@id\":\"https:\\\/\\\/proxima2023.okoumea.com\\\/fr\\\/#organization\",\"name\":\"CABINET PROXIMA GUILLERMOU AVOCATS\",\"url\":\"https:\\\/\\\/proxima2023.okoumea.com\\\/fr\\\/\",\"logo\":{\"@type\":\"ImageObject\",\"inLanguage\":\"fr-FR\",\"@id\":\"https:\\\/\\\/proxima2023.okoumea.com\\\/fr\\\/#\\\/schema\\\/logo\\\/image\\\/\",\"url\":\"https:\\\/\\\/guillermou-avocats.fr\\\/wp-content\\\/uploads\\\/2024\\\/08\\\/2Fichier-12ProximaLogox1.png\",\"contentUrl\":\"https:\\\/\\\/guillermou-avocats.fr\\\/wp-content\\\/uploads\\\/2024\\\/08\\\/2Fichier-12ProximaLogox1.png\",\"width\":836,\"height\":825,\"caption\":\"CABINET PROXIMA GUILLERMOU AVOCATS\"},\"image\":{\"@id\":\"https:\\\/\\\/proxima2023.okoumea.com\\\/fr\\\/#\\\/schema\\\/logo\\\/image\\\/\"},\"sameAs\":[\"https:\\\/\\\/www.facebook.com\\\/emericguillermou\\\/\",\"https:\\\/\\\/x.com\\\/eguillermou\",\"https:\\\/\\\/fr.linkedin.com\\\/in\\\/emeric-guillermou-6a4b9bb6\",\"https:\\\/\\\/www.youtube.com\\\/@emericguillermou9412\"]}]}<\/script>\n<!-- \/ Yoast SEO Premium plugin. -->","yoast_head_json":{"title":"Actualit\u00e9s - Avocat indemnisation de victimes","robots":{"index":"index","follow":"follow","max-snippet":"max-snippet:-1","max-image-preview":"max-image-preview:large","max-video-preview":"max-video-preview:-1"},"canonical":"https:\/\/proxima2023.okoumea.com\/fr\/actualites","og_locale":"fr_FR","og_type":"article","og_title":"Actualit\u00e9s - Avocat indemnisation de victimes","og_url":"https:\/\/proxima2023.okoumea.com\/fr\/actualites","og_site_name":"Avocat indemnisation de victimes","article_publisher":"https:\/\/www.facebook.com\/emericguillermou\/","article_modified_time":"2023-07-25T12:47:07+00:00","twitter_card":"summary_large_image","twitter_site":"@eguillermou","twitter_misc":{"Dur\u00e9e de lecture estim\u00e9e":"1 minute"},"schema":{"@context":"https:\/\/schema.org","@graph":[{"@type":"WebPage","@id":"https:\/\/proxima2023.okoumea.com\/fr\/actualites","url":"https:\/\/proxima2023.okoumea.com\/fr\/actualites","name":"Actualit\u00e9s - Avocat indemnisation de victimes","isPartOf":{"@id":"https:\/\/proxima2023.okoumea.com\/fr\/#website"},"datePublished":"2015-07-02T13:44:56+00:00","dateModified":"2023-07-25T12:47:07+00:00","inLanguage":"fr-FR","potentialAction":[{"@type":"ReadAction","target":["https:\/\/proxima2023.okoumea.com\/fr\/actualites"]}]},{"@type":"WebSite","@id":"https:\/\/proxima2023.okoumea.com\/fr\/#website","url":"https:\/\/proxima2023.okoumea.com\/fr\/","name":"Proxima - Avocats indemnisation de victimes","description":"Chaque jour est un nouveau cap \u00e0 franchir ensemble","publisher":{"@id":"https:\/\/proxima2023.okoumea.com\/fr\/#organization"},"potentialAction":[{"@type":"SearchAction","target":{"@type":"EntryPoint","urlTemplate":"https:\/\/proxima2023.okoumea.com\/fr\/?s={search_term_string}"},"query-input":{"@type":"PropertyValueSpecification","valueRequired":true,"valueName":"search_term_string"}}],"inLanguage":"fr-FR"},{"@type":"Organization","@id":"https:\/\/proxima2023.okoumea.com\/fr\/#organization","name":"CABINET PROXIMA GUILLERMOU AVOCATS","url":"https:\/\/proxima2023.okoumea.com\/fr\/","logo":{"@type":"ImageObject","inLanguage":"fr-FR","@id":"https:\/\/proxima2023.okoumea.com\/fr\/#\/schema\/logo\/image\/","url":"https:\/\/guillermou-avocats.fr\/wp-content\/uploads\/2024\/08\/2Fichier-12ProximaLogox1.png","contentUrl":"https:\/\/guillermou-avocats.fr\/wp-content\/uploads\/2024\/08\/2Fichier-12ProximaLogox1.png","width":836,"height":825,"caption":"CABINET PROXIMA GUILLERMOU AVOCATS"},"image":{"@id":"https:\/\/proxima2023.okoumea.com\/fr\/#\/schema\/logo\/image\/"},"sameAs":["https:\/\/www.facebook.com\/emericguillermou\/","https:\/\/x.com\/eguillermou","https:\/\/fr.linkedin.com\/in\/emeric-guillermou-6a4b9bb6","https:\/\/www.youtube.com\/@emericguillermou9412"]}]}},"_links":{"self":[{"href":"https:\/\/guillermou-avocats.fr\/fr\/wp-json\/wp\/v2\/pages\/929","targetHints":{"allow":["GET"]}}],"collection":[{"href":"https:\/\/guillermou-avocats.fr\/fr\/wp-json\/wp\/v2\/pages"}],"about":[{"href":"https:\/\/guillermou-avocats.fr\/fr\/wp-json\/wp\/v2\/types\/page"}],"author":[{"embeddable":true,"href":"https:\/\/guillermou-avocats.fr\/fr\/wp-json\/wp\/v2\/users\/2"}],"replies":[{"embeddable":true,"href":"https:\/\/guillermou-avocats.fr\/fr\/wp-json\/wp\/v2\/comments?post=929"}],"version-history":[{"count":37,"href":"https:\/\/guillermou-avocats.fr\/fr\/wp-json\/wp\/v2\/pages\/929\/revisions"}],"predecessor-version":[{"id":5631,"href":"https:\/\/guillermou-avocats.fr\/fr\/wp-json\/wp\/v2\/pages\/929\/revisions\/5631"}],"wp:attachment":[{"href":"https:\/\/guillermou-avocats.fr\/fr\/wp-json\/wp\/v2\/media?parent=929"}],"curies":[{"name":"wp","href":"https:\/\/api.w.org\/{rel}","templated":true}]}}