{"id":8385,"date":"2023-07-25T10:51:48","date_gmt":"2023-07-25T08:51:48","guid":{"rendered":"https:\/\/guillermou-avocats.fr\/fr\/parcours\/choix\/je-suis-victime-representant\/accidents-de-sport"},"modified":"2023-07-25T17:20:08","modified_gmt":"2023-07-25T15:20:08","slug":"accidents-de-sport","status":"publish","type":"page","link":"https:\/\/guillermou-avocats.fr\/fr\/parcours\/choix\/je-suis-victime-representant\/accidents-de-sport","title":{"rendered":"Accidents de sport"},"content":{"rendered":"<p><div class=\"fusion-fullwidth fullwidth-box nonhundred-percent-fullwidth non-hundred-percent-height-scrolling\"  style='background-color: rgba(255,255,255,0);background-position: center center;background-repeat: no-repeat;padding-top:0px;padding-right:0px;padding-bottom:0px;padding-left:0px;'><div class=\"fusion-builder-row fusion-row \"><div  class=\"fusion-layout-column fusion_builder_column fusion_builder_column_1_1  fusion-one-full fusion-column-first fusion-column-last 1_1\"  style='margin-top:0px;margin-bottom:0px;'>\n\t\t\t\t\t<div class=\"fusion-column-wrapper\" style=\"padding: 0px 0px 0px 0px;background-position:left top;background-repeat:no-repeat;-webkit-background-size:cover;-moz-background-size:cover;-o-background-size:cover;background-size:cover;\"  data-bg-url=\"\">\n\t\t\t\t\t\t<div class=\"fusion-text\"><p><div class=\"fusion-fullwidth fullwidth-box bigFontSize nonhundred-percent-fullwidth non-hundred-percent-height-scrolling\"  style='background-color: rgba(255,255,255,0);background-position: center center;background-repeat: no-repeat;padding-top:0px;padding-right:0px;padding-bottom:0px;padding-left:0px;'><\/div><div class=\"fusion-builder-row fusion-row \"><\/div><div  class=\"fusion-layout-column fusion_builder_column fusion_builder_column_1_1  fusion-one-full fusion-column-first fusion-column-last bigFontSize 1_1\"  style='margin-top:0px;margin-bottom:0px;'>\n\t\t\t\t\t<div class=\"fusion-column-wrapper\" style=\"padding: 0px 0px 0px 0px;background-position:left top;background-repeat:no-repeat;-webkit-background-size:cover;-moz-background-size:cover;-o-background-size:cover;background-size:cover;\"  data-bg-url=\"\">\n\t\t\t\t\t\t<div class=\"fusion-clearfix\"><\/div>\n\n\t\t\t\t\t<\/div>\n\t\t\t\t<\/div><div class=\"fusion-text\"><\/div><\/p>\n<h2 class=\"titre-page\" style=\"text-align: center;\">Indemnisation des victimes d&rsquo;accidents de sport<\/h2>\n<h2 class=\"titre-page\" style=\"text-align: center;\"><\/h2>\n<div id=\"preview\">\n<div id=\"texte-interne\">\n<div id=\"liste-expertises\">\n<div id=\"expertise\">\n<p style=\"text-align: justify;\">Si vous vous blessez lors d&rsquo;une activit\u00e9 sportive, vous pouvez \u00eatre indemnis\u00e9 de vos pr\u00e9judices corporels.<\/p>\n<p style=\"text-align: justify;\">2 situations sont envisageables:<\/p>\n<ul style=\"text-align: justify;\">\n<li>Vous vous \u00eates bless\u00e9 seul ou bien un tiers est impliqu\u00e9 dans l\u2019accident mais n\u2019a pas commis de faute. Dans ce cas, vous pouvez \u00eatre indemnis\u00e9 si vous avez souscrit \u00e0 un contrat \u00ab\u00a0accidents de la vie\u00a0\u00bb. Si vous \u00eates licenci\u00e9 dans un club sportif, il est aussi possible que vous ayez souscrit \u00e0 une assurance qui pourra vous indemniser.<\/li>\n<\/ul>\n<ul style=\"text-align: justify;\">\n<li>il y a un tiers responsable\u00a0: vous devez prouver, par tout moyen, que ce tiers a commis une faute (t\u00e9moignage\u2026) et l\u2019assurance \u00ab\u00a0responsabilit\u00e9 civile\u00a0\u00bb de ce tiers devra indemniser vos pr\u00e9judices corporels.<\/li>\n<\/ul>\n<p style=\"text-align: justify;\">Il arrive parfois que la faute soit oppos\u00e9e \u00e0 la victime afin de limiter son indemnisation.<\/p>\n<p style=\"text-align: justify;\">Dans tous les cas, le parcours d\u2019indemnisation est complexe et n\u00e9cessite l\u2019assistance d\u2019un avocat aguerri pour d\u00e9fendre les victimes de dommages corporels afin d\u2019obtenir une juste indemnisation.<\/p>\n<\/div>\n<\/div>\n<\/div>\n<\/div>\n<\/div><div class=\"fusion-clearfix\"><\/div>\n\n\t\t\t\t\t<\/div>\n\t\t\t\t<\/div><\/div><\/div><div class=\"fusion-fullwidth fullwidth-box nonhundred-percent-fullwidth non-hundred-percent-height-scrolling\"  style='background-color: rgba(255,255,255,0);background-position: center center;background-repeat: no-repeat;padding-top:0px;padding-right:0px;padding-bottom:0px;padding-left:0px;'><\/div>[\/fusion_text][\/fusion_builder_column][\/fusion_builder_row][\/fusion_builder_container]<\/p>\n","protected":false},"excerpt":{"rendered":"<p>[\/fusion_text][\/fusion_builder_column][\/fusion_builder_row][\/fusion_builder_container]<\/p>\n","protected":false},"author":5,"featured_media":0,"parent":8381,"menu_order":0,"comment_status":"closed","ping_status":"closed","template":"page-parcours-article.php","meta":{"footnotes":""},"class_list":["post-8385","page","type-page","status-publish","hentry"],"yoast_head":"<!-- This site is optimized with the Yoast SEO Premium plugin v23.4 (Yoast SEO v27.5) - https:\/\/yoast.com\/product\/yoast-seo-premium-wordpress\/ -->\n<title>Accidents de sport - Avocat indemnisation de victimes<\/title>\n<meta name=\"robots\" content=\"index, follow, max-snippet:-1, max-image-preview:large, max-video-preview:-1\" \/>\n<link rel=\"canonical\" href=\"https:\/\/guillermou-avocats.fr\/fr\/parcours\/choix\/je-suis-victime-representant\/accidents-de-sport\" \/>\n<meta property=\"og:locale\" content=\"fr_FR\" \/>\n<meta property=\"og:type\" content=\"article\" \/>\n<meta property=\"og:title\" content=\"Accidents de sport - Avocat indemnisation de victimes\" \/>\n<meta property=\"og:description\" content=\"[\/fusion_text][\/fusion_builder_column][\/fusion_builder_row][\/fusion_builder_container]\" \/>\n<meta property=\"og:url\" content=\"https:\/\/guillermou-avocats.fr\/fr\/parcours\/choix\/je-suis-victime-representant\/accidents-de-sport\" \/>\n<meta property=\"og:site_name\" content=\"Avocat indemnisation de victimes\" \/>\n<meta property=\"article:publisher\" content=\"https:\/\/www.facebook.com\/emericguillermou\/\" \/>\n<meta property=\"article:modified_time\" content=\"2023-07-25T15:20:08+00:00\" \/>\n<meta name=\"twitter:card\" content=\"summary_large_image\" \/>\n<meta name=\"twitter:site\" content=\"@eguillermou\" \/>\n<meta name=\"twitter:label1\" content=\"Dur\u00e9e de lecture estim\u00e9e\" \/>\n\t<meta name=\"twitter:data1\" content=\"3 minutes\" \/>\n<script type=\"application\/ld+json\" class=\"yoast-schema-graph\">{\"@context\":\"https:\\\/\\\/schema.org\",\"@graph\":[{\"@type\":\"WebPage\",\"@id\":\"https:\\\/\\\/guillermou-avocats.fr\\\/fr\\\/parcours\\\/choix\\\/je-suis-victime-representant\\\/accidents-de-sport\",\"url\":\"https:\\\/\\\/guillermou-avocats.fr\\\/fr\\\/parcours\\\/choix\\\/je-suis-victime-representant\\\/accidents-de-sport\",\"name\":\"Accidents de sport - Avocat indemnisation de victimes\",\"isPartOf\":{\"@id\":\"https:\\\/\\\/proxima2023.okoumea.com\\\/fr\\\/#website\"},\"datePublished\":\"2023-07-25T08:51:48+00:00\",\"dateModified\":\"2023-07-25T15:20:08+00:00\",\"breadcrumb\":{\"@id\":\"https:\\\/\\\/guillermou-avocats.fr\\\/fr\\\/parcours\\\/choix\\\/je-suis-victime-representant\\\/accidents-de-sport#breadcrumb\"},\"inLanguage\":\"fr-FR\",\"potentialAction\":[{\"@type\":\"ReadAction\",\"target\":[\"https:\\\/\\\/guillermou-avocats.fr\\\/fr\\\/parcours\\\/choix\\\/je-suis-victime-representant\\\/accidents-de-sport\"]}]},{\"@type\":\"BreadcrumbList\",\"@id\":\"https:\\\/\\\/guillermou-avocats.fr\\\/fr\\\/parcours\\\/choix\\\/je-suis-victime-representant\\\/accidents-de-sport#breadcrumb\",\"itemListElement\":[{\"@type\":\"ListItem\",\"position\":1,\"name\":\"parcours\",\"item\":\"https:\\\/\\\/guillermou-avocats.fr\\\/fr\\\/parcours\"},{\"@type\":\"ListItem\",\"position\":2,\"name\":\"choix\",\"item\":\"https:\\\/\\\/guillermou-avocats.fr\\\/fr\\\/parcours\\\/choix\"},{\"@type\":\"ListItem\",\"position\":3,\"name\":\"Je suis victime\\\/repr\u00e9sentant\",\"item\":\"https:\\\/\\\/guillermou-avocats.fr\\\/fr\\\/parcours\\\/choix\\\/je-suis-victime-representant\"},{\"@type\":\"ListItem\",\"position\":4,\"name\":\"Accidents de sport\"}]},{\"@type\":\"WebSite\",\"@id\":\"https:\\\/\\\/proxima2023.okoumea.com\\\/fr\\\/#website\",\"url\":\"https:\\\/\\\/proxima2023.okoumea.com\\\/fr\\\/\",\"name\":\"Proxima - Avocats indemnisation de victimes\",\"description\":\"Chaque jour est un nouveau cap \u00e0 franchir ensemble\",\"publisher\":{\"@id\":\"https:\\\/\\\/proxima2023.okoumea.com\\\/fr\\\/#organization\"},\"potentialAction\":[{\"@type\":\"SearchAction\",\"target\":{\"@type\":\"EntryPoint\",\"urlTemplate\":\"https:\\\/\\\/proxima2023.okoumea.com\\\/fr\\\/?s={search_term_string}\"},\"query-input\":{\"@type\":\"PropertyValueSpecification\",\"valueRequired\":true,\"valueName\":\"search_term_string\"}}],\"inLanguage\":\"fr-FR\"},{\"@type\":\"Organization\",\"@id\":\"https:\\\/\\\/proxima2023.okoumea.com\\\/fr\\\/#organization\",\"name\":\"CABINET PROXIMA GUILLERMOU AVOCATS\",\"url\":\"https:\\\/\\\/proxima2023.okoumea.com\\\/fr\\\/\",\"logo\":{\"@type\":\"ImageObject\",\"inLanguage\":\"fr-FR\",\"@id\":\"https:\\\/\\\/proxima2023.okoumea.com\\\/fr\\\/#\\\/schema\\\/logo\\\/image\\\/\",\"url\":\"https:\\\/\\\/guillermou-avocats.fr\\\/wp-content\\\/uploads\\\/2024\\\/08\\\/2Fichier-12ProximaLogox1.png\",\"contentUrl\":\"https:\\\/\\\/guillermou-avocats.fr\\\/wp-content\\\/uploads\\\/2024\\\/08\\\/2Fichier-12ProximaLogox1.png\",\"width\":836,\"height\":825,\"caption\":\"CABINET PROXIMA GUILLERMOU AVOCATS\"},\"image\":{\"@id\":\"https:\\\/\\\/proxima2023.okoumea.com\\\/fr\\\/#\\\/schema\\\/logo\\\/image\\\/\"},\"sameAs\":[\"https:\\\/\\\/www.facebook.com\\\/emericguillermou\\\/\",\"https:\\\/\\\/x.com\\\/eguillermou\",\"https:\\\/\\\/fr.linkedin.com\\\/in\\\/emeric-guillermou-6a4b9bb6\",\"https:\\\/\\\/www.youtube.com\\\/@emericguillermou9412\"]}]}<\/script>\n<!-- \/ Yoast SEO Premium plugin. -->","yoast_head_json":{"title":"Accidents de sport - Avocat indemnisation de victimes","robots":{"index":"index","follow":"follow","max-snippet":"max-snippet:-1","max-image-preview":"max-image-preview:large","max-video-preview":"max-video-preview:-1"},"canonical":"https:\/\/guillermou-avocats.fr\/fr\/parcours\/choix\/je-suis-victime-representant\/accidents-de-sport","og_locale":"fr_FR","og_type":"article","og_title":"Accidents de sport - Avocat indemnisation de victimes","og_description":"[\/fusion_text][\/fusion_builder_column][\/fusion_builder_row][\/fusion_builder_container]","og_url":"https:\/\/guillermou-avocats.fr\/fr\/parcours\/choix\/je-suis-victime-representant\/accidents-de-sport","og_site_name":"Avocat indemnisation de victimes","article_publisher":"https:\/\/www.facebook.com\/emericguillermou\/","article_modified_time":"2023-07-25T15:20:08+00:00","twitter_card":"summary_large_image","twitter_site":"@eguillermou","twitter_misc":{"Dur\u00e9e de lecture estim\u00e9e":"3 minutes"},"schema":{"@context":"https:\/\/schema.org","@graph":[{"@type":"WebPage","@id":"https:\/\/guillermou-avocats.fr\/fr\/parcours\/choix\/je-suis-victime-representant\/accidents-de-sport","url":"https:\/\/guillermou-avocats.fr\/fr\/parcours\/choix\/je-suis-victime-representant\/accidents-de-sport","name":"Accidents de sport - Avocat indemnisation de victimes","isPartOf":{"@id":"https:\/\/proxima2023.okoumea.com\/fr\/#website"},"datePublished":"2023-07-25T08:51:48+00:00","dateModified":"2023-07-25T15:20:08+00:00","breadcrumb":{"@id":"https:\/\/guillermou-avocats.fr\/fr\/parcours\/choix\/je-suis-victime-representant\/accidents-de-sport#breadcrumb"},"inLanguage":"fr-FR","potentialAction":[{"@type":"ReadAction","target":["https:\/\/guillermou-avocats.fr\/fr\/parcours\/choix\/je-suis-victime-representant\/accidents-de-sport"]}]},{"@type":"BreadcrumbList","@id":"https:\/\/guillermou-avocats.fr\/fr\/parcours\/choix\/je-suis-victime-representant\/accidents-de-sport#breadcrumb","itemListElement":[{"@type":"ListItem","position":1,"name":"parcours","item":"https:\/\/guillermou-avocats.fr\/fr\/parcours"},{"@type":"ListItem","position":2,"name":"choix","item":"https:\/\/guillermou-avocats.fr\/fr\/parcours\/choix"},{"@type":"ListItem","position":3,"name":"Je suis victime\/repr\u00e9sentant","item":"https:\/\/guillermou-avocats.fr\/fr\/parcours\/choix\/je-suis-victime-representant"},{"@type":"ListItem","position":4,"name":"Accidents de sport"}]},{"@type":"WebSite","@id":"https:\/\/proxima2023.okoumea.com\/fr\/#website","url":"https:\/\/proxima2023.okoumea.com\/fr\/","name":"Proxima - Avocats indemnisation de victimes","description":"Chaque jour est un nouveau cap \u00e0 franchir ensemble","publisher":{"@id":"https:\/\/proxima2023.okoumea.com\/fr\/#organization"},"potentialAction":[{"@type":"SearchAction","target":{"@type":"EntryPoint","urlTemplate":"https:\/\/proxima2023.okoumea.com\/fr\/?s={search_term_string}"},"query-input":{"@type":"PropertyValueSpecification","valueRequired":true,"valueName":"search_term_string"}}],"inLanguage":"fr-FR"},{"@type":"Organization","@id":"https:\/\/proxima2023.okoumea.com\/fr\/#organization","name":"CABINET PROXIMA GUILLERMOU AVOCATS","url":"https:\/\/proxima2023.okoumea.com\/fr\/","logo":{"@type":"ImageObject","inLanguage":"fr-FR","@id":"https:\/\/proxima2023.okoumea.com\/fr\/#\/schema\/logo\/image\/","url":"https:\/\/guillermou-avocats.fr\/wp-content\/uploads\/2024\/08\/2Fichier-12ProximaLogox1.png","contentUrl":"https:\/\/guillermou-avocats.fr\/wp-content\/uploads\/2024\/08\/2Fichier-12ProximaLogox1.png","width":836,"height":825,"caption":"CABINET PROXIMA GUILLERMOU AVOCATS"},"image":{"@id":"https:\/\/proxima2023.okoumea.com\/fr\/#\/schema\/logo\/image\/"},"sameAs":["https:\/\/www.facebook.com\/emericguillermou\/","https:\/\/x.com\/eguillermou","https:\/\/fr.linkedin.com\/in\/emeric-guillermou-6a4b9bb6","https:\/\/www.youtube.com\/@emericguillermou9412"]}]}},"_links":{"self":[{"href":"https:\/\/guillermou-avocats.fr\/fr\/wp-json\/wp\/v2\/pages\/8385","targetHints":{"allow":["GET"]}}],"collection":[{"href":"https:\/\/guillermou-avocats.fr\/fr\/wp-json\/wp\/v2\/pages"}],"about":[{"href":"https:\/\/guillermou-avocats.fr\/fr\/wp-json\/wp\/v2\/types\/page"}],"author":[{"embeddable":true,"href":"https:\/\/guillermou-avocats.fr\/fr\/wp-json\/wp\/v2\/users\/5"}],"replies":[{"embeddable":true,"href":"https:\/\/guillermou-avocats.fr\/fr\/wp-json\/wp\/v2\/comments?post=8385"}],"version-history":[{"count":3,"href":"https:\/\/guillermou-avocats.fr\/fr\/wp-json\/wp\/v2\/pages\/8385\/revisions"}],"predecessor-version":[{"id":8476,"href":"https:\/\/guillermou-avocats.fr\/fr\/wp-json\/wp\/v2\/pages\/8385\/revisions\/8476"}],"up":[{"embeddable":true,"href":"https:\/\/guillermou-avocats.fr\/fr\/wp-json\/wp\/v2\/pages\/8381"}],"wp:attachment":[{"href":"https:\/\/guillermou-avocats.fr\/fr\/wp-json\/wp\/v2\/media?parent=8385"}],"curies":[{"name":"wp","href":"https:\/\/api.w.org\/{rel}","templated":true}]}}