{"id":7773,"date":"2020-11-13T10:46:58","date_gmt":"2020-11-13T09:46:58","guid":{"rendered":"https:\/\/guillermou-avocats.fr\/?page_id=7773"},"modified":"2020-11-13T10:46:58","modified_gmt":"2020-11-13T09:46:58","slug":"victimes-dattentats","status":"publish","type":"page","link":"https:\/\/guillermou-avocats.fr\/fr\/indemnisation-prejudice\/victimes-dattentats","title":{"rendered":"Victimes d&rsquo;attentats"},"content":{"rendered":"<div class=\"fusion-fullwidth fullwidth-box nonhundred-percent-fullwidth non-hundred-percent-height-scrolling\"  style='background-color: rgba(255,255,255,0);background-position: center center;background-repeat: no-repeat;padding-top:0px;padding-right:0px;padding-bottom:0px;padding-left:0px;'><div class=\"fusion-builder-row fusion-row \"><div  class=\"fusion-layout-column fusion_builder_column fusion_builder_column_1_1  fusion-one-full fusion-column-first fusion-column-last 1_1\"  style='margin-top:0px;margin-bottom:20px;'>\n\t\t\t\t\t<div class=\"fusion-column-wrapper\" style=\"padding: 0px 0px 0px 0px;background-position:left top;background-repeat:no-repeat;-webkit-background-size:cover;-moz-background-size:cover;-o-background-size:cover;background-size:cover;\"  data-bg-url=\"\">\n\t\t\t\t\t\t<div class=\"fusion-text\"><h2>Victime d&rsquo;attentat<\/h2>\n<p>\u00catre victime d\u2019un attentat cause de nombreux traumatismes. Faire valoir son droit \u00e0 la <a href=\"https:\/\/guillermou-avocats.fr\/indemnisation-prejudice\">r\u00e9paration int\u00e9grale des pr\u00e9judices<\/a> physiques, moraux, psychologiques et \u00e9conomiques cons\u00e9cutifs \u00e0 une <a href=\"https:\/\/www.legifrance.gouv.fr\/codes\/article_lc\/LEGIARTI000023712838\/2011-12-04\">attaque terroriste<\/a> rel\u00e8ve de la solidarit\u00e9 nationale.<\/p>\n<p>Le <a href=\"https:\/\/guillermou-avocats.fr\/lexique-juridique\/fonds-de-garantie-des-victimes-des-actes-de-terrorisme-et-dautres-infractionsfgti\">Fonds de Garantie des Victimes des actes de terrorisme et d&rsquo;autres Infractions (FGTI)<\/a> est charg\u00e9 d\u2019indemniser les victimes d\u2019actes de terrorisme. Pour autant il faut constituer un dossier avec des justificatifs pour solliciter cette demande d\u2019indemnisation. Les <a href=\"https:\/\/guillermou-avocats.fr\/droits-victime\">victimes<\/a> disposent d\u2019un d\u00e9lai de 10 ans\u00a0\u00e0 compter de la <a href=\"https:\/\/guillermou-avocats.fr\/lexique-juridique\/id-131-consolidation\">consolidation<\/a> de leurs blessures pour saisir le fonds de garantie.<\/p>\n<p><strong><em>Notre cabinet vous accompagne dans toutes vos d\u00e9marches pour faire valoir vos droits \u00e0 une juste indemnisation.<\/em><\/strong><\/p>\n<h3><strong>Qu\u2019est-ce qu\u2019une victime d\u2019attentat\u00a0? <\/strong><\/h3>\n<p>Toute personne qui subit une tentative d\u2019assassinat en lien avec une entreprise terroriste quelle que soit la nature de ses s\u00e9quelles (blessures physiques, psychiques ou d\u00e9c\u00e8s) peut \u00eatre qualifi\u00e9e de victime d\u2019attentat.<\/p>\n<p>D\u2019autre part, toute personne qui, n\u2019ayant pas \u00e9t\u00e9 directement expos\u00e9e au danger, pr\u00e9sente un traumatisme psychique en lien avec l\u2019attentat ayant n\u00e9cessit\u00e9 des soins peut \u00eatre indemnis\u00e9e \u00e0 titre d\u00e9rogatoire.<\/p>\n<p>Cet acte tr\u00e8s violent et soudain peut causer de\u00a0nombreuses souffrances \u00e0 la victime et ses proches et implique des soins physiques et psychiques adapt\u00e9s.<\/p>\n<h2><strong>Quelle proc\u00e9dure d\u2019indemnisation\u00a0? <\/strong><\/h2>\n<p>Le Fonds de Garantie indemnise toute victime, quelle que soit sa nationalit\u00e9 si l\u2019acte de terrorisme est survenu en France. Si l\u2019acte de terrorisme a lieu \u00e0 l\u2019\u00e9tranger, l\u2019ensemble des victimes fran\u00e7aises peuvent \u00eatre indemnis\u00e9es\u00a0(m\u00eame s\u2019il s\u2019agit de l\u2019ayant-droit fran\u00e7ais d\u2019une victime \u00e9trang\u00e8re).<\/p>\n<h3>Demande de provision sur indemnisation<\/h3>\n<p>Une fois la demande effectu\u00e9e aupr\u00e8s du FGTI, une provision doit \u00eatre allou\u00e9e au demandeur dans le d\u00e9lai d\u2019un mois \u00e0 la r\u00e9ception de la demande.<\/p>\n<h3>Offre d\u2019indemnisation<\/h3>\n<p>Une <a href=\"https:\/\/guillermou-avocats.fr\/lexique-juridique\/offre-dindemnite\">offre d\u2019indemnisation<\/a> est ensuite effectu\u00e9e dans un d\u00e9lai de trois mois \u00e0 compter du jour o\u00f9 le Fond de Garantie a re\u00e7u l\u2019ensemble des justificatifs des indemnisations sollicit\u00e9es. Les contestations concernant l\u2019indemnisation sont centralis\u00e9es par la JIVAT (Juridiction de l\u2019Indemnisation des Victimes d\u2019Actes de Terrorisme).<\/p>\n<p>L\u2019intervention d\u2019un avocat peut s\u2019av\u00e9rer indispensable pour actionner le FGTI.<\/p>\n<h2><strong>Indemnisation des victimes directes bless\u00e9es<\/strong><\/h2>\n<p>Si vous \u00eates victime d\u2019un attentat terroriste, une demande d\u2019indemnisation devra \u00eatre formul\u00e9e aupr\u00e8s du FGTI qui se chargera d\u2019organiser une <a href=\"https:\/\/guillermou-avocats.fr\/expertise-medicale\">expertise m\u00e9dicale<\/a>. Cette expertise permettra de d\u00e9finir l\u2019\u00e9tendue du <a href=\"https:\/\/guillermou-avocats.fr\/lexique-juridique\/id-127-prejudice-corporel\">pr\u00e9judice<\/a> subi.<\/p>\n<p>Les experts \u00e9valueront les diff\u00e9rents postes de pr\u00e9judices sur la base de la <a href=\"https:\/\/guillermou-avocats.fr\/lexique-juridique\/id-103-nomenclature-dite-dintilhac\">nomenclature Dintilhac<\/a>.<\/p>\n<p>Les victimes d\u2019actes de terrorisme peuvent solliciter des pr\u00e9judices sp\u00e9cifiques\u00a0:<\/p>\n<ul>\n<li>le <a href=\"https:\/\/guillermou-avocats.fr\/lexique-juridique\/id-212-prejudices-permanents-exceptionnels\">pr\u00e9judice exceptionnel<\/a> sp\u00e9cifique permanent aux victimes de terrorisme (PESVT)<\/li>\n<li>le <a href=\"https:\/\/guillermou-avocats.fr\/actualites\/id-122-indemnisation-du-prejudice-d-angoisse\">pr\u00e9judice d\u2019angoisse<\/a> de mort imminente<\/li>\n<li>le pr\u00e9judice d\u2019attente et d\u2019inqui\u00e9tude des proches<\/li>\n<\/ul>\n<p>L\u2019expertise, diligent\u00e9e par le Fonds de Garantie, est r\u00e9alis\u00e9e par un expert qui proc\u00e8de \u00e0 un examen clinique et \u00e0 un \u00e9change avec la victime, son m\u00e9decin conseil et son avocat.<\/p>\n<p>Il est indispensable de vous faire accompagner de votre propre m\u00e9decin de recours et de votre avocat pour obtenir une juste \u00e9valuation de vos pr\u00e9judices, dans le respect du principe du contradictoire.<\/p>\n<h2><strong>Indemnisation des victimes par ricochet<\/strong><\/h2>\n<p>Les proches des victimes dites <a href=\"https:\/\/guillermou-avocats.fr\/lexique-juridique\/id-227-victime-par-ricochet-ou-victime-indirecte\">victimes par ricochet<\/a> peuvent aussi obtenir une indemnisation de leurs pr\u00e9judices par le Fonds de Garantie, m\u00eame en cas de survie de la victime directe. Ces proches pourront \u00e9galement, dans certains cas, b\u00e9n\u00e9ficier d\u2019une expertise m\u00e9dicale.<\/p>\n<p>L\u2019avocat joue alors un r\u00f4le primordial tant dans la constitution d\u2019un dossier complet que dans les d\u00e9marches visant \u00e0 obtenir une juste indemnisation. Il met \u00e0 profit son exp\u00e9rience et ses comp\u00e9tences techniques et vous offre un accompagnement personnalis\u00e9.<\/p>\n<blockquote class=\"td_quote_box td_box_left\">\n<p>Notre cabinet d\u2019avocat SELARL Proxima vous accompagne, que vous soyez une victime directe ou indirecte (famille, entourage). Nous vous proposons de prendre un <a href=\"https:\/\/guillermou-avocats.fr\/contact-avocat-toulon\">\u00a0premier rendez-vous gratuitement<\/a> dans notre cabinet.<\/p>\n<\/blockquote>\n<\/div><div class=\"fusion-clearfix\"><\/div>\n\n\t\t\t\t\t<\/div>\n\t\t\t\t<\/div><\/div><\/div>\n","protected":false},"excerpt":{"rendered":"","protected":false},"author":2,"featured_media":0,"parent":1243,"menu_order":0,"comment_status":"closed","ping_status":"closed","template":"","meta":{"footnotes":""},"class_list":["post-7773","page","type-page","status-publish","hentry"],"yoast_head":"<!-- This site is optimized with the Yoast SEO Premium plugin v23.4 (Yoast SEO v27.3) - https:\/\/yoast.com\/product\/yoast-seo-premium-wordpress\/ -->\n<title>Victimes d&#039;attentats - Avocat indemnisation de victimes<\/title>\n<meta name=\"robots\" content=\"index, follow, max-snippet:-1, max-image-preview:large, max-video-preview:-1\" \/>\n<link rel=\"canonical\" href=\"https:\/\/proxima2023.okoumea.com\/fr\/indemnisation-prejudice\/victimes-dattentats\" \/>\n<meta property=\"og:locale\" content=\"fr_FR\" \/>\n<meta property=\"og:type\" content=\"article\" \/>\n<meta property=\"og:title\" content=\"Victimes d&#039;attentats - Avocat indemnisation de victimes\" \/>\n<meta property=\"og:url\" content=\"https:\/\/proxima2023.okoumea.com\/fr\/indemnisation-prejudice\/victimes-dattentats\" \/>\n<meta property=\"og:site_name\" content=\"Avocat indemnisation de victimes\" \/>\n<meta property=\"article:publisher\" content=\"https:\/\/www.facebook.com\/emericguillermou\/\" \/>\n<meta name=\"twitter:card\" content=\"summary_large_image\" \/>\n<meta name=\"twitter:site\" content=\"@eguillermou\" \/>\n<meta name=\"twitter:label1\" content=\"Dur\u00e9e de lecture estim\u00e9e\" \/>\n\t<meta name=\"twitter:data1\" content=\"5 minutes\" \/>\n<script type=\"application\/ld+json\" class=\"yoast-schema-graph\">{\"@context\":\"https:\\\/\\\/schema.org\",\"@graph\":[{\"@type\":\"WebPage\",\"@id\":\"https:\\\/\\\/proxima2023.okoumea.com\\\/fr\\\/indemnisation-prejudice\\\/victimes-dattentats\",\"url\":\"https:\\\/\\\/proxima2023.okoumea.com\\\/fr\\\/indemnisation-prejudice\\\/victimes-dattentats\",\"name\":\"Victimes d'attentats - Avocat indemnisation de victimes\",\"isPartOf\":{\"@id\":\"https:\\\/\\\/proxima2023.okoumea.com\\\/fr\\\/#website\"},\"datePublished\":\"2020-11-13T09:46:58+00:00\",\"breadcrumb\":{\"@id\":\"https:\\\/\\\/proxima2023.okoumea.com\\\/fr\\\/indemnisation-prejudice\\\/victimes-dattentats#breadcrumb\"},\"inLanguage\":\"fr-FR\",\"potentialAction\":[{\"@type\":\"ReadAction\",\"target\":[\"https:\\\/\\\/proxima2023.okoumea.com\\\/fr\\\/indemnisation-prejudice\\\/victimes-dattentats\"]}]},{\"@type\":\"BreadcrumbList\",\"@id\":\"https:\\\/\\\/proxima2023.okoumea.com\\\/fr\\\/indemnisation-prejudice\\\/victimes-dattentats#breadcrumb\",\"itemListElement\":[{\"@type\":\"ListItem\",\"position\":1,\"name\":\"Indemnisation du pr\u00e9judice\",\"item\":\"https:\\\/\\\/proxima2023.okoumea.com\\\/fr\\\/indemnisation-prejudice\"},{\"@type\":\"ListItem\",\"position\":2,\"name\":\"Victimes d&rsquo;attentats\"}]},{\"@type\":\"WebSite\",\"@id\":\"https:\\\/\\\/proxima2023.okoumea.com\\\/fr\\\/#website\",\"url\":\"https:\\\/\\\/proxima2023.okoumea.com\\\/fr\\\/\",\"name\":\"Proxima - Avocats indemnisation de victimes\",\"description\":\"Chaque jour est un nouveau cap \u00e0 franchir ensemble\",\"publisher\":{\"@id\":\"https:\\\/\\\/proxima2023.okoumea.com\\\/fr\\\/#organization\"},\"potentialAction\":[{\"@type\":\"SearchAction\",\"target\":{\"@type\":\"EntryPoint\",\"urlTemplate\":\"https:\\\/\\\/proxima2023.okoumea.com\\\/fr\\\/?s={search_term_string}\"},\"query-input\":{\"@type\":\"PropertyValueSpecification\",\"valueRequired\":true,\"valueName\":\"search_term_string\"}}],\"inLanguage\":\"fr-FR\"},{\"@type\":\"Organization\",\"@id\":\"https:\\\/\\\/proxima2023.okoumea.com\\\/fr\\\/#organization\",\"name\":\"CABINET PROXIMA GUILLERMOU AVOCATS\",\"url\":\"https:\\\/\\\/proxima2023.okoumea.com\\\/fr\\\/\",\"logo\":{\"@type\":\"ImageObject\",\"inLanguage\":\"fr-FR\",\"@id\":\"https:\\\/\\\/proxima2023.okoumea.com\\\/fr\\\/#\\\/schema\\\/logo\\\/image\\\/\",\"url\":\"https:\\\/\\\/guillermou-avocats.fr\\\/wp-content\\\/uploads\\\/2024\\\/08\\\/2Fichier-12ProximaLogox1.png\",\"contentUrl\":\"https:\\\/\\\/guillermou-avocats.fr\\\/wp-content\\\/uploads\\\/2024\\\/08\\\/2Fichier-12ProximaLogox1.png\",\"width\":836,\"height\":825,\"caption\":\"CABINET PROXIMA GUILLERMOU AVOCATS\"},\"image\":{\"@id\":\"https:\\\/\\\/proxima2023.okoumea.com\\\/fr\\\/#\\\/schema\\\/logo\\\/image\\\/\"},\"sameAs\":[\"https:\\\/\\\/www.facebook.com\\\/emericguillermou\\\/\",\"https:\\\/\\\/x.com\\\/eguillermou\",\"https:\\\/\\\/fr.linkedin.com\\\/in\\\/emeric-guillermou-6a4b9bb6\",\"https:\\\/\\\/www.youtube.com\\\/@emericguillermou9412\"]}]}<\/script>\n<!-- \/ Yoast SEO Premium plugin. -->","yoast_head_json":{"title":"Victimes d'attentats - Avocat indemnisation de victimes","robots":{"index":"index","follow":"follow","max-snippet":"max-snippet:-1","max-image-preview":"max-image-preview:large","max-video-preview":"max-video-preview:-1"},"canonical":"https:\/\/proxima2023.okoumea.com\/fr\/indemnisation-prejudice\/victimes-dattentats","og_locale":"fr_FR","og_type":"article","og_title":"Victimes d'attentats - Avocat indemnisation de victimes","og_url":"https:\/\/proxima2023.okoumea.com\/fr\/indemnisation-prejudice\/victimes-dattentats","og_site_name":"Avocat indemnisation de victimes","article_publisher":"https:\/\/www.facebook.com\/emericguillermou\/","twitter_card":"summary_large_image","twitter_site":"@eguillermou","twitter_misc":{"Dur\u00e9e de lecture estim\u00e9e":"5 minutes"},"schema":{"@context":"https:\/\/schema.org","@graph":[{"@type":"WebPage","@id":"https:\/\/proxima2023.okoumea.com\/fr\/indemnisation-prejudice\/victimes-dattentats","url":"https:\/\/proxima2023.okoumea.com\/fr\/indemnisation-prejudice\/victimes-dattentats","name":"Victimes d'attentats - Avocat indemnisation de victimes","isPartOf":{"@id":"https:\/\/proxima2023.okoumea.com\/fr\/#website"},"datePublished":"2020-11-13T09:46:58+00:00","breadcrumb":{"@id":"https:\/\/proxima2023.okoumea.com\/fr\/indemnisation-prejudice\/victimes-dattentats#breadcrumb"},"inLanguage":"fr-FR","potentialAction":[{"@type":"ReadAction","target":["https:\/\/proxima2023.okoumea.com\/fr\/indemnisation-prejudice\/victimes-dattentats"]}]},{"@type":"BreadcrumbList","@id":"https:\/\/proxima2023.okoumea.com\/fr\/indemnisation-prejudice\/victimes-dattentats#breadcrumb","itemListElement":[{"@type":"ListItem","position":1,"name":"Indemnisation du pr\u00e9judice","item":"https:\/\/proxima2023.okoumea.com\/fr\/indemnisation-prejudice"},{"@type":"ListItem","position":2,"name":"Victimes d&rsquo;attentats"}]},{"@type":"WebSite","@id":"https:\/\/proxima2023.okoumea.com\/fr\/#website","url":"https:\/\/proxima2023.okoumea.com\/fr\/","name":"Proxima - Avocats indemnisation de victimes","description":"Chaque jour est un nouveau cap \u00e0 franchir ensemble","publisher":{"@id":"https:\/\/proxima2023.okoumea.com\/fr\/#organization"},"potentialAction":[{"@type":"SearchAction","target":{"@type":"EntryPoint","urlTemplate":"https:\/\/proxima2023.okoumea.com\/fr\/?s={search_term_string}"},"query-input":{"@type":"PropertyValueSpecification","valueRequired":true,"valueName":"search_term_string"}}],"inLanguage":"fr-FR"},{"@type":"Organization","@id":"https:\/\/proxima2023.okoumea.com\/fr\/#organization","name":"CABINET PROXIMA GUILLERMOU AVOCATS","url":"https:\/\/proxima2023.okoumea.com\/fr\/","logo":{"@type":"ImageObject","inLanguage":"fr-FR","@id":"https:\/\/proxima2023.okoumea.com\/fr\/#\/schema\/logo\/image\/","url":"https:\/\/guillermou-avocats.fr\/wp-content\/uploads\/2024\/08\/2Fichier-12ProximaLogox1.png","contentUrl":"https:\/\/guillermou-avocats.fr\/wp-content\/uploads\/2024\/08\/2Fichier-12ProximaLogox1.png","width":836,"height":825,"caption":"CABINET PROXIMA GUILLERMOU AVOCATS"},"image":{"@id":"https:\/\/proxima2023.okoumea.com\/fr\/#\/schema\/logo\/image\/"},"sameAs":["https:\/\/www.facebook.com\/emericguillermou\/","https:\/\/x.com\/eguillermou","https:\/\/fr.linkedin.com\/in\/emeric-guillermou-6a4b9bb6","https:\/\/www.youtube.com\/@emericguillermou9412"]}]}},"_links":{"self":[{"href":"https:\/\/guillermou-avocats.fr\/fr\/wp-json\/wp\/v2\/pages\/7773","targetHints":{"allow":["GET"]}}],"collection":[{"href":"https:\/\/guillermou-avocats.fr\/fr\/wp-json\/wp\/v2\/pages"}],"about":[{"href":"https:\/\/guillermou-avocats.fr\/fr\/wp-json\/wp\/v2\/types\/page"}],"author":[{"embeddable":true,"href":"https:\/\/guillermou-avocats.fr\/fr\/wp-json\/wp\/v2\/users\/2"}],"replies":[{"embeddable":true,"href":"https:\/\/guillermou-avocats.fr\/fr\/wp-json\/wp\/v2\/comments?post=7773"}],"version-history":[{"count":3,"href":"https:\/\/guillermou-avocats.fr\/fr\/wp-json\/wp\/v2\/pages\/7773\/revisions"}],"predecessor-version":[{"id":7780,"href":"https:\/\/guillermou-avocats.fr\/fr\/wp-json\/wp\/v2\/pages\/7773\/revisions\/7780"}],"up":[{"embeddable":true,"href":"https:\/\/guillermou-avocats.fr\/fr\/wp-json\/wp\/v2\/pages\/1243"}],"wp:attachment":[{"href":"https:\/\/guillermou-avocats.fr\/fr\/wp-json\/wp\/v2\/media?parent=7773"}],"curies":[{"name":"wp","href":"https:\/\/api.w.org\/{rel}","templated":true}]}}