{"id":4867,"date":"2018-01-09T15:35:41","date_gmt":"2018-01-09T14:35:41","guid":{"rendered":"https:\/\/guillermou-avocats.fr\/?page_id=4867"},"modified":"2024-05-17T10:07:44","modified_gmt":"2024-05-17T08:07:44","slug":"cabinet","status":"publish","type":"page","link":"https:\/\/guillermou-avocats.fr\/fr\/cabinet","title":{"rendered":"Le Cabinet"},"content":{"rendered":"<div class=\"fusion-fullwidth fullwidth-box bigFontSize nonhundred-percent-fullwidth non-hundred-percent-height-scrolling\"  style='background-color: rgba(255,255,255,0);background-position: center center;background-repeat: no-repeat;padding-top:0px;padding-right:0px;padding-bottom:0px;padding-left:0px;'><div class=\"fusion-builder-row fusion-row \"><div  class=\"fusion-layout-column fusion_builder_column fusion_builder_column_1_1  fusion-one-full fusion-column-first fusion-column-last 1_1\"  style='margin-top:0px;margin-bottom:0px;'>\n\t\t\t\t\t<div class=\"fusion-column-wrapper\" style=\"padding: 0px 0px 0px 0px;background-position:left top;background-repeat:no-repeat;-webkit-background-size:cover;-moz-background-size:cover;-o-background-size:cover;background-size:cover;\"  data-bg-url=\"\">\n\t\t\t\t\t\t<div class=\"fusion-text\"><p style=\"text-align: justify;\">Notre cabinet cr\u00e9\u00e9 en 1987 d\u00e9fend depuis plus de 30 ans les personnes en\u00a0situation de handicap moteur\u00a0ou\u00a0cognitif\u00a0sur toute la France m\u00e9tropolitaine et Outre-mer.<\/p>\n<p style=\"text-align: justify;\">Nous travaillons en synergie avec des r\u00e9seaux de comp\u00e9tence sp\u00e9cialis\u00e9s\u00a0et nous intervenons\u00a0pour d\u00e9fendre les\u00a0victimes d&rsquo;accidents de la circulation,\u00a0accidents de la vie,accidents de sport\u00a0ou\u00a0agressions&#8230;<\/p>\n<p style=\"text-align: justify;\">Acteurs impliqu\u00e9s aupr\u00e8s de nos clients, nous participons \u00e9galement\u00a0depuis des ann\u00e9es \u00e0 de nombreux groupes de r\u00e9flexion en amont du travail normatif visant \u00e0 am\u00e9liorer le droit des personnes en situation de handicap.<\/p>\n<\/div><div class=\"fusion-clearfix\"><\/div>\n\n\t\t\t\t\t<\/div>\n\t\t\t\t<\/div><\/div><\/div>\n","protected":false},"excerpt":{"rendered":"","protected":false},"author":2,"featured_media":0,"parent":0,"menu_order":0,"comment_status":"closed","ping_status":"closed","template":"","meta":{"footnotes":""},"class_list":["post-4867","page","type-page","status-publish","hentry"],"yoast_head":"<!-- This site is optimized with the Yoast SEO Premium plugin v23.4 (Yoast SEO v27.3) - https:\/\/yoast.com\/product\/yoast-seo-premium-wordpress\/ -->\n<title>Le Cabinet - Avocat indemnisation de victimes et handicap<\/title>\n<meta name=\"description\" content=\"Le cabinet Proxima d\u00e9fend les personnes en\u00a0situation de handicap moteur\u00a0ou\u00a0cognitif\u00a0sur toute la France m\u00e9tropolitaine et Outre-mer.\" \/>\n<meta name=\"robots\" content=\"index, follow, max-snippet:-1, max-image-preview:large, max-video-preview:-1\" \/>\n<link rel=\"canonical\" href=\"https:\/\/guillermou-avocats.fr\/fr\/cabinet\" \/>\n<meta property=\"og:locale\" content=\"fr_FR\" \/>\n<meta property=\"og:type\" content=\"article\" \/>\n<meta property=\"og:title\" content=\"Le Cabinet - Avocat indemnisation de victimes et handicap\" \/>\n<meta property=\"og:description\" content=\"Le cabinet Proxima d\u00e9fend les personnes en\u00a0situation de handicap moteur\u00a0ou\u00a0cognitif\u00a0sur toute la France m\u00e9tropolitaine et Outre-mer.\" \/>\n<meta property=\"og:url\" content=\"https:\/\/guillermou-avocats.fr\/fr\/cabinet\" \/>\n<meta property=\"og:site_name\" content=\"Avocat indemnisation de victimes\" \/>\n<meta property=\"article:publisher\" content=\"https:\/\/www.facebook.com\/emericguillermou\/\" \/>\n<meta property=\"article:modified_time\" content=\"2024-05-17T08:07:44+00:00\" \/>\n<meta name=\"twitter:card\" content=\"summary_large_image\" \/>\n<meta name=\"twitter:site\" content=\"@eguillermou\" \/>\n<meta name=\"twitter:label1\" content=\"Dur\u00e9e de lecture estim\u00e9e\" \/>\n\t<meta name=\"twitter:data1\" content=\"1 minute\" \/>\n<script type=\"application\/ld+json\" class=\"yoast-schema-graph\">{\"@context\":\"https:\\\/\\\/schema.org\",\"@graph\":[{\"@type\":\"WebPage\",\"@id\":\"https:\\\/\\\/guillermou-avocats.fr\\\/fr\\\/cabinet\",\"url\":\"https:\\\/\\\/guillermou-avocats.fr\\\/fr\\\/cabinet\",\"name\":\"Le Cabinet - Avocat indemnisation de victimes et handicap\",\"isPartOf\":{\"@id\":\"https:\\\/\\\/proxima2023.okoumea.com\\\/fr\\\/#website\"},\"datePublished\":\"2018-01-09T14:35:41+00:00\",\"dateModified\":\"2024-05-17T08:07:44+00:00\",\"description\":\"Le cabinet Proxima d\u00e9fend les personnes en\u00a0situation de handicap moteur\u00a0ou\u00a0cognitif\u00a0sur toute la France m\u00e9tropolitaine et Outre-mer.\",\"inLanguage\":\"fr-FR\",\"potentialAction\":[{\"@type\":\"ReadAction\",\"target\":[\"https:\\\/\\\/guillermou-avocats.fr\\\/fr\\\/cabinet\"]}]},{\"@type\":\"WebSite\",\"@id\":\"https:\\\/\\\/proxima2023.okoumea.com\\\/fr\\\/#website\",\"url\":\"https:\\\/\\\/proxima2023.okoumea.com\\\/fr\\\/\",\"name\":\"Proxima - Avocats indemnisation de victimes\",\"description\":\"Chaque jour est un nouveau cap \u00e0 franchir ensemble\",\"publisher\":{\"@id\":\"https:\\\/\\\/proxima2023.okoumea.com\\\/fr\\\/#organization\"},\"potentialAction\":[{\"@type\":\"SearchAction\",\"target\":{\"@type\":\"EntryPoint\",\"urlTemplate\":\"https:\\\/\\\/proxima2023.okoumea.com\\\/fr\\\/?s={search_term_string}\"},\"query-input\":{\"@type\":\"PropertyValueSpecification\",\"valueRequired\":true,\"valueName\":\"search_term_string\"}}],\"inLanguage\":\"fr-FR\"},{\"@type\":\"Organization\",\"@id\":\"https:\\\/\\\/proxima2023.okoumea.com\\\/fr\\\/#organization\",\"name\":\"CABINET PROXIMA GUILLERMOU AVOCATS\",\"url\":\"https:\\\/\\\/proxima2023.okoumea.com\\\/fr\\\/\",\"logo\":{\"@type\":\"ImageObject\",\"inLanguage\":\"fr-FR\",\"@id\":\"https:\\\/\\\/proxima2023.okoumea.com\\\/fr\\\/#\\\/schema\\\/logo\\\/image\\\/\",\"url\":\"https:\\\/\\\/guillermou-avocats.fr\\\/wp-content\\\/uploads\\\/2024\\\/08\\\/2Fichier-12ProximaLogox1.png\",\"contentUrl\":\"https:\\\/\\\/guillermou-avocats.fr\\\/wp-content\\\/uploads\\\/2024\\\/08\\\/2Fichier-12ProximaLogox1.png\",\"width\":836,\"height\":825,\"caption\":\"CABINET PROXIMA GUILLERMOU AVOCATS\"},\"image\":{\"@id\":\"https:\\\/\\\/proxima2023.okoumea.com\\\/fr\\\/#\\\/schema\\\/logo\\\/image\\\/\"},\"sameAs\":[\"https:\\\/\\\/www.facebook.com\\\/emericguillermou\\\/\",\"https:\\\/\\\/x.com\\\/eguillermou\",\"https:\\\/\\\/fr.linkedin.com\\\/in\\\/emeric-guillermou-6a4b9bb6\",\"https:\\\/\\\/www.youtube.com\\\/@emericguillermou9412\"]}]}<\/script>\n<!-- \/ Yoast SEO Premium plugin. -->","yoast_head_json":{"title":"Le Cabinet - Avocat indemnisation de victimes et handicap","description":"Le cabinet Proxima d\u00e9fend les personnes en\u00a0situation de handicap moteur\u00a0ou\u00a0cognitif\u00a0sur toute la France m\u00e9tropolitaine et Outre-mer.","robots":{"index":"index","follow":"follow","max-snippet":"max-snippet:-1","max-image-preview":"max-image-preview:large","max-video-preview":"max-video-preview:-1"},"canonical":"https:\/\/guillermou-avocats.fr\/fr\/cabinet","og_locale":"fr_FR","og_type":"article","og_title":"Le Cabinet - Avocat indemnisation de victimes et handicap","og_description":"Le cabinet Proxima d\u00e9fend les personnes en\u00a0situation de handicap moteur\u00a0ou\u00a0cognitif\u00a0sur toute la France m\u00e9tropolitaine et Outre-mer.","og_url":"https:\/\/guillermou-avocats.fr\/fr\/cabinet","og_site_name":"Avocat indemnisation de victimes","article_publisher":"https:\/\/www.facebook.com\/emericguillermou\/","article_modified_time":"2024-05-17T08:07:44+00:00","twitter_card":"summary_large_image","twitter_site":"@eguillermou","twitter_misc":{"Dur\u00e9e de lecture estim\u00e9e":"1 minute"},"schema":{"@context":"https:\/\/schema.org","@graph":[{"@type":"WebPage","@id":"https:\/\/guillermou-avocats.fr\/fr\/cabinet","url":"https:\/\/guillermou-avocats.fr\/fr\/cabinet","name":"Le Cabinet - Avocat indemnisation de victimes et handicap","isPartOf":{"@id":"https:\/\/proxima2023.okoumea.com\/fr\/#website"},"datePublished":"2018-01-09T14:35:41+00:00","dateModified":"2024-05-17T08:07:44+00:00","description":"Le cabinet Proxima d\u00e9fend les personnes en\u00a0situation de handicap moteur\u00a0ou\u00a0cognitif\u00a0sur toute la France m\u00e9tropolitaine et Outre-mer.","inLanguage":"fr-FR","potentialAction":[{"@type":"ReadAction","target":["https:\/\/guillermou-avocats.fr\/fr\/cabinet"]}]},{"@type":"WebSite","@id":"https:\/\/proxima2023.okoumea.com\/fr\/#website","url":"https:\/\/proxima2023.okoumea.com\/fr\/","name":"Proxima - Avocats indemnisation de victimes","description":"Chaque jour est un nouveau cap \u00e0 franchir ensemble","publisher":{"@id":"https:\/\/proxima2023.okoumea.com\/fr\/#organization"},"potentialAction":[{"@type":"SearchAction","target":{"@type":"EntryPoint","urlTemplate":"https:\/\/proxima2023.okoumea.com\/fr\/?s={search_term_string}"},"query-input":{"@type":"PropertyValueSpecification","valueRequired":true,"valueName":"search_term_string"}}],"inLanguage":"fr-FR"},{"@type":"Organization","@id":"https:\/\/proxima2023.okoumea.com\/fr\/#organization","name":"CABINET PROXIMA GUILLERMOU AVOCATS","url":"https:\/\/proxima2023.okoumea.com\/fr\/","logo":{"@type":"ImageObject","inLanguage":"fr-FR","@id":"https:\/\/proxima2023.okoumea.com\/fr\/#\/schema\/logo\/image\/","url":"https:\/\/guillermou-avocats.fr\/wp-content\/uploads\/2024\/08\/2Fichier-12ProximaLogox1.png","contentUrl":"https:\/\/guillermou-avocats.fr\/wp-content\/uploads\/2024\/08\/2Fichier-12ProximaLogox1.png","width":836,"height":825,"caption":"CABINET PROXIMA GUILLERMOU AVOCATS"},"image":{"@id":"https:\/\/proxima2023.okoumea.com\/fr\/#\/schema\/logo\/image\/"},"sameAs":["https:\/\/www.facebook.com\/emericguillermou\/","https:\/\/x.com\/eguillermou","https:\/\/fr.linkedin.com\/in\/emeric-guillermou-6a4b9bb6","https:\/\/www.youtube.com\/@emericguillermou9412"]}]}},"_links":{"self":[{"href":"https:\/\/guillermou-avocats.fr\/fr\/wp-json\/wp\/v2\/pages\/4867","targetHints":{"allow":["GET"]}}],"collection":[{"href":"https:\/\/guillermou-avocats.fr\/fr\/wp-json\/wp\/v2\/pages"}],"about":[{"href":"https:\/\/guillermou-avocats.fr\/fr\/wp-json\/wp\/v2\/types\/page"}],"author":[{"embeddable":true,"href":"https:\/\/guillermou-avocats.fr\/fr\/wp-json\/wp\/v2\/users\/2"}],"replies":[{"embeddable":true,"href":"https:\/\/guillermou-avocats.fr\/fr\/wp-json\/wp\/v2\/comments?post=4867"}],"version-history":[{"count":8,"href":"https:\/\/guillermou-avocats.fr\/fr\/wp-json\/wp\/v2\/pages\/4867\/revisions"}],"predecessor-version":[{"id":8521,"href":"https:\/\/guillermou-avocats.fr\/fr\/wp-json\/wp\/v2\/pages\/4867\/revisions\/8521"}],"wp:attachment":[{"href":"https:\/\/guillermou-avocats.fr\/fr\/wp-json\/wp\/v2\/media?parent=4867"}],"curies":[{"name":"wp","href":"https:\/\/api.w.org\/{rel}","templated":true}]}}