{"id":4168,"date":"2017-09-05T18:02:28","date_gmt":"2017-09-05T16:02:28","guid":{"rendered":"https:\/\/guillermou-avocats.fr\/?page_id=4168"},"modified":"2024-05-17T10:28:10","modified_gmt":"2024-05-17T08:28:10","slug":"mentions-legales","status":"publish","type":"page","link":"https:\/\/guillermou-avocats.fr\/fr\/mentions-legales","title":{"rendered":"Mentions L\u00e9gales"},"content":{"rendered":"<div class=\"fusion-fullwidth fullwidth-box nonhundred-percent-fullwidth non-hundred-percent-height-scrolling\"  style='background-color: rgba(255,255,255,0);background-position: center center;background-repeat: no-repeat;padding-top:0px;padding-right:0px;padding-bottom:0px;padding-left:0px;'><div class=\"fusion-builder-row fusion-row \"><div  class=\"fusion-layout-column fusion_builder_column fusion_builder_column_1_1  fusion-one-full fusion-column-first fusion-column-last bigFontSize 1_1\"  style='margin-top:0px;margin-bottom:20px;'>\n\t\t\t\t\t<div class=\"fusion-column-wrapper\" style=\"padding: 0px 0px 0px 0px;background-position:left top;background-repeat:no-repeat;-webkit-background-size:cover;-moz-background-size:cover;-o-background-size:cover;background-size:cover;\"  data-bg-url=\"\">\n\t\t\t\t\t\t<div class=\"fusion-text\"><h1 class=\"titre-page\">Mentions l\u00e9gales<\/h1>\n<div id=\"preview\">\n<div id=\"texte-interne\">\n<h2>Publication<\/h2>\n<p>Le pr\u00e9sent site est \u00e9dit\u00e9 et g\u00e9r\u00e9 par :<\/p>\n<p><strong>SELARL PROXIMA<\/strong><\/p>\n<div>\n<p>SELARL au capital de 636\u00a0000 \u20ac &#8211; R.C.S. TOULON\u00a0: n\u00b0808\u00a0025\u00a0282 \u2013 N\u00b0 SIRET\u00a0: 80802528200019 &#8211; N\u00b0 TVA Intracommunautaire\u00a0:\u00a0 FR74808025282 &#8211; Si\u00e8ge social\u00a0: 264, Chemin du Temple 83200 TOULON (VAR)- T\u00e9l: 04 94 24 10 69 \u2013 E-mail\u00a0: <a href=\"mailto:proxima@guillermou-avocats.fr\">proxima@guillermou-avocats.fr<\/a><\/p>\n<p>Directeur de la publication: Emeric Guillermou, Avocat inscrit au barreau de Toulon ainsi qu\u2019au barreau de Paris (France), soumis aux r\u00e8gles professionnelles de la profession d\u2019avocats (en particulier \u00a0r\u00e8glement int\u00e9rieur national de la profession d\u2019avocat, \u00e9dict\u00e9 par d\u00e9cision \u00e0 caract\u00e8re normatif n\u00b0 2005-003 du Conseil national des barreaux).<\/p>\n<p>Toute r\u00e9clamation concernant l\u2019utilisation du site internet peut \u00eatre adress\u00e9e \u00e0 l\u2019adresse e-mail suivante : <a href=\"mailto:proxima@guillermou-avocats.fr\">proxima@guillermou-avocats.fr<\/a> ou par courrier\u00a0: SELARL PROXIMA, 264 Chemin du Temple, 83200 TOULON.<\/p>\n<\/div>\n<\/div>\n<\/div>\n<h2>Assurance responsabilit\u00e9 professionnelle<\/h2>\n<p>Pour les services rendus par le cabinet d\u2019avocat PROXIMA, des assurances responsabilit\u00e9 civile professionnelle ont \u00e9t\u00e9 souscrites.<\/p>\n<p>La SELARL PROXIMA dispose d&rsquo;une police d&rsquo;assurance souscrite \u00e0 son profit par le Barreau de TOULON aupr\u00e8s de la soci\u00e9t\u00e9 AXA par l&rsquo;interm\u00e9diaire de la Soci\u00e9t\u00e9 de Courtage des Barreaux sous le num\u00e9ro de contrat 6068644704, garantissant sa responsabilit\u00e9 professionnelle.<\/p>\n<p>Si vous avez des questions \u00e0 poser ou des commentaires \u00e0 \u00e9mettre sur les sous-traitants qui nous fournissent des services ou sur la pr\u00e9sente Politique de confidentialit\u00e9 du site Web, merci de nous contacter par courrier (SELARL PROXIMA, 264 chemin du temple, 83200 TOULON) ou par e-mail\u00a0(proxima@guillermou-avocats.fr).<\/p>\n<h2>M\u00e9diateur de la consommation<\/h2>\n<p>Conform\u00e9ment aux dispositions des articles L152-1 et suivants du Code de la consommation, nous vous informons que vous avez la possibilit\u00e9, en cas de litige avec un avocat ou de contestation sur nos prestations, de recourir gratuitement au m\u00e9diateur de la consommation qui sera le m\u00e9diateur national pr\u00e8s du Conseil National des Barreaux, Madame Carole PASCAREL, dont les coordonn\u00e9es sont les suivantes :<\/p>\n<p>Adresse postale\u00a0: 180 boulevard Haussmann 75008 Paris<\/p>\n<p>Adresse de messagerie\u00a0: <a href=\"mailto:mediateur@mediateur-consommation-avocat.fr\">mediateur@mediateur-consommation-avocat.fr<\/a><\/p>\n<p>Site internet\u00a0: <a href=\"http:\/\/www.mediateur-consommation-avocat.fr\">www.mediateur-consommation-avocat.fr<\/a><\/p>\n<div id=\"preview\">\n<div id=\"texte-interne\">\n<h2>R\u00e9alisation et h\u00e9bergement du site<\/h2>\n<p><strong>R\u00e9alisation : PROXIMA<\/strong><\/p>\n<p><strong>Publication: OKOUM\u00c9A SAS<\/strong><\/p>\n<p><strong>H\u00e9bergement du site : Gandi SAS,\u00a015 place de la Nation \u00e0 Paris (75011) FRANCE, \u00a0T\u00e9l\u00e9phone : +33.(1)43.73.78.51<\/strong><\/p>\n<h2>Droits de propri\u00e9t\u00e9 intellectuelle<\/h2>\n<p>Le site Web est prot\u00e9g\u00e9 par les droits de propri\u00e9t\u00e9 intellectuelle et est la propri\u00e9t\u00e9 exclusive de SELARL Proxima (Cabinet Guillermou). La conception, le graphisme, le contenu, l&rsquo;organisation de ce site sont des oeuvres originales et sont l&rsquo;enti\u00e8re propri\u00e9t\u00e9 de SELARL Proxima (Cabinet Guillermou). Toute reproduction, ou d\u00e9marquage, total ou partiel, fait sans le consentement de l&rsquo;auteur, ou de ses ayants droit, ou de ses ayants cause est illicite. Il en est de m\u00eame pour la traduction, l&rsquo;adaptation, l&rsquo;arrangement par quelque proc\u00e9d\u00e9 que ce soit (Loi 57298 du 11 mars 1957).<\/p>\n<h2>Liens hypertextes avec des sites tiers<\/h2>\n<p>SELARL Proxima (Cabinet Guillermou) n&rsquo;exerce aucun contr\u00f4le sur le contenu des sites tiers. L&rsquo;existence d&rsquo;un lien hypertexte entre SELARL PROXIMA (Cabinet Guillermou) et un site tiers ne signifie en aucune mani\u00e8re le contr\u00f4le du contenu du site tiers par SELARL Proxima (Cabinet Guillermou).<\/p>\n<h2>Exon\u00e9ration de responsabilit\u00e9<\/h2>\n<p>Il appartient \u00e0 l&rsquo;utilisateur de ce site de prendre toutes les mesures appropri\u00e9es de fa\u00e7on \u00e0 prot\u00e9ger ses propres donn\u00e9es et\/ou logiciels de contamination par d&rsquo;\u00e9ventuels virus circulant sur le r\u00e9seau Internet.<\/p>\n<h2>Modification du site<\/h2>\n<p>SELARL PROXIMA (Cabinet Guillermou) se r\u00e9serve le droit de modifier ou de corriger le contenu de ce site et cette mention l\u00e9gale \u00e0 tout moment et ceci sans pr\u00e9avis.<\/p>\n<\/div>\n<\/div>\n<\/div><div class=\"fusion-clearfix\"><\/div>\n\n\t\t\t\t\t<\/div>\n\t\t\t\t<\/div><\/div><\/div>\n","protected":false},"excerpt":{"rendered":"","protected":false},"author":2,"featured_media":0,"parent":0,"menu_order":0,"comment_status":"closed","ping_status":"closed","template":"","meta":{"footnotes":""},"class_list":["post-4168","page","type-page","status-publish","hentry"],"yoast_head":"<!-- This site is optimized with the Yoast SEO Premium plugin v23.4 (Yoast SEO v27.3) - https:\/\/yoast.com\/product\/yoast-seo-premium-wordpress\/ -->\n<title>Mentions L\u00e9gales - Avocat indemnisation de victimes<\/title>\n<meta name=\"robots\" content=\"index, follow, max-snippet:-1, max-image-preview:large, max-video-preview:-1\" \/>\n<link rel=\"canonical\" href=\"https:\/\/guillermou-avocats.fr\/fr\/mentions-legales\" \/>\n<meta property=\"og:locale\" content=\"fr_FR\" \/>\n<meta property=\"og:type\" content=\"article\" \/>\n<meta property=\"og:title\" content=\"Mentions L\u00e9gales - Avocat indemnisation de victimes\" \/>\n<meta property=\"og:url\" content=\"https:\/\/guillermou-avocats.fr\/fr\/mentions-legales\" \/>\n<meta property=\"og:site_name\" content=\"Avocat indemnisation de victimes\" \/>\n<meta property=\"article:publisher\" content=\"https:\/\/www.facebook.com\/emericguillermou\/\" \/>\n<meta property=\"article:modified_time\" content=\"2024-05-17T08:28:10+00:00\" \/>\n<meta name=\"twitter:card\" content=\"summary_large_image\" \/>\n<meta name=\"twitter:site\" content=\"@eguillermou\" \/>\n<meta name=\"twitter:label1\" content=\"Dur\u00e9e de lecture estim\u00e9e\" \/>\n\t<meta name=\"twitter:data1\" content=\"4 minutes\" \/>\n<script type=\"application\/ld+json\" class=\"yoast-schema-graph\">{\"@context\":\"https:\\\/\\\/schema.org\",\"@graph\":[{\"@type\":\"WebPage\",\"@id\":\"https:\\\/\\\/guillermou-avocats.fr\\\/fr\\\/mentions-legales\",\"url\":\"https:\\\/\\\/guillermou-avocats.fr\\\/fr\\\/mentions-legales\",\"name\":\"Mentions L\u00e9gales - Avocat indemnisation de victimes\",\"isPartOf\":{\"@id\":\"https:\\\/\\\/proxima2023.okoumea.com\\\/fr\\\/#website\"},\"datePublished\":\"2017-09-05T16:02:28+00:00\",\"dateModified\":\"2024-05-17T08:28:10+00:00\",\"inLanguage\":\"fr-FR\",\"potentialAction\":[{\"@type\":\"ReadAction\",\"target\":[\"https:\\\/\\\/guillermou-avocats.fr\\\/fr\\\/mentions-legales\"]}]},{\"@type\":\"WebSite\",\"@id\":\"https:\\\/\\\/proxima2023.okoumea.com\\\/fr\\\/#website\",\"url\":\"https:\\\/\\\/proxima2023.okoumea.com\\\/fr\\\/\",\"name\":\"Proxima - Avocats indemnisation de victimes\",\"description\":\"Chaque jour est un nouveau cap \u00e0 franchir ensemble\",\"publisher\":{\"@id\":\"https:\\\/\\\/proxima2023.okoumea.com\\\/fr\\\/#organization\"},\"potentialAction\":[{\"@type\":\"SearchAction\",\"target\":{\"@type\":\"EntryPoint\",\"urlTemplate\":\"https:\\\/\\\/proxima2023.okoumea.com\\\/fr\\\/?s={search_term_string}\"},\"query-input\":{\"@type\":\"PropertyValueSpecification\",\"valueRequired\":true,\"valueName\":\"search_term_string\"}}],\"inLanguage\":\"fr-FR\"},{\"@type\":\"Organization\",\"@id\":\"https:\\\/\\\/proxima2023.okoumea.com\\\/fr\\\/#organization\",\"name\":\"CABINET PROXIMA GUILLERMOU AVOCATS\",\"url\":\"https:\\\/\\\/proxima2023.okoumea.com\\\/fr\\\/\",\"logo\":{\"@type\":\"ImageObject\",\"inLanguage\":\"fr-FR\",\"@id\":\"https:\\\/\\\/proxima2023.okoumea.com\\\/fr\\\/#\\\/schema\\\/logo\\\/image\\\/\",\"url\":\"https:\\\/\\\/guillermou-avocats.fr\\\/wp-content\\\/uploads\\\/2024\\\/08\\\/2Fichier-12ProximaLogox1.png\",\"contentUrl\":\"https:\\\/\\\/guillermou-avocats.fr\\\/wp-content\\\/uploads\\\/2024\\\/08\\\/2Fichier-12ProximaLogox1.png\",\"width\":836,\"height\":825,\"caption\":\"CABINET PROXIMA GUILLERMOU AVOCATS\"},\"image\":{\"@id\":\"https:\\\/\\\/proxima2023.okoumea.com\\\/fr\\\/#\\\/schema\\\/logo\\\/image\\\/\"},\"sameAs\":[\"https:\\\/\\\/www.facebook.com\\\/emericguillermou\\\/\",\"https:\\\/\\\/x.com\\\/eguillermou\",\"https:\\\/\\\/fr.linkedin.com\\\/in\\\/emeric-guillermou-6a4b9bb6\",\"https:\\\/\\\/www.youtube.com\\\/@emericguillermou9412\"]}]}<\/script>\n<!-- \/ Yoast SEO Premium plugin. -->","yoast_head_json":{"title":"Mentions L\u00e9gales - Avocat indemnisation de victimes","robots":{"index":"index","follow":"follow","max-snippet":"max-snippet:-1","max-image-preview":"max-image-preview:large","max-video-preview":"max-video-preview:-1"},"canonical":"https:\/\/guillermou-avocats.fr\/fr\/mentions-legales","og_locale":"fr_FR","og_type":"article","og_title":"Mentions L\u00e9gales - Avocat indemnisation de victimes","og_url":"https:\/\/guillermou-avocats.fr\/fr\/mentions-legales","og_site_name":"Avocat indemnisation de victimes","article_publisher":"https:\/\/www.facebook.com\/emericguillermou\/","article_modified_time":"2024-05-17T08:28:10+00:00","twitter_card":"summary_large_image","twitter_site":"@eguillermou","twitter_misc":{"Dur\u00e9e de lecture estim\u00e9e":"4 minutes"},"schema":{"@context":"https:\/\/schema.org","@graph":[{"@type":"WebPage","@id":"https:\/\/guillermou-avocats.fr\/fr\/mentions-legales","url":"https:\/\/guillermou-avocats.fr\/fr\/mentions-legales","name":"Mentions L\u00e9gales - Avocat indemnisation de victimes","isPartOf":{"@id":"https:\/\/proxima2023.okoumea.com\/fr\/#website"},"datePublished":"2017-09-05T16:02:28+00:00","dateModified":"2024-05-17T08:28:10+00:00","inLanguage":"fr-FR","potentialAction":[{"@type":"ReadAction","target":["https:\/\/guillermou-avocats.fr\/fr\/mentions-legales"]}]},{"@type":"WebSite","@id":"https:\/\/proxima2023.okoumea.com\/fr\/#website","url":"https:\/\/proxima2023.okoumea.com\/fr\/","name":"Proxima - Avocats indemnisation de victimes","description":"Chaque jour est un nouveau cap \u00e0 franchir ensemble","publisher":{"@id":"https:\/\/proxima2023.okoumea.com\/fr\/#organization"},"potentialAction":[{"@type":"SearchAction","target":{"@type":"EntryPoint","urlTemplate":"https:\/\/proxima2023.okoumea.com\/fr\/?s={search_term_string}"},"query-input":{"@type":"PropertyValueSpecification","valueRequired":true,"valueName":"search_term_string"}}],"inLanguage":"fr-FR"},{"@type":"Organization","@id":"https:\/\/proxima2023.okoumea.com\/fr\/#organization","name":"CABINET PROXIMA GUILLERMOU AVOCATS","url":"https:\/\/proxima2023.okoumea.com\/fr\/","logo":{"@type":"ImageObject","inLanguage":"fr-FR","@id":"https:\/\/proxima2023.okoumea.com\/fr\/#\/schema\/logo\/image\/","url":"https:\/\/guillermou-avocats.fr\/wp-content\/uploads\/2024\/08\/2Fichier-12ProximaLogox1.png","contentUrl":"https:\/\/guillermou-avocats.fr\/wp-content\/uploads\/2024\/08\/2Fichier-12ProximaLogox1.png","width":836,"height":825,"caption":"CABINET PROXIMA GUILLERMOU AVOCATS"},"image":{"@id":"https:\/\/proxima2023.okoumea.com\/fr\/#\/schema\/logo\/image\/"},"sameAs":["https:\/\/www.facebook.com\/emericguillermou\/","https:\/\/x.com\/eguillermou","https:\/\/fr.linkedin.com\/in\/emeric-guillermou-6a4b9bb6","https:\/\/www.youtube.com\/@emericguillermou9412"]}]}},"_links":{"self":[{"href":"https:\/\/guillermou-avocats.fr\/fr\/wp-json\/wp\/v2\/pages\/4168","targetHints":{"allow":["GET"]}}],"collection":[{"href":"https:\/\/guillermou-avocats.fr\/fr\/wp-json\/wp\/v2\/pages"}],"about":[{"href":"https:\/\/guillermou-avocats.fr\/fr\/wp-json\/wp\/v2\/types\/page"}],"author":[{"embeddable":true,"href":"https:\/\/guillermou-avocats.fr\/fr\/wp-json\/wp\/v2\/users\/2"}],"replies":[{"embeddable":true,"href":"https:\/\/guillermou-avocats.fr\/fr\/wp-json\/wp\/v2\/comments?post=4168"}],"version-history":[{"count":10,"href":"https:\/\/guillermou-avocats.fr\/fr\/wp-json\/wp\/v2\/pages\/4168\/revisions"}],"predecessor-version":[{"id":8763,"href":"https:\/\/guillermou-avocats.fr\/fr\/wp-json\/wp\/v2\/pages\/4168\/revisions\/8763"}],"wp:attachment":[{"href":"https:\/\/guillermou-avocats.fr\/fr\/wp-json\/wp\/v2\/media?parent=4168"}],"curies":[{"name":"wp","href":"https:\/\/api.w.org\/{rel}","templated":true}]}}