{"id":1853,"date":"2017-08-11T09:46:05","date_gmt":"2017-08-11T07:46:05","guid":{"rendered":"https:\/\/guillermou-avocats.fr\/?page_id=1853"},"modified":"2018-01-30T17:26:11","modified_gmt":"2018-01-30T16:26:11","slug":"mdph","status":"publish","type":"page","link":"https:\/\/guillermou-avocats.fr\/fr\/mdph","title":{"rendered":"La MDPH"},"content":{"rendered":"<div class=\"fusion-fullwidth fullwidth-box bigFontSize nonhundred-percent-fullwidth non-hundred-percent-height-scrolling\"  style='background-color: rgba(255,255,255,0);background-position: center center;background-repeat: no-repeat;padding-top:0px;padding-right:0px;padding-bottom:0px;padding-left:0px;'><div class=\"fusion-builder-row fusion-row \"><div  class=\"fusion-layout-column fusion_builder_column fusion_builder_column_1_1  fusion-one-full fusion-column-first fusion-column-last bigFontSize 1_1\"  style='margin-top:0px;margin-bottom:0px;'>\n\t\t\t\t\t<div class=\"fusion-column-wrapper\" style=\"background-position:left top;background-repeat:no-repeat;-webkit-background-size:cover;-moz-background-size:cover;-o-background-size:cover;background-size:cover;\"  data-bg-url=\"\">\n\t\t\t\t\t\t<div class=\"fusion-text\"><h2 style=\"text-align: center;\">La MDPH<\/h2>\n<p style=\"text-align: justify;\">Qu\u2019est ce que la maison d\u00e9partementale des personnes handicap\u00e9es ( MDPH)\u00a0?<\/p>\n<p style=\"text-align: justify;\">La Maison d\u00e9partementale des personnes handicap\u00e9es (MDPH) est un \u00e9tablissement qui permet un acc\u00e8s unique aux droits et prestations pr\u00e9vues pour les personnes handicap\u00e9es.<\/p>\n<p style=\"text-align: justify;\">Aux termes de la loi \u00ab Handicap \u00bb du 11 f\u00e9vrier 2005, les MDPH doivent offrir \u00ab aux personnes handicap\u00e9es un acc\u00e8s unifi\u00e9 \u00e0 l\u2019information et \u00e0 l\u2019orientation, destin\u00e9 \u00e0 faciliter leurs d\u00e9marches et la concr\u00e9tisation de leurs droits \u00bb.<\/p>\n<p style=\"text-align: justify;\">Pour cela, les\u00a0<a href=\"http:\/\/www.mdph.fr\/\">MDPH<\/a>\u00a0proposent un formulaire \u00e0 remplir permettant d\u2019effectuer un certain nombre de demandes en lien avec le handicap telles que\u00a0:<\/p>\n<p style=\"text-align: justify;\">Demande d\u2019Allocation d\u2019\u00c9ducation de l\u2019Enfant Handicap\u00e9 et son compl\u00e9ment<br \/>\nDemande relative \u00e0 un parcours de scolarisation et\/ou de formation avec ou sans accompagnement par un \u00e9tablissement ou service m\u00e9dico-social<br \/>\nDemande de cartes \u00bb (carte d\u2019invalidit\u00e9\u2026)<br \/>\nDemande de prestation de compensation<br \/>\nDemande d\u2019Allocation aux Adultes Handicap\u00e9s et son compl\u00e9ment de ressources<br \/>\nDemande relative au travail, \u00e0 l\u2019emploi et \u00e0 l\u2019orientation professionnelle<br \/>\nCertaines MDPH proposent de t\u00e9l\u00e9charger le formulaire en ligne. Dans le cas contraire, vous pouvez le retirer directement aupr\u00e8s de la MDPH de votre lieu de r\u00e9sidence.<\/p>\n<\/div><div class=\"fusion-clearfix\"><\/div>\n\n\t\t\t\t\t<\/div>\n\t\t\t\t<\/div><\/div><\/div>\n","protected":false},"excerpt":{"rendered":"","protected":false},"author":2,"featured_media":0,"parent":0,"menu_order":22,"comment_status":"closed","ping_status":"closed","template":"","meta":{"footnotes":""},"class_list":["post-1853","page","type-page","status-publish","hentry"],"yoast_head":"<!-- This site is optimized with the Yoast SEO Premium plugin v23.4 (Yoast SEO v27.3) - https:\/\/yoast.com\/product\/yoast-seo-premium-wordpress\/ -->\n<title>La MDPH - Avocat indemnisation de victimes<\/title>\n<meta name=\"robots\" content=\"index, follow, max-snippet:-1, max-image-preview:large, max-video-preview:-1\" \/>\n<link rel=\"canonical\" href=\"https:\/\/proxima2023.okoumea.com\/fr\/mdph\" \/>\n<meta property=\"og:locale\" content=\"fr_FR\" \/>\n<meta property=\"og:type\" content=\"article\" \/>\n<meta property=\"og:title\" content=\"La MDPH - Avocat indemnisation de victimes\" \/>\n<meta property=\"og:url\" content=\"https:\/\/proxima2023.okoumea.com\/fr\/mdph\" \/>\n<meta property=\"og:site_name\" content=\"Avocat indemnisation de victimes\" \/>\n<meta property=\"article:publisher\" content=\"https:\/\/www.facebook.com\/emericguillermou\/\" \/>\n<meta property=\"article:modified_time\" content=\"2018-01-30T16:26:11+00:00\" \/>\n<meta name=\"twitter:card\" content=\"summary_large_image\" \/>\n<meta name=\"twitter:site\" content=\"@eguillermou\" \/>\n<meta name=\"twitter:label1\" content=\"Dur\u00e9e de lecture estim\u00e9e\" \/>\n\t<meta name=\"twitter:data1\" content=\"2 minutes\" \/>\n<script type=\"application\/ld+json\" class=\"yoast-schema-graph\">{\"@context\":\"https:\\\/\\\/schema.org\",\"@graph\":[{\"@type\":\"WebPage\",\"@id\":\"https:\\\/\\\/proxima2023.okoumea.com\\\/fr\\\/mdph\",\"url\":\"https:\\\/\\\/proxima2023.okoumea.com\\\/fr\\\/mdph\",\"name\":\"La MDPH - Avocat indemnisation de victimes\",\"isPartOf\":{\"@id\":\"https:\\\/\\\/proxima2023.okoumea.com\\\/fr\\\/#website\"},\"datePublished\":\"2017-08-11T07:46:05+00:00\",\"dateModified\":\"2018-01-30T16:26:11+00:00\",\"inLanguage\":\"fr-FR\",\"potentialAction\":[{\"@type\":\"ReadAction\",\"target\":[\"https:\\\/\\\/proxima2023.okoumea.com\\\/fr\\\/mdph\"]}]},{\"@type\":\"WebSite\",\"@id\":\"https:\\\/\\\/proxima2023.okoumea.com\\\/fr\\\/#website\",\"url\":\"https:\\\/\\\/proxima2023.okoumea.com\\\/fr\\\/\",\"name\":\"Proxima - Avocats indemnisation de victimes\",\"description\":\"Chaque jour est un nouveau cap \u00e0 franchir ensemble\",\"publisher\":{\"@id\":\"https:\\\/\\\/proxima2023.okoumea.com\\\/fr\\\/#organization\"},\"potentialAction\":[{\"@type\":\"SearchAction\",\"target\":{\"@type\":\"EntryPoint\",\"urlTemplate\":\"https:\\\/\\\/proxima2023.okoumea.com\\\/fr\\\/?s={search_term_string}\"},\"query-input\":{\"@type\":\"PropertyValueSpecification\",\"valueRequired\":true,\"valueName\":\"search_term_string\"}}],\"inLanguage\":\"fr-FR\"},{\"@type\":\"Organization\",\"@id\":\"https:\\\/\\\/proxima2023.okoumea.com\\\/fr\\\/#organization\",\"name\":\"CABINET PROXIMA GUILLERMOU AVOCATS\",\"url\":\"https:\\\/\\\/proxima2023.okoumea.com\\\/fr\\\/\",\"logo\":{\"@type\":\"ImageObject\",\"inLanguage\":\"fr-FR\",\"@id\":\"https:\\\/\\\/proxima2023.okoumea.com\\\/fr\\\/#\\\/schema\\\/logo\\\/image\\\/\",\"url\":\"https:\\\/\\\/guillermou-avocats.fr\\\/wp-content\\\/uploads\\\/2024\\\/08\\\/2Fichier-12ProximaLogox1.png\",\"contentUrl\":\"https:\\\/\\\/guillermou-avocats.fr\\\/wp-content\\\/uploads\\\/2024\\\/08\\\/2Fichier-12ProximaLogox1.png\",\"width\":836,\"height\":825,\"caption\":\"CABINET PROXIMA GUILLERMOU AVOCATS\"},\"image\":{\"@id\":\"https:\\\/\\\/proxima2023.okoumea.com\\\/fr\\\/#\\\/schema\\\/logo\\\/image\\\/\"},\"sameAs\":[\"https:\\\/\\\/www.facebook.com\\\/emericguillermou\\\/\",\"https:\\\/\\\/x.com\\\/eguillermou\",\"https:\\\/\\\/fr.linkedin.com\\\/in\\\/emeric-guillermou-6a4b9bb6\",\"https:\\\/\\\/www.youtube.com\\\/@emericguillermou9412\"]}]}<\/script>\n<!-- \/ Yoast SEO Premium plugin. -->","yoast_head_json":{"title":"La MDPH - Avocat indemnisation de victimes","robots":{"index":"index","follow":"follow","max-snippet":"max-snippet:-1","max-image-preview":"max-image-preview:large","max-video-preview":"max-video-preview:-1"},"canonical":"https:\/\/proxima2023.okoumea.com\/fr\/mdph","og_locale":"fr_FR","og_type":"article","og_title":"La MDPH - Avocat indemnisation de victimes","og_url":"https:\/\/proxima2023.okoumea.com\/fr\/mdph","og_site_name":"Avocat indemnisation de victimes","article_publisher":"https:\/\/www.facebook.com\/emericguillermou\/","article_modified_time":"2018-01-30T16:26:11+00:00","twitter_card":"summary_large_image","twitter_site":"@eguillermou","twitter_misc":{"Dur\u00e9e de lecture estim\u00e9e":"2 minutes"},"schema":{"@context":"https:\/\/schema.org","@graph":[{"@type":"WebPage","@id":"https:\/\/proxima2023.okoumea.com\/fr\/mdph","url":"https:\/\/proxima2023.okoumea.com\/fr\/mdph","name":"La MDPH - Avocat indemnisation de victimes","isPartOf":{"@id":"https:\/\/proxima2023.okoumea.com\/fr\/#website"},"datePublished":"2017-08-11T07:46:05+00:00","dateModified":"2018-01-30T16:26:11+00:00","inLanguage":"fr-FR","potentialAction":[{"@type":"ReadAction","target":["https:\/\/proxima2023.okoumea.com\/fr\/mdph"]}]},{"@type":"WebSite","@id":"https:\/\/proxima2023.okoumea.com\/fr\/#website","url":"https:\/\/proxima2023.okoumea.com\/fr\/","name":"Proxima - Avocats indemnisation de victimes","description":"Chaque jour est un nouveau cap \u00e0 franchir ensemble","publisher":{"@id":"https:\/\/proxima2023.okoumea.com\/fr\/#organization"},"potentialAction":[{"@type":"SearchAction","target":{"@type":"EntryPoint","urlTemplate":"https:\/\/proxima2023.okoumea.com\/fr\/?s={search_term_string}"},"query-input":{"@type":"PropertyValueSpecification","valueRequired":true,"valueName":"search_term_string"}}],"inLanguage":"fr-FR"},{"@type":"Organization","@id":"https:\/\/proxima2023.okoumea.com\/fr\/#organization","name":"CABINET PROXIMA GUILLERMOU AVOCATS","url":"https:\/\/proxima2023.okoumea.com\/fr\/","logo":{"@type":"ImageObject","inLanguage":"fr-FR","@id":"https:\/\/proxima2023.okoumea.com\/fr\/#\/schema\/logo\/image\/","url":"https:\/\/guillermou-avocats.fr\/wp-content\/uploads\/2024\/08\/2Fichier-12ProximaLogox1.png","contentUrl":"https:\/\/guillermou-avocats.fr\/wp-content\/uploads\/2024\/08\/2Fichier-12ProximaLogox1.png","width":836,"height":825,"caption":"CABINET PROXIMA GUILLERMOU AVOCATS"},"image":{"@id":"https:\/\/proxima2023.okoumea.com\/fr\/#\/schema\/logo\/image\/"},"sameAs":["https:\/\/www.facebook.com\/emericguillermou\/","https:\/\/x.com\/eguillermou","https:\/\/fr.linkedin.com\/in\/emeric-guillermou-6a4b9bb6","https:\/\/www.youtube.com\/@emericguillermou9412"]}]}},"_links":{"self":[{"href":"https:\/\/guillermou-avocats.fr\/fr\/wp-json\/wp\/v2\/pages\/1853","targetHints":{"allow":["GET"]}}],"collection":[{"href":"https:\/\/guillermou-avocats.fr\/fr\/wp-json\/wp\/v2\/pages"}],"about":[{"href":"https:\/\/guillermou-avocats.fr\/fr\/wp-json\/wp\/v2\/types\/page"}],"author":[{"embeddable":true,"href":"https:\/\/guillermou-avocats.fr\/fr\/wp-json\/wp\/v2\/users\/2"}],"replies":[{"embeddable":true,"href":"https:\/\/guillermou-avocats.fr\/fr\/wp-json\/wp\/v2\/comments?post=1853"}],"version-history":[{"count":10,"href":"https:\/\/guillermou-avocats.fr\/fr\/wp-json\/wp\/v2\/pages\/1853\/revisions"}],"predecessor-version":[{"id":5054,"href":"https:\/\/guillermou-avocats.fr\/fr\/wp-json\/wp\/v2\/pages\/1853\/revisions\/5054"}],"wp:attachment":[{"href":"https:\/\/guillermou-avocats.fr\/fr\/wp-json\/wp\/v2\/media?parent=1853"}],"curies":[{"name":"wp","href":"https:\/\/api.w.org\/{rel}","templated":true}]}}