{"id":1850,"date":"2017-08-11T09:38:14","date_gmt":"2017-08-11T07:38:14","guid":{"rendered":"https:\/\/guillermou-avocats.fr\/?page_id=1850"},"modified":"2018-01-31T11:53:12","modified_gmt":"2018-01-31T10:53:12","slug":"ma-protection-juridique","status":"publish","type":"page","link":"https:\/\/guillermou-avocats.fr\/fr\/droits-victime\/ma-protection-juridique","title":{"rendered":"Ma protection juridique"},"content":{"rendered":"<div class=\"fusion-fullwidth fullwidth-box bigFontSize nonhundred-percent-fullwidth non-hundred-percent-height-scrolling\"  style='background-color: rgba(255,255,255,0);background-position: center center;background-repeat: no-repeat;padding-top:0px;padding-right:0px;padding-bottom:0px;padding-left:0px;'><div class=\"fusion-builder-row fusion-row \"><div  class=\"fusion-layout-column fusion_builder_column fusion_builder_column_1_1  fusion-one-full fusion-column-first fusion-column-last bigFontSize 1_1\"  style='margin-top:0px;margin-bottom:0px;'>\n\t\t\t\t\t<div class=\"fusion-column-wrapper\" style=\"background-position:left top;background-repeat:no-repeat;-webkit-background-size:cover;-moz-background-size:cover;-o-background-size:cover;background-size:cover;\"  data-bg-url=\"\">\n\t\t\t\t\t\t<div class=\"fusion-text\"><h2 style=\"text-align: center;\">Ma protection juridique<\/h2>\n<p style=\"text-align: justify;\">Il existe aujourd\u2019hui dans le cadre de nombreux contrats d\u2019assurances (automobile, habitation, carte de cr\u00e9dit \u2026) ce que l\u2019on appelle une protection juridique.<\/p>\n<p style=\"text-align: justify;\">Qu\u2019est-ce que la protection juridique\u00a0?<br \/>\nLa protection juridique peut \u00eatre souscrite\u00a0directement aupr\u00e8s d\u2019une compagnie d\u2019assurance ou \u00eatre propos\u00e9e sous forme d\u2019option dans un contrat que vous poss\u00e9dez d\u00e9j\u00e0 (contrat automobile, habitation\u2026)<\/p>\n<p style=\"text-align: justify;\">La protection juridique peut vous aider\u00a0dans la prise en charge des honoraires de votre avocat ainsi que de certains frais de justice.<\/p>\n<p style=\"text-align: justify;\">La compagnie d\u2019assurance en charge de votre protection juridique peut alors vous proposer un avocat (et ce seulement sur demande \u00e9crite de votre part\u00a0: article L 127-3 du code des assurances \u00ab\u00a0L\u2019Assureur ne peut proposer le nom d\u2019un Avocat \u00e0 l\u2019Assur\u00e9, sans \u00ab\u00a0demande \u00e9crite de sa part\u00a0\u00bb) mais en aucun cas vous l\u2019imposer conform\u00e9ment au principe du \u00ab\u00a0LIBRE CHOIX DE L\u2019AVOCAT\u00a0\u00bb consacr\u00e9 par la Loi du 19 f\u00e9vrier 2007 r\u00e9formant l\u2019assurance protection juridique ( Article L 127-3 du code des assurances\u00a0: \u00ab\u00a0Tout contrat d&rsquo;assurance de protection juridique stipule explicitement que, lorsqu&rsquo;il est fait appel \u00e0 un avocat ou \u00e0 toute autre personne qualifi\u00e9e par la l\u00e9gislation ou la r\u00e9glementation en vigueur pour d\u00e9fendre, repr\u00e9senter ou servir les int\u00e9r\u00eats de l&rsquo;assur\u00e9, dans les circonstances pr\u00e9vues \u00e0 l&rsquo;article L. 127-1, l&rsquo;assur\u00e9 a la libert\u00e9 de le choisir.\u00a0\u00bb).<\/p>\n<p style=\"text-align: justify;\">Afin d\u2019activer cette prise en charge la plupart des contrats vous imposent d\u2019effectuer une d\u00e9claration de sinistre pr\u00e9alable. Pour cela, il convient de prendre directement contact avec votre assureur afin d\u2019activer cette protection juridique et de vous communiquer les conditions g\u00e9n\u00e9rales et particuli\u00e8res de votre contrat si vous ne les avez pas en votre possession.<\/p>\n<p style=\"text-align: justify;\">Afin de vous aider dans cette d\u00e9marche, vous pouvez vous inspirer du formulaire \u00e0 t\u00e9l\u00e9charger\u00a0<a href=\"https:\/\/guillermou-avocats.fr\/wp-content\/uploads\/2017\/08\/DECLARATION_DE_SINISTRE_Protection_juridique_1.pdf\">Formulaire de d\u00e9claration de sinistre\u00a0(PDF, 75 Ko).<\/a>Formulaire de d\u00e9claration de sinistre\u00a0(PDF, 75 Ko).<\/p>\n<p style=\"text-align: justify;\">Sachez d&rsquo;autre part, que vous pouvez b\u00e9n\u00e9ficier de plusieurs\u00a0aides suppl\u00e9mentaires aupr\u00e8s de votre maison d\u00e9partementale des personnes handicap\u00e9es\u00a0et que nous pouvons vous accompagner dans ces d\u00e9marches.<\/p>\n<\/div><div class=\"fusion-clearfix\"><\/div>\n\n\t\t\t\t\t<\/div>\n\t\t\t\t<\/div><\/div><\/div>\n","protected":false},"excerpt":{"rendered":"","protected":false},"author":2,"featured_media":0,"parent":1807,"menu_order":29,"comment_status":"closed","ping_status":"closed","template":"","meta":{"footnotes":""},"class_list":["post-1850","page","type-page","status-publish","hentry"],"yoast_head":"<!-- This site is optimized with the Yoast SEO Premium plugin v23.4 (Yoast SEO v27.3) - https:\/\/yoast.com\/product\/yoast-seo-premium-wordpress\/ -->\n<title>Ma protection juridique - Avocat indemnisation de victimes<\/title>\n<meta name=\"robots\" content=\"index, follow, max-snippet:-1, max-image-preview:large, max-video-preview:-1\" \/>\n<link rel=\"canonical\" href=\"https:\/\/proxima2023.okoumea.com\/fr\/droits-victime\/ma-protection-juridique\" \/>\n<meta property=\"og:locale\" content=\"fr_FR\" \/>\n<meta property=\"og:type\" content=\"article\" \/>\n<meta property=\"og:title\" content=\"Ma protection juridique - Avocat indemnisation de victimes\" \/>\n<meta property=\"og:url\" content=\"https:\/\/proxima2023.okoumea.com\/fr\/droits-victime\/ma-protection-juridique\" \/>\n<meta property=\"og:site_name\" content=\"Avocat indemnisation de victimes\" \/>\n<meta property=\"article:publisher\" content=\"https:\/\/www.facebook.com\/emericguillermou\/\" \/>\n<meta property=\"article:modified_time\" content=\"2018-01-31T10:53:12+00:00\" \/>\n<meta name=\"twitter:card\" content=\"summary_large_image\" \/>\n<meta name=\"twitter:site\" content=\"@eguillermou\" \/>\n<meta name=\"twitter:label1\" content=\"Dur\u00e9e de lecture estim\u00e9e\" \/>\n\t<meta name=\"twitter:data1\" content=\"3 minutes\" \/>\n<script type=\"application\/ld+json\" class=\"yoast-schema-graph\">{\"@context\":\"https:\\\/\\\/schema.org\",\"@graph\":[{\"@type\":\"WebPage\",\"@id\":\"https:\\\/\\\/proxima2023.okoumea.com\\\/fr\\\/droits-victime\\\/ma-protection-juridique\",\"url\":\"https:\\\/\\\/proxima2023.okoumea.com\\\/fr\\\/droits-victime\\\/ma-protection-juridique\",\"name\":\"Ma protection juridique - Avocat indemnisation de victimes\",\"isPartOf\":{\"@id\":\"https:\\\/\\\/proxima2023.okoumea.com\\\/fr\\\/#website\"},\"datePublished\":\"2017-08-11T07:38:14+00:00\",\"dateModified\":\"2018-01-31T10:53:12+00:00\",\"breadcrumb\":{\"@id\":\"https:\\\/\\\/proxima2023.okoumea.com\\\/fr\\\/droits-victime\\\/ma-protection-juridique#breadcrumb\"},\"inLanguage\":\"fr-FR\",\"potentialAction\":[{\"@type\":\"ReadAction\",\"target\":[\"https:\\\/\\\/proxima2023.okoumea.com\\\/fr\\\/droits-victime\\\/ma-protection-juridique\"]}]},{\"@type\":\"BreadcrumbList\",\"@id\":\"https:\\\/\\\/proxima2023.okoumea.com\\\/fr\\\/droits-victime\\\/ma-protection-juridique#breadcrumb\",\"itemListElement\":[{\"@type\":\"ListItem\",\"position\":1,\"name\":\"Vos droits de victime\",\"item\":\"https:\\\/\\\/proxima2023.okoumea.com\\\/fr\\\/droits-victime\"},{\"@type\":\"ListItem\",\"position\":2,\"name\":\"Ma protection juridique\"}]},{\"@type\":\"WebSite\",\"@id\":\"https:\\\/\\\/proxima2023.okoumea.com\\\/fr\\\/#website\",\"url\":\"https:\\\/\\\/proxima2023.okoumea.com\\\/fr\\\/\",\"name\":\"Proxima - Avocats indemnisation de victimes\",\"description\":\"Chaque jour est un nouveau cap \u00e0 franchir ensemble\",\"publisher\":{\"@id\":\"https:\\\/\\\/proxima2023.okoumea.com\\\/fr\\\/#organization\"},\"potentialAction\":[{\"@type\":\"SearchAction\",\"target\":{\"@type\":\"EntryPoint\",\"urlTemplate\":\"https:\\\/\\\/proxima2023.okoumea.com\\\/fr\\\/?s={search_term_string}\"},\"query-input\":{\"@type\":\"PropertyValueSpecification\",\"valueRequired\":true,\"valueName\":\"search_term_string\"}}],\"inLanguage\":\"fr-FR\"},{\"@type\":\"Organization\",\"@id\":\"https:\\\/\\\/proxima2023.okoumea.com\\\/fr\\\/#organization\",\"name\":\"CABINET PROXIMA GUILLERMOU AVOCATS\",\"url\":\"https:\\\/\\\/proxima2023.okoumea.com\\\/fr\\\/\",\"logo\":{\"@type\":\"ImageObject\",\"inLanguage\":\"fr-FR\",\"@id\":\"https:\\\/\\\/proxima2023.okoumea.com\\\/fr\\\/#\\\/schema\\\/logo\\\/image\\\/\",\"url\":\"https:\\\/\\\/guillermou-avocats.fr\\\/wp-content\\\/uploads\\\/2024\\\/08\\\/2Fichier-12ProximaLogox1.png\",\"contentUrl\":\"https:\\\/\\\/guillermou-avocats.fr\\\/wp-content\\\/uploads\\\/2024\\\/08\\\/2Fichier-12ProximaLogox1.png\",\"width\":836,\"height\":825,\"caption\":\"CABINET PROXIMA GUILLERMOU AVOCATS\"},\"image\":{\"@id\":\"https:\\\/\\\/proxima2023.okoumea.com\\\/fr\\\/#\\\/schema\\\/logo\\\/image\\\/\"},\"sameAs\":[\"https:\\\/\\\/www.facebook.com\\\/emericguillermou\\\/\",\"https:\\\/\\\/x.com\\\/eguillermou\",\"https:\\\/\\\/fr.linkedin.com\\\/in\\\/emeric-guillermou-6a4b9bb6\",\"https:\\\/\\\/www.youtube.com\\\/@emericguillermou9412\"]}]}<\/script>\n<!-- \/ Yoast SEO Premium plugin. -->","yoast_head_json":{"title":"Ma protection juridique - Avocat indemnisation de victimes","robots":{"index":"index","follow":"follow","max-snippet":"max-snippet:-1","max-image-preview":"max-image-preview:large","max-video-preview":"max-video-preview:-1"},"canonical":"https:\/\/proxima2023.okoumea.com\/fr\/droits-victime\/ma-protection-juridique","og_locale":"fr_FR","og_type":"article","og_title":"Ma protection juridique - Avocat indemnisation de victimes","og_url":"https:\/\/proxima2023.okoumea.com\/fr\/droits-victime\/ma-protection-juridique","og_site_name":"Avocat indemnisation de victimes","article_publisher":"https:\/\/www.facebook.com\/emericguillermou\/","article_modified_time":"2018-01-31T10:53:12+00:00","twitter_card":"summary_large_image","twitter_site":"@eguillermou","twitter_misc":{"Dur\u00e9e de lecture estim\u00e9e":"3 minutes"},"schema":{"@context":"https:\/\/schema.org","@graph":[{"@type":"WebPage","@id":"https:\/\/proxima2023.okoumea.com\/fr\/droits-victime\/ma-protection-juridique","url":"https:\/\/proxima2023.okoumea.com\/fr\/droits-victime\/ma-protection-juridique","name":"Ma protection juridique - Avocat indemnisation de victimes","isPartOf":{"@id":"https:\/\/proxima2023.okoumea.com\/fr\/#website"},"datePublished":"2017-08-11T07:38:14+00:00","dateModified":"2018-01-31T10:53:12+00:00","breadcrumb":{"@id":"https:\/\/proxima2023.okoumea.com\/fr\/droits-victime\/ma-protection-juridique#breadcrumb"},"inLanguage":"fr-FR","potentialAction":[{"@type":"ReadAction","target":["https:\/\/proxima2023.okoumea.com\/fr\/droits-victime\/ma-protection-juridique"]}]},{"@type":"BreadcrumbList","@id":"https:\/\/proxima2023.okoumea.com\/fr\/droits-victime\/ma-protection-juridique#breadcrumb","itemListElement":[{"@type":"ListItem","position":1,"name":"Vos droits de victime","item":"https:\/\/proxima2023.okoumea.com\/fr\/droits-victime"},{"@type":"ListItem","position":2,"name":"Ma protection juridique"}]},{"@type":"WebSite","@id":"https:\/\/proxima2023.okoumea.com\/fr\/#website","url":"https:\/\/proxima2023.okoumea.com\/fr\/","name":"Proxima - Avocats indemnisation de victimes","description":"Chaque jour est un nouveau cap \u00e0 franchir ensemble","publisher":{"@id":"https:\/\/proxima2023.okoumea.com\/fr\/#organization"},"potentialAction":[{"@type":"SearchAction","target":{"@type":"EntryPoint","urlTemplate":"https:\/\/proxima2023.okoumea.com\/fr\/?s={search_term_string}"},"query-input":{"@type":"PropertyValueSpecification","valueRequired":true,"valueName":"search_term_string"}}],"inLanguage":"fr-FR"},{"@type":"Organization","@id":"https:\/\/proxima2023.okoumea.com\/fr\/#organization","name":"CABINET PROXIMA GUILLERMOU AVOCATS","url":"https:\/\/proxima2023.okoumea.com\/fr\/","logo":{"@type":"ImageObject","inLanguage":"fr-FR","@id":"https:\/\/proxima2023.okoumea.com\/fr\/#\/schema\/logo\/image\/","url":"https:\/\/guillermou-avocats.fr\/wp-content\/uploads\/2024\/08\/2Fichier-12ProximaLogox1.png","contentUrl":"https:\/\/guillermou-avocats.fr\/wp-content\/uploads\/2024\/08\/2Fichier-12ProximaLogox1.png","width":836,"height":825,"caption":"CABINET PROXIMA GUILLERMOU AVOCATS"},"image":{"@id":"https:\/\/proxima2023.okoumea.com\/fr\/#\/schema\/logo\/image\/"},"sameAs":["https:\/\/www.facebook.com\/emericguillermou\/","https:\/\/x.com\/eguillermou","https:\/\/fr.linkedin.com\/in\/emeric-guillermou-6a4b9bb6","https:\/\/www.youtube.com\/@emericguillermou9412"]}]}},"_links":{"self":[{"href":"https:\/\/guillermou-avocats.fr\/fr\/wp-json\/wp\/v2\/pages\/1850","targetHints":{"allow":["GET"]}}],"collection":[{"href":"https:\/\/guillermou-avocats.fr\/fr\/wp-json\/wp\/v2\/pages"}],"about":[{"href":"https:\/\/guillermou-avocats.fr\/fr\/wp-json\/wp\/v2\/types\/page"}],"author":[{"embeddable":true,"href":"https:\/\/guillermou-avocats.fr\/fr\/wp-json\/wp\/v2\/users\/2"}],"replies":[{"embeddable":true,"href":"https:\/\/guillermou-avocats.fr\/fr\/wp-json\/wp\/v2\/comments?post=1850"}],"version-history":[{"count":11,"href":"https:\/\/guillermou-avocats.fr\/fr\/wp-json\/wp\/v2\/pages\/1850\/revisions"}],"predecessor-version":[{"id":5063,"href":"https:\/\/guillermou-avocats.fr\/fr\/wp-json\/wp\/v2\/pages\/1850\/revisions\/5063"}],"up":[{"embeddable":true,"href":"https:\/\/guillermou-avocats.fr\/fr\/wp-json\/wp\/v2\/pages\/1807"}],"wp:attachment":[{"href":"https:\/\/guillermou-avocats.fr\/fr\/wp-json\/wp\/v2\/media?parent=1850"}],"curies":[{"name":"wp","href":"https:\/\/api.w.org\/{rel}","templated":true}]}}