{"id":1807,"date":"2017-08-10T17:29:50","date_gmt":"2017-08-10T15:29:50","guid":{"rendered":"https:\/\/guillermou-avocats.fr\/?page_id=1807"},"modified":"2021-08-26T17:19:29","modified_gmt":"2021-08-26T15:19:29","slug":"droits-victime","status":"publish","type":"page","link":"https:\/\/guillermou-avocats.fr\/fr\/droits-victime","title":{"rendered":"Vos droits de victime"},"content":{"rendered":"<div class=\"fusion-fullwidth fullwidth-box bigFontSize nonhundred-percent-fullwidth non-hundred-percent-height-scrolling\"  style='background-color: rgba(255,255,255,0);background-position: center center;background-repeat: no-repeat;padding-top:0px;padding-right:0px;padding-bottom:0px;padding-left:0px;'><div class=\"fusion-builder-row fusion-row \"><div  class=\"fusion-layout-column fusion_builder_column fusion_builder_column_1_1  fusion-one-full fusion-column-first fusion-column-last bigFontSize 1_1\"  style='margin-top:0px;margin-bottom:20px;'>\n\t\t\t\t\t<div class=\"fusion-column-wrapper\" style=\"padding: 0px 0px 0px 0px;background-position:left top;background-repeat:no-repeat;-webkit-background-size:cover;-moz-background-size:cover;-o-background-size:cover;background-size:cover;\"  data-bg-url=\"\">\n\t\t\t\t\t\t<div class=\"fusion-text\"><h2 style=\"text-align: center;\">VOS DROITS DE VICTIME<\/h2>\n<p style=\"text-align: justify;\">Afin de d\u00e9fendre au mieux vos int\u00e9r\u00eats, nous vous informons que plusieurs d\u00e9marches sont essentielles \u00e0 la constitution d&rsquo;un dossier solide.<\/p>\n<p style=\"text-align: justify;\">D&rsquo;abord, il\u00a0est essentiel de pouvoir prouver l&rsquo;\u00e9v\u00e9nement g\u00e9n\u00e9rateur du dommage.<\/p>\n<p style=\"text-align: justify;\">Si l&rsquo;origine du dommage provient d&rsquo;un accident: il faudra demander une copie des proc\u00e8s verbaux aux autorit\u00e9s comp\u00e9tentes comme \u00e9l\u00e9ment de preuve.<\/p>\n<p style=\"text-align: justify;\">Si vous ne pouvez pas vous les procurer, nous vous conseillons de\u00a0recueillir des\u00a0t\u00e9moignages et des attestations prouvant les faits \u00e0 l&rsquo;origine du dommage.<\/p>\n<p style=\"text-align: justify;\">Ensuite vous devez prouver les cons\u00e9quences de ce dommage, pour ce faire il faut\u00a0vous procurer votre dossier m\u00e9dical, futur \u00e9l\u00e9ment constitutif du dossier d&rsquo;expertise.<\/p>\n<p style=\"text-align: justify;\">Une fois ces \u00e9l\u00e9ments r\u00e9unis, que vous d\u00e9cidiez d&rsquo;avoir recours \u00e0 une proc\u00e9dure amiable ou judicaire, l&rsquo;assistance et les conseils de votre avocat seront\u00a0d\u00e9terminants pour obtenir une indemnisation optimum.<\/p>\n<p style=\"text-align: justify;\">Des frais ext\u00e9rieurs au cabinet peuvent \u00eatre engendr\u00e9s: vous devez\u00a0faire jouer votre protection juridique afin de les couvrir.<\/p>\n<p style=\"text-align: justify;\">Sachez d&rsquo;autre part, que vous pouvez b\u00e9n\u00e9ficier de plusieurs\u00a0aides suppl\u00e9mentaires aupr\u00e8s de votre maison d\u00e9partementale des personnes handicap\u00e9es\u00a0et que nous pouvons vous accompagner dans ces d\u00e9marches.<\/p>\n<\/div><div class=\"fusion-clearfix\"><\/div>\n\n\t\t\t\t\t<\/div>\n\t\t\t\t<\/div><\/div><\/div>\n","protected":false},"excerpt":{"rendered":"","protected":false},"author":2,"featured_media":0,"parent":0,"menu_order":37,"comment_status":"closed","ping_status":"closed","template":"","meta":{"footnotes":""},"class_list":["post-1807","page","type-page","status-publish","hentry"],"yoast_head":"<!-- This site is optimized with the Yoast SEO Premium plugin v23.4 (Yoast SEO v27.5) - https:\/\/yoast.com\/product\/yoast-seo-premium-wordpress\/ -->\n<title>Vos droits de victime - Avocat dommage corporel et handicap<\/title>\n<meta name=\"description\" content=\"Afin de d\u00e9fendre au mieux vos int\u00e9r\u00eats et vos droits, plusieurs d\u00e9marches sont n\u00e9cessaires. Le cabinet vous accompagne et conseille.\" \/>\n<meta name=\"robots\" content=\"index, follow, max-snippet:-1, max-image-preview:large, max-video-preview:-1\" \/>\n<link rel=\"canonical\" href=\"https:\/\/proxima2023.okoumea.com\/fr\/droits-victime\" \/>\n<meta property=\"og:locale\" content=\"fr_FR\" \/>\n<meta property=\"og:type\" content=\"article\" \/>\n<meta property=\"og:title\" content=\"Vos droits de victime - Avocat dommage corporel et handicap\" \/>\n<meta property=\"og:description\" content=\"Afin de d\u00e9fendre au mieux vos int\u00e9r\u00eats et vos droits, plusieurs d\u00e9marches sont n\u00e9cessaires. Le cabinet vous accompagne et conseille.\" \/>\n<meta property=\"og:url\" content=\"https:\/\/proxima2023.okoumea.com\/fr\/droits-victime\" \/>\n<meta property=\"og:site_name\" content=\"Avocat indemnisation de victimes\" \/>\n<meta property=\"article:publisher\" content=\"https:\/\/www.facebook.com\/emericguillermou\/\" \/>\n<meta property=\"article:modified_time\" content=\"2021-08-26T15:19:29+00:00\" \/>\n<meta name=\"twitter:card\" content=\"summary_large_image\" \/>\n<meta name=\"twitter:site\" content=\"@eguillermou\" \/>\n<meta name=\"twitter:label1\" content=\"Dur\u00e9e de lecture estim\u00e9e\" \/>\n\t<meta name=\"twitter:data1\" content=\"2 minutes\" \/>\n<script type=\"application\/ld+json\" class=\"yoast-schema-graph\">{\"@context\":\"https:\\\/\\\/schema.org\",\"@graph\":[{\"@type\":\"WebPage\",\"@id\":\"https:\\\/\\\/proxima2023.okoumea.com\\\/fr\\\/droits-victime\",\"url\":\"https:\\\/\\\/proxima2023.okoumea.com\\\/fr\\\/droits-victime\",\"name\":\"Vos droits de victime - Avocat dommage corporel et handicap\",\"isPartOf\":{\"@id\":\"https:\\\/\\\/proxima2023.okoumea.com\\\/fr\\\/#website\"},\"datePublished\":\"2017-08-10T15:29:50+00:00\",\"dateModified\":\"2021-08-26T15:19:29+00:00\",\"description\":\"Afin de d\u00e9fendre au mieux vos int\u00e9r\u00eats et vos droits, plusieurs d\u00e9marches sont n\u00e9cessaires. Le cabinet vous accompagne et conseille.\",\"inLanguage\":\"fr-FR\",\"potentialAction\":[{\"@type\":\"ReadAction\",\"target\":[\"https:\\\/\\\/proxima2023.okoumea.com\\\/fr\\\/droits-victime\"]}]},{\"@type\":\"WebSite\",\"@id\":\"https:\\\/\\\/proxima2023.okoumea.com\\\/fr\\\/#website\",\"url\":\"https:\\\/\\\/proxima2023.okoumea.com\\\/fr\\\/\",\"name\":\"Proxima - Avocats indemnisation de victimes\",\"description\":\"Chaque jour est un nouveau cap \u00e0 franchir ensemble\",\"publisher\":{\"@id\":\"https:\\\/\\\/proxima2023.okoumea.com\\\/fr\\\/#organization\"},\"potentialAction\":[{\"@type\":\"SearchAction\",\"target\":{\"@type\":\"EntryPoint\",\"urlTemplate\":\"https:\\\/\\\/proxima2023.okoumea.com\\\/fr\\\/?s={search_term_string}\"},\"query-input\":{\"@type\":\"PropertyValueSpecification\",\"valueRequired\":true,\"valueName\":\"search_term_string\"}}],\"inLanguage\":\"fr-FR\"},{\"@type\":\"Organization\",\"@id\":\"https:\\\/\\\/proxima2023.okoumea.com\\\/fr\\\/#organization\",\"name\":\"CABINET PROXIMA GUILLERMOU AVOCATS\",\"url\":\"https:\\\/\\\/proxima2023.okoumea.com\\\/fr\\\/\",\"logo\":{\"@type\":\"ImageObject\",\"inLanguage\":\"fr-FR\",\"@id\":\"https:\\\/\\\/proxima2023.okoumea.com\\\/fr\\\/#\\\/schema\\\/logo\\\/image\\\/\",\"url\":\"https:\\\/\\\/guillermou-avocats.fr\\\/wp-content\\\/uploads\\\/2024\\\/08\\\/2Fichier-12ProximaLogox1.png\",\"contentUrl\":\"https:\\\/\\\/guillermou-avocats.fr\\\/wp-content\\\/uploads\\\/2024\\\/08\\\/2Fichier-12ProximaLogox1.png\",\"width\":836,\"height\":825,\"caption\":\"CABINET PROXIMA GUILLERMOU AVOCATS\"},\"image\":{\"@id\":\"https:\\\/\\\/proxima2023.okoumea.com\\\/fr\\\/#\\\/schema\\\/logo\\\/image\\\/\"},\"sameAs\":[\"https:\\\/\\\/www.facebook.com\\\/emericguillermou\\\/\",\"https:\\\/\\\/x.com\\\/eguillermou\",\"https:\\\/\\\/fr.linkedin.com\\\/in\\\/emeric-guillermou-6a4b9bb6\",\"https:\\\/\\\/www.youtube.com\\\/@emericguillermou9412\"]}]}<\/script>\n<!-- \/ Yoast SEO Premium plugin. -->","yoast_head_json":{"title":"Vos droits de victime - Avocat dommage corporel et handicap","description":"Afin de d\u00e9fendre au mieux vos int\u00e9r\u00eats et vos droits, plusieurs d\u00e9marches sont n\u00e9cessaires. Le cabinet vous accompagne et conseille.","robots":{"index":"index","follow":"follow","max-snippet":"max-snippet:-1","max-image-preview":"max-image-preview:large","max-video-preview":"max-video-preview:-1"},"canonical":"https:\/\/proxima2023.okoumea.com\/fr\/droits-victime","og_locale":"fr_FR","og_type":"article","og_title":"Vos droits de victime - Avocat dommage corporel et handicap","og_description":"Afin de d\u00e9fendre au mieux vos int\u00e9r\u00eats et vos droits, plusieurs d\u00e9marches sont n\u00e9cessaires. Le cabinet vous accompagne et conseille.","og_url":"https:\/\/proxima2023.okoumea.com\/fr\/droits-victime","og_site_name":"Avocat indemnisation de victimes","article_publisher":"https:\/\/www.facebook.com\/emericguillermou\/","article_modified_time":"2021-08-26T15:19:29+00:00","twitter_card":"summary_large_image","twitter_site":"@eguillermou","twitter_misc":{"Dur\u00e9e de lecture estim\u00e9e":"2 minutes"},"schema":{"@context":"https:\/\/schema.org","@graph":[{"@type":"WebPage","@id":"https:\/\/proxima2023.okoumea.com\/fr\/droits-victime","url":"https:\/\/proxima2023.okoumea.com\/fr\/droits-victime","name":"Vos droits de victime - Avocat dommage corporel et handicap","isPartOf":{"@id":"https:\/\/proxima2023.okoumea.com\/fr\/#website"},"datePublished":"2017-08-10T15:29:50+00:00","dateModified":"2021-08-26T15:19:29+00:00","description":"Afin de d\u00e9fendre au mieux vos int\u00e9r\u00eats et vos droits, plusieurs d\u00e9marches sont n\u00e9cessaires. Le cabinet vous accompagne et conseille.","inLanguage":"fr-FR","potentialAction":[{"@type":"ReadAction","target":["https:\/\/proxima2023.okoumea.com\/fr\/droits-victime"]}]},{"@type":"WebSite","@id":"https:\/\/proxima2023.okoumea.com\/fr\/#website","url":"https:\/\/proxima2023.okoumea.com\/fr\/","name":"Proxima - Avocats indemnisation de victimes","description":"Chaque jour est un nouveau cap \u00e0 franchir ensemble","publisher":{"@id":"https:\/\/proxima2023.okoumea.com\/fr\/#organization"},"potentialAction":[{"@type":"SearchAction","target":{"@type":"EntryPoint","urlTemplate":"https:\/\/proxima2023.okoumea.com\/fr\/?s={search_term_string}"},"query-input":{"@type":"PropertyValueSpecification","valueRequired":true,"valueName":"search_term_string"}}],"inLanguage":"fr-FR"},{"@type":"Organization","@id":"https:\/\/proxima2023.okoumea.com\/fr\/#organization","name":"CABINET PROXIMA GUILLERMOU AVOCATS","url":"https:\/\/proxima2023.okoumea.com\/fr\/","logo":{"@type":"ImageObject","inLanguage":"fr-FR","@id":"https:\/\/proxima2023.okoumea.com\/fr\/#\/schema\/logo\/image\/","url":"https:\/\/guillermou-avocats.fr\/wp-content\/uploads\/2024\/08\/2Fichier-12ProximaLogox1.png","contentUrl":"https:\/\/guillermou-avocats.fr\/wp-content\/uploads\/2024\/08\/2Fichier-12ProximaLogox1.png","width":836,"height":825,"caption":"CABINET PROXIMA GUILLERMOU AVOCATS"},"image":{"@id":"https:\/\/proxima2023.okoumea.com\/fr\/#\/schema\/logo\/image\/"},"sameAs":["https:\/\/www.facebook.com\/emericguillermou\/","https:\/\/x.com\/eguillermou","https:\/\/fr.linkedin.com\/in\/emeric-guillermou-6a4b9bb6","https:\/\/www.youtube.com\/@emericguillermou9412"]}]}},"_links":{"self":[{"href":"https:\/\/guillermou-avocats.fr\/fr\/wp-json\/wp\/v2\/pages\/1807","targetHints":{"allow":["GET"]}}],"collection":[{"href":"https:\/\/guillermou-avocats.fr\/fr\/wp-json\/wp\/v2\/pages"}],"about":[{"href":"https:\/\/guillermou-avocats.fr\/fr\/wp-json\/wp\/v2\/types\/page"}],"author":[{"embeddable":true,"href":"https:\/\/guillermou-avocats.fr\/fr\/wp-json\/wp\/v2\/users\/2"}],"replies":[{"embeddable":true,"href":"https:\/\/guillermou-avocats.fr\/fr\/wp-json\/wp\/v2\/comments?post=1807"}],"version-history":[{"count":21,"href":"https:\/\/guillermou-avocats.fr\/fr\/wp-json\/wp\/v2\/pages\/1807\/revisions"}],"predecessor-version":[{"id":8052,"href":"https:\/\/guillermou-avocats.fr\/fr\/wp-json\/wp\/v2\/pages\/1807\/revisions\/8052"}],"wp:attachment":[{"href":"https:\/\/guillermou-avocats.fr\/fr\/wp-json\/wp\/v2\/media?parent=1807"}],"curies":[{"name":"wp","href":"https:\/\/api.w.org\/{rel}","templated":true}]}}