{"id":1699,"date":"2017-08-10T09:23:20","date_gmt":"2017-08-10T07:23:20","guid":{"rendered":"https:\/\/guillermou-avocats.fr\/?page_id=1699"},"modified":"2018-02-05T16:04:03","modified_gmt":"2018-02-05T15:04:03","slug":"id-6-accident-travail-indemnisation","status":"publish","type":"page","link":"https:\/\/guillermou-avocats.fr\/fr\/id-6-accident-travail-indemnisation","title":{"rendered":"Accidents du travail"},"content":{"rendered":"<div class=\"fusion-fullwidth fullwidth-box bigFontSize nonhundred-percent-fullwidth non-hundred-percent-height-scrolling\"  style='background-color: rgba(255,255,255,0);background-position: center center;background-repeat: no-repeat;padding-top:0px;padding-right:0px;padding-bottom:0px;padding-left:0px;'><div class=\"fusion-builder-row fusion-row \"><div  class=\"fusion-layout-column fusion_builder_column fusion_builder_column_1_1  fusion-one-full fusion-column-first fusion-column-last bigFontSize 1_1\"  style='margin-top:0px;margin-bottom:0px;'>\n\t\t\t\t\t<div class=\"fusion-column-wrapper\" style=\"background-position:left top;background-repeat:no-repeat;-webkit-background-size:cover;-moz-background-size:cover;-o-background-size:cover;background-size:cover;\"  data-bg-url=\"\">\n\t\t\t\t\t\t<div class=\"fusion-text\"><h2 class=\"titre-page\" style=\"text-align: center;\">La r\u00e9paration de la victime d\u2019un accident du travail<\/h2>\n<p>&nbsp;<\/p>\n<div id=\"preview\">\n<div id=\"texte-interne\">\n<div id=\"liste-expertises\">\n<div id=\"expertise\">\n<p style=\"text-align: justify;\">Elle s\u2019effectue principalement par l\u2019organisme social (CPAM, RSI\u2026) si bien que les victimes d\u2019accident du travail sont les victimes les moins bien indemnis\u00e9es: la r\u00e9paration est forfaitaire.<\/p>\n<p style=\"text-align: justify;\">Toutefois, la victime peut solliciter une\u00a0<strong>indemnisation compl\u00e9mentaire<\/strong>\u00a0lorsque le dommage est d\u00fb \u00e0 une\u00a0<strong>faute inexcusable de l\u2019employeur<\/strong>. Dans ce cas, la victime est soumise \u00e0 un r\u00e9gime d\u00e9rogatoire conform\u00e9ment \u00e0 l\u2019article L 451-1 du code de la s\u00e9curit\u00e9 sociale.<\/p>\n<p style=\"text-align: justify;\">Cette indemnisation comprend la r\u00e9paration du pr\u00e9judice: esth\u00e9tique, d&rsquo;agr\u00e9ment, le pr\u00e9judice caus\u00e9 par les souffrances physiques et morales endur\u00e9es et celui r\u00e9sultant de la perte ou de la diminution des possibilit\u00e9s de promotion au niveau professionnel. Elle peut aussi comprendre\u00a0une majoration de la rente. Pour la victime dont le taux d&rsquo;incapacit\u00e9 atteint 100%,\u00a0l&rsquo;indemnisation\u00a0forfaitaire sera \u00e9gale au montant du salaire minimum l\u00e9gal en vigueur \u00e0 la date de consolidation.<\/p>\n<\/div>\n<\/div>\n<\/div>\n<\/div>\n<\/div><div class=\"fusion-clearfix\"><\/div>\n\n\t\t\t\t\t<\/div>\n\t\t\t\t<\/div><\/div><\/div>\n","protected":false},"excerpt":{"rendered":"","protected":false},"author":2,"featured_media":0,"parent":0,"menu_order":7,"comment_status":"closed","ping_status":"closed","template":"","meta":{"footnotes":""},"class_list":["post-1699","page","type-page","status-publish","hentry"],"yoast_head":"<!-- This site is optimized with the Yoast SEO Premium plugin v23.4 (Yoast SEO v27.4) - https:\/\/yoast.com\/product\/yoast-seo-premium-wordpress\/ -->\n<title>Accidents du travail - Avocat indemnisation de victimes<\/title>\n<meta name=\"robots\" content=\"index, follow, max-snippet:-1, max-image-preview:large, max-video-preview:-1\" \/>\n<link rel=\"canonical\" href=\"https:\/\/proxima2023.okoumea.com\/fr\/id-6-accident-travail-indemnisation\" \/>\n<meta property=\"og:locale\" content=\"fr_FR\" \/>\n<meta property=\"og:type\" content=\"article\" \/>\n<meta property=\"og:title\" content=\"Accidents du travail - Avocat indemnisation de victimes\" \/>\n<meta property=\"og:url\" content=\"https:\/\/proxima2023.okoumea.com\/fr\/id-6-accident-travail-indemnisation\" \/>\n<meta property=\"og:site_name\" content=\"Avocat indemnisation de victimes\" \/>\n<meta property=\"article:publisher\" content=\"https:\/\/www.facebook.com\/emericguillermou\/\" \/>\n<meta property=\"article:modified_time\" content=\"2018-02-05T15:04:03+00:00\" \/>\n<meta name=\"twitter:card\" content=\"summary_large_image\" \/>\n<meta name=\"twitter:site\" content=\"@eguillermou\" \/>\n<meta name=\"twitter:label1\" content=\"Dur\u00e9e de lecture estim\u00e9e\" \/>\n\t<meta name=\"twitter:data1\" content=\"2 minutes\" \/>\n<script type=\"application\/ld+json\" class=\"yoast-schema-graph\">{\"@context\":\"https:\\\/\\\/schema.org\",\"@graph\":[{\"@type\":\"WebPage\",\"@id\":\"https:\\\/\\\/proxima2023.okoumea.com\\\/fr\\\/id-6-accident-travail-indemnisation\",\"url\":\"https:\\\/\\\/proxima2023.okoumea.com\\\/fr\\\/id-6-accident-travail-indemnisation\",\"name\":\"Accidents du travail - Avocat indemnisation de victimes\",\"isPartOf\":{\"@id\":\"https:\\\/\\\/proxima2023.okoumea.com\\\/fr\\\/#website\"},\"datePublished\":\"2017-08-10T07:23:20+00:00\",\"dateModified\":\"2018-02-05T15:04:03+00:00\",\"inLanguage\":\"fr-FR\",\"potentialAction\":[{\"@type\":\"ReadAction\",\"target\":[\"https:\\\/\\\/proxima2023.okoumea.com\\\/fr\\\/id-6-accident-travail-indemnisation\"]}]},{\"@type\":\"WebSite\",\"@id\":\"https:\\\/\\\/proxima2023.okoumea.com\\\/fr\\\/#website\",\"url\":\"https:\\\/\\\/proxima2023.okoumea.com\\\/fr\\\/\",\"name\":\"Proxima - Avocats indemnisation de victimes\",\"description\":\"Chaque jour est un nouveau cap \u00e0 franchir ensemble\",\"publisher\":{\"@id\":\"https:\\\/\\\/proxima2023.okoumea.com\\\/fr\\\/#organization\"},\"potentialAction\":[{\"@type\":\"SearchAction\",\"target\":{\"@type\":\"EntryPoint\",\"urlTemplate\":\"https:\\\/\\\/proxima2023.okoumea.com\\\/fr\\\/?s={search_term_string}\"},\"query-input\":{\"@type\":\"PropertyValueSpecification\",\"valueRequired\":true,\"valueName\":\"search_term_string\"}}],\"inLanguage\":\"fr-FR\"},{\"@type\":\"Organization\",\"@id\":\"https:\\\/\\\/proxima2023.okoumea.com\\\/fr\\\/#organization\",\"name\":\"CABINET PROXIMA GUILLERMOU AVOCATS\",\"url\":\"https:\\\/\\\/proxima2023.okoumea.com\\\/fr\\\/\",\"logo\":{\"@type\":\"ImageObject\",\"inLanguage\":\"fr-FR\",\"@id\":\"https:\\\/\\\/proxima2023.okoumea.com\\\/fr\\\/#\\\/schema\\\/logo\\\/image\\\/\",\"url\":\"https:\\\/\\\/guillermou-avocats.fr\\\/wp-content\\\/uploads\\\/2024\\\/08\\\/2Fichier-12ProximaLogox1.png\",\"contentUrl\":\"https:\\\/\\\/guillermou-avocats.fr\\\/wp-content\\\/uploads\\\/2024\\\/08\\\/2Fichier-12ProximaLogox1.png\",\"width\":836,\"height\":825,\"caption\":\"CABINET PROXIMA GUILLERMOU AVOCATS\"},\"image\":{\"@id\":\"https:\\\/\\\/proxima2023.okoumea.com\\\/fr\\\/#\\\/schema\\\/logo\\\/image\\\/\"},\"sameAs\":[\"https:\\\/\\\/www.facebook.com\\\/emericguillermou\\\/\",\"https:\\\/\\\/x.com\\\/eguillermou\",\"https:\\\/\\\/fr.linkedin.com\\\/in\\\/emeric-guillermou-6a4b9bb6\",\"https:\\\/\\\/www.youtube.com\\\/@emericguillermou9412\"]}]}<\/script>\n<!-- \/ Yoast SEO Premium plugin. -->","yoast_head_json":{"title":"Accidents du travail - Avocat indemnisation de victimes","robots":{"index":"index","follow":"follow","max-snippet":"max-snippet:-1","max-image-preview":"max-image-preview:large","max-video-preview":"max-video-preview:-1"},"canonical":"https:\/\/proxima2023.okoumea.com\/fr\/id-6-accident-travail-indemnisation","og_locale":"fr_FR","og_type":"article","og_title":"Accidents du travail - Avocat indemnisation de victimes","og_url":"https:\/\/proxima2023.okoumea.com\/fr\/id-6-accident-travail-indemnisation","og_site_name":"Avocat indemnisation de victimes","article_publisher":"https:\/\/www.facebook.com\/emericguillermou\/","article_modified_time":"2018-02-05T15:04:03+00:00","twitter_card":"summary_large_image","twitter_site":"@eguillermou","twitter_misc":{"Dur\u00e9e de lecture estim\u00e9e":"2 minutes"},"schema":{"@context":"https:\/\/schema.org","@graph":[{"@type":"WebPage","@id":"https:\/\/proxima2023.okoumea.com\/fr\/id-6-accident-travail-indemnisation","url":"https:\/\/proxima2023.okoumea.com\/fr\/id-6-accident-travail-indemnisation","name":"Accidents du travail - Avocat indemnisation de victimes","isPartOf":{"@id":"https:\/\/proxima2023.okoumea.com\/fr\/#website"},"datePublished":"2017-08-10T07:23:20+00:00","dateModified":"2018-02-05T15:04:03+00:00","inLanguage":"fr-FR","potentialAction":[{"@type":"ReadAction","target":["https:\/\/proxima2023.okoumea.com\/fr\/id-6-accident-travail-indemnisation"]}]},{"@type":"WebSite","@id":"https:\/\/proxima2023.okoumea.com\/fr\/#website","url":"https:\/\/proxima2023.okoumea.com\/fr\/","name":"Proxima - Avocats indemnisation de victimes","description":"Chaque jour est un nouveau cap \u00e0 franchir ensemble","publisher":{"@id":"https:\/\/proxima2023.okoumea.com\/fr\/#organization"},"potentialAction":[{"@type":"SearchAction","target":{"@type":"EntryPoint","urlTemplate":"https:\/\/proxima2023.okoumea.com\/fr\/?s={search_term_string}"},"query-input":{"@type":"PropertyValueSpecification","valueRequired":true,"valueName":"search_term_string"}}],"inLanguage":"fr-FR"},{"@type":"Organization","@id":"https:\/\/proxima2023.okoumea.com\/fr\/#organization","name":"CABINET PROXIMA GUILLERMOU AVOCATS","url":"https:\/\/proxima2023.okoumea.com\/fr\/","logo":{"@type":"ImageObject","inLanguage":"fr-FR","@id":"https:\/\/proxima2023.okoumea.com\/fr\/#\/schema\/logo\/image\/","url":"https:\/\/guillermou-avocats.fr\/wp-content\/uploads\/2024\/08\/2Fichier-12ProximaLogox1.png","contentUrl":"https:\/\/guillermou-avocats.fr\/wp-content\/uploads\/2024\/08\/2Fichier-12ProximaLogox1.png","width":836,"height":825,"caption":"CABINET PROXIMA GUILLERMOU AVOCATS"},"image":{"@id":"https:\/\/proxima2023.okoumea.com\/fr\/#\/schema\/logo\/image\/"},"sameAs":["https:\/\/www.facebook.com\/emericguillermou\/","https:\/\/x.com\/eguillermou","https:\/\/fr.linkedin.com\/in\/emeric-guillermou-6a4b9bb6","https:\/\/www.youtube.com\/@emericguillermou9412"]}]}},"_links":{"self":[{"href":"https:\/\/guillermou-avocats.fr\/fr\/wp-json\/wp\/v2\/pages\/1699","targetHints":{"allow":["GET"]}}],"collection":[{"href":"https:\/\/guillermou-avocats.fr\/fr\/wp-json\/wp\/v2\/pages"}],"about":[{"href":"https:\/\/guillermou-avocats.fr\/fr\/wp-json\/wp\/v2\/types\/page"}],"author":[{"embeddable":true,"href":"https:\/\/guillermou-avocats.fr\/fr\/wp-json\/wp\/v2\/users\/2"}],"replies":[{"embeddable":true,"href":"https:\/\/guillermou-avocats.fr\/fr\/wp-json\/wp\/v2\/comments?post=1699"}],"version-history":[{"count":13,"href":"https:\/\/guillermou-avocats.fr\/fr\/wp-json\/wp\/v2\/pages\/1699\/revisions"}],"predecessor-version":[{"id":8437,"href":"https:\/\/guillermou-avocats.fr\/fr\/wp-json\/wp\/v2\/pages\/1699\/revisions\/8437"}],"wp:attachment":[{"href":"https:\/\/guillermou-avocats.fr\/fr\/wp-json\/wp\/v2\/media?parent=1699"}],"curies":[{"name":"wp","href":"https:\/\/api.w.org\/{rel}","templated":true}]}}