{"id":1689,"date":"2017-08-10T09:18:23","date_gmt":"2017-08-10T07:18:23","guid":{"rendered":"https:\/\/guillermou-avocats.fr\/?page_id=1689"},"modified":"2018-02-05T16:08:17","modified_gmt":"2018-02-05T15:08:17","slug":"id-1-accident-route-indemnisation","status":"publish","type":"page","link":"https:\/\/guillermou-avocats.fr\/fr\/indemnisation-prejudice\/id-1-accident-route-indemnisation","title":{"rendered":"Accidents de la route"},"content":{"rendered":"<div class=\"fusion-fullwidth fullwidth-box nonhundred-percent-fullwidth non-hundred-percent-height-scrolling\"  style='background-color: rgba(255,255,255,0);background-position: center center;background-repeat: no-repeat;padding-top:0px;padding-right:0px;padding-bottom:0px;padding-left:0px;'><div class=\"fusion-builder-row fusion-row \"><div  class=\"fusion-layout-column fusion_builder_column fusion_builder_column_1_1  fusion-one-full fusion-column-first fusion-column-last bigFontSize 1_1\"  style='margin-top:0px;margin-bottom:0px;'>\n\t\t\t\t\t<div class=\"fusion-column-wrapper\" style=\"background-position:left top;background-repeat:no-repeat;-webkit-background-size:cover;-moz-background-size:cover;-o-background-size:cover;background-size:cover;\"  data-bg-url=\"\">\n\t\t\t\t\t\t<div class=\"fusion-text\"><h2 class=\"titre-page\" style=\"text-align: center;\">Indemnisation des accidents de la route<\/h2>\n<p style=\"text-align: justify;\">L\u2019indemnisation de la victime d\u2019un accident de la voie publique rel\u00e8ve de la loi dite BADINTER du 5 juillet 1985.<\/p>\n<div id=\"preview\">\n<div id=\"texte-interne\">\n<div id=\"liste-expertises\">\n<div id=\"expertise\">\n<p style=\"text-align: justify;\">Cette loi oblige l\u2019assureur de tout v\u00e9hicule terrestre \u00e0 moteur (moto, scooter, autre deux roues, voiture, autocar, tracteur, camion&#8230;) impliqu\u00e9 \u00e0 se rapprocher de la victime afin de lui proposer le r\u00e8glement d\u2019une offre d\u2019indemnisation provisionnelle ou d\u00e9finitive.<\/p>\n<p style=\"text-align: justify;\">Les personnes pouvant \u00eatre indemnis\u00e9es sont:<\/p>\n<ul style=\"text-align: justify;\">\n<li>le conducteur: il sera indemnis\u00e9 de ses dommages corporels \u00e0 condition de ne pas avoir commis de faute. La hauteur de sa responsabilit\u00e9 dans l&rsquo;accident peut limiter ou exclure son droit \u00e0 indemnisation.<\/li>\n<li>Le pi\u00e9ton, le cycliste, le passager victime: l&rsquo;indemnisation de ses dommages corporels sera int\u00e9grale\u00a0sauf si la victime a commis une faute inexcusable \u00e0 l&rsquo;origine de l&rsquo;accident, dans ce cas elle ne sera pas indemnis\u00e9e. Toutefois, sa faute ne sera pas retenue si, au moment de l&rsquo;accident, elle\u00a0\u00e9tait \u00e2g\u00e9e de moins de 16ans, de plus de 70 ans ou si elle est atteinte d&rsquo;une invalidit\u00e9\u00a0d&rsquo;au moins 80% voire d&rsquo;une incapacit\u00e9 permanente.<\/li>\n<\/ul>\n<p style=\"text-align: justify;\">Dans le cas o\u00f9 l\u2019accident ne rel\u00e8ve de la comp\u00e9tence d\u2019aucune assurance, par exemple lorsque l\u2019auteur des faits est inconnu ou lorsqu\u2019il n\u2019est pas assur\u00e9, l\u2019indemnisation de la victime rel\u00e8ve du Fonds de Garantie des Assurances Obligatoires (FGAO).<br \/>\nUne proc\u00e9dure sp\u00e9ciale permet l&rsquo;indemnisation des ressortissants fran\u00e7ais ayant un accident de la route \u00e0 l&rsquo;\u00e9tranger.<br \/>\nLes compagnies d&rsquo;assurances peuvent exposer des exclusions au paiement de l&rsquo;indemnisation de votre pr\u00e9judice (ex: invoquer l&rsquo;\u00e9tat ant\u00e9rieur de la victime) ou encore des r\u00e9ductions de droit \u00e0 indemnisation (ex: la victime conductrice partage la responsabilit\u00e9 de l&rsquo;accident).<br \/>\nEn tout \u00e9tat de cause, l&rsquo;assureur va engager une expertise m\u00e9dicale\u00a0qui\u00a0sera cruciale pour d\u00e9terminer les postes indemnisables: faites vous accompagner d&rsquo;un m\u00e9decin conseil et d&rsquo;un avocat comp\u00e9tent en mati\u00e8re de dommage corporel afin qu&rsquo;elle se d\u00e9roule\u00a0\u00e9quitablement.<\/p>\n<\/div>\n<\/div>\n<\/div>\n<\/div>\n<\/div><div class=\"fusion-clearfix\"><\/div>\n\n\t\t\t\t\t<\/div>\n\t\t\t\t<\/div><\/div><\/div>\n","protected":false},"excerpt":{"rendered":"","protected":false},"author":2,"featured_media":0,"parent":1243,"menu_order":4,"comment_status":"closed","ping_status":"closed","template":"","meta":{"footnotes":""},"class_list":["post-1689","page","type-page","status-publish","hentry"],"yoast_head":"<!-- This site is optimized with the Yoast SEO Premium plugin v23.4 (Yoast SEO v27.3) - https:\/\/yoast.com\/product\/yoast-seo-premium-wordpress\/ -->\n<title>Accidents de la route - Avocat indemnisation de victimes<\/title>\n<meta name=\"robots\" content=\"index, follow, max-snippet:-1, max-image-preview:large, max-video-preview:-1\" \/>\n<link rel=\"canonical\" href=\"https:\/\/proxima2023.okoumea.com\/fr\/indemnisation-prejudice\/id-1-accident-route-indemnisation\" \/>\n<meta property=\"og:locale\" content=\"fr_FR\" \/>\n<meta property=\"og:type\" content=\"article\" \/>\n<meta property=\"og:title\" content=\"Accidents de la route - Avocat indemnisation de victimes\" \/>\n<meta property=\"og:url\" content=\"https:\/\/proxima2023.okoumea.com\/fr\/indemnisation-prejudice\/id-1-accident-route-indemnisation\" \/>\n<meta property=\"og:site_name\" content=\"Avocat indemnisation de victimes\" \/>\n<meta property=\"article:publisher\" content=\"https:\/\/www.facebook.com\/emericguillermou\/\" \/>\n<meta property=\"article:modified_time\" content=\"2018-02-05T15:08:17+00:00\" \/>\n<meta name=\"twitter:card\" content=\"summary_large_image\" \/>\n<meta name=\"twitter:site\" content=\"@eguillermou\" \/>\n<meta name=\"twitter:label1\" content=\"Dur\u00e9e de lecture estim\u00e9e\" \/>\n\t<meta name=\"twitter:data1\" content=\"2 minutes\" \/>\n<script type=\"application\/ld+json\" class=\"yoast-schema-graph\">{\"@context\":\"https:\\\/\\\/schema.org\",\"@graph\":[{\"@type\":\"WebPage\",\"@id\":\"https:\\\/\\\/proxima2023.okoumea.com\\\/fr\\\/indemnisation-prejudice\\\/id-1-accident-route-indemnisation\",\"url\":\"https:\\\/\\\/proxima2023.okoumea.com\\\/fr\\\/indemnisation-prejudice\\\/id-1-accident-route-indemnisation\",\"name\":\"Accidents de la route - Avocat indemnisation de victimes\",\"isPartOf\":{\"@id\":\"https:\\\/\\\/proxima2023.okoumea.com\\\/fr\\\/#website\"},\"datePublished\":\"2017-08-10T07:18:23+00:00\",\"dateModified\":\"2018-02-05T15:08:17+00:00\",\"breadcrumb\":{\"@id\":\"https:\\\/\\\/proxima2023.okoumea.com\\\/fr\\\/indemnisation-prejudice\\\/id-1-accident-route-indemnisation#breadcrumb\"},\"inLanguage\":\"fr-FR\",\"potentialAction\":[{\"@type\":\"ReadAction\",\"target\":[\"https:\\\/\\\/proxima2023.okoumea.com\\\/fr\\\/indemnisation-prejudice\\\/id-1-accident-route-indemnisation\"]}]},{\"@type\":\"BreadcrumbList\",\"@id\":\"https:\\\/\\\/proxima2023.okoumea.com\\\/fr\\\/indemnisation-prejudice\\\/id-1-accident-route-indemnisation#breadcrumb\",\"itemListElement\":[{\"@type\":\"ListItem\",\"position\":1,\"name\":\"Indemnisation du pr\u00e9judice\",\"item\":\"https:\\\/\\\/proxima2023.okoumea.com\\\/fr\\\/indemnisation-prejudice\"},{\"@type\":\"ListItem\",\"position\":2,\"name\":\"Accidents de la route\"}]},{\"@type\":\"WebSite\",\"@id\":\"https:\\\/\\\/proxima2023.okoumea.com\\\/fr\\\/#website\",\"url\":\"https:\\\/\\\/proxima2023.okoumea.com\\\/fr\\\/\",\"name\":\"Proxima - Avocats indemnisation de victimes\",\"description\":\"Chaque jour est un nouveau cap \u00e0 franchir ensemble\",\"publisher\":{\"@id\":\"https:\\\/\\\/proxima2023.okoumea.com\\\/fr\\\/#organization\"},\"potentialAction\":[{\"@type\":\"SearchAction\",\"target\":{\"@type\":\"EntryPoint\",\"urlTemplate\":\"https:\\\/\\\/proxima2023.okoumea.com\\\/fr\\\/?s={search_term_string}\"},\"query-input\":{\"@type\":\"PropertyValueSpecification\",\"valueRequired\":true,\"valueName\":\"search_term_string\"}}],\"inLanguage\":\"fr-FR\"},{\"@type\":\"Organization\",\"@id\":\"https:\\\/\\\/proxima2023.okoumea.com\\\/fr\\\/#organization\",\"name\":\"CABINET PROXIMA GUILLERMOU AVOCATS\",\"url\":\"https:\\\/\\\/proxima2023.okoumea.com\\\/fr\\\/\",\"logo\":{\"@type\":\"ImageObject\",\"inLanguage\":\"fr-FR\",\"@id\":\"https:\\\/\\\/proxima2023.okoumea.com\\\/fr\\\/#\\\/schema\\\/logo\\\/image\\\/\",\"url\":\"https:\\\/\\\/guillermou-avocats.fr\\\/wp-content\\\/uploads\\\/2024\\\/08\\\/2Fichier-12ProximaLogox1.png\",\"contentUrl\":\"https:\\\/\\\/guillermou-avocats.fr\\\/wp-content\\\/uploads\\\/2024\\\/08\\\/2Fichier-12ProximaLogox1.png\",\"width\":836,\"height\":825,\"caption\":\"CABINET PROXIMA GUILLERMOU AVOCATS\"},\"image\":{\"@id\":\"https:\\\/\\\/proxima2023.okoumea.com\\\/fr\\\/#\\\/schema\\\/logo\\\/image\\\/\"},\"sameAs\":[\"https:\\\/\\\/www.facebook.com\\\/emericguillermou\\\/\",\"https:\\\/\\\/x.com\\\/eguillermou\",\"https:\\\/\\\/fr.linkedin.com\\\/in\\\/emeric-guillermou-6a4b9bb6\",\"https:\\\/\\\/www.youtube.com\\\/@emericguillermou9412\"]}]}<\/script>\n<!-- \/ Yoast SEO Premium plugin. -->","yoast_head_json":{"title":"Accidents de la route - Avocat indemnisation de victimes","robots":{"index":"index","follow":"follow","max-snippet":"max-snippet:-1","max-image-preview":"max-image-preview:large","max-video-preview":"max-video-preview:-1"},"canonical":"https:\/\/proxima2023.okoumea.com\/fr\/indemnisation-prejudice\/id-1-accident-route-indemnisation","og_locale":"fr_FR","og_type":"article","og_title":"Accidents de la route - Avocat indemnisation de victimes","og_url":"https:\/\/proxima2023.okoumea.com\/fr\/indemnisation-prejudice\/id-1-accident-route-indemnisation","og_site_name":"Avocat indemnisation de victimes","article_publisher":"https:\/\/www.facebook.com\/emericguillermou\/","article_modified_time":"2018-02-05T15:08:17+00:00","twitter_card":"summary_large_image","twitter_site":"@eguillermou","twitter_misc":{"Dur\u00e9e de lecture estim\u00e9e":"2 minutes"},"schema":{"@context":"https:\/\/schema.org","@graph":[{"@type":"WebPage","@id":"https:\/\/proxima2023.okoumea.com\/fr\/indemnisation-prejudice\/id-1-accident-route-indemnisation","url":"https:\/\/proxima2023.okoumea.com\/fr\/indemnisation-prejudice\/id-1-accident-route-indemnisation","name":"Accidents de la route - Avocat indemnisation de victimes","isPartOf":{"@id":"https:\/\/proxima2023.okoumea.com\/fr\/#website"},"datePublished":"2017-08-10T07:18:23+00:00","dateModified":"2018-02-05T15:08:17+00:00","breadcrumb":{"@id":"https:\/\/proxima2023.okoumea.com\/fr\/indemnisation-prejudice\/id-1-accident-route-indemnisation#breadcrumb"},"inLanguage":"fr-FR","potentialAction":[{"@type":"ReadAction","target":["https:\/\/proxima2023.okoumea.com\/fr\/indemnisation-prejudice\/id-1-accident-route-indemnisation"]}]},{"@type":"BreadcrumbList","@id":"https:\/\/proxima2023.okoumea.com\/fr\/indemnisation-prejudice\/id-1-accident-route-indemnisation#breadcrumb","itemListElement":[{"@type":"ListItem","position":1,"name":"Indemnisation du pr\u00e9judice","item":"https:\/\/proxima2023.okoumea.com\/fr\/indemnisation-prejudice"},{"@type":"ListItem","position":2,"name":"Accidents de la route"}]},{"@type":"WebSite","@id":"https:\/\/proxima2023.okoumea.com\/fr\/#website","url":"https:\/\/proxima2023.okoumea.com\/fr\/","name":"Proxima - Avocats indemnisation de victimes","description":"Chaque jour est un nouveau cap \u00e0 franchir ensemble","publisher":{"@id":"https:\/\/proxima2023.okoumea.com\/fr\/#organization"},"potentialAction":[{"@type":"SearchAction","target":{"@type":"EntryPoint","urlTemplate":"https:\/\/proxima2023.okoumea.com\/fr\/?s={search_term_string}"},"query-input":{"@type":"PropertyValueSpecification","valueRequired":true,"valueName":"search_term_string"}}],"inLanguage":"fr-FR"},{"@type":"Organization","@id":"https:\/\/proxima2023.okoumea.com\/fr\/#organization","name":"CABINET PROXIMA GUILLERMOU AVOCATS","url":"https:\/\/proxima2023.okoumea.com\/fr\/","logo":{"@type":"ImageObject","inLanguage":"fr-FR","@id":"https:\/\/proxima2023.okoumea.com\/fr\/#\/schema\/logo\/image\/","url":"https:\/\/guillermou-avocats.fr\/wp-content\/uploads\/2024\/08\/2Fichier-12ProximaLogox1.png","contentUrl":"https:\/\/guillermou-avocats.fr\/wp-content\/uploads\/2024\/08\/2Fichier-12ProximaLogox1.png","width":836,"height":825,"caption":"CABINET PROXIMA GUILLERMOU AVOCATS"},"image":{"@id":"https:\/\/proxima2023.okoumea.com\/fr\/#\/schema\/logo\/image\/"},"sameAs":["https:\/\/www.facebook.com\/emericguillermou\/","https:\/\/x.com\/eguillermou","https:\/\/fr.linkedin.com\/in\/emeric-guillermou-6a4b9bb6","https:\/\/www.youtube.com\/@emericguillermou9412"]}]}},"_links":{"self":[{"href":"https:\/\/guillermou-avocats.fr\/fr\/wp-json\/wp\/v2\/pages\/1689","targetHints":{"allow":["GET"]}}],"collection":[{"href":"https:\/\/guillermou-avocats.fr\/fr\/wp-json\/wp\/v2\/pages"}],"about":[{"href":"https:\/\/guillermou-avocats.fr\/fr\/wp-json\/wp\/v2\/types\/page"}],"author":[{"embeddable":true,"href":"https:\/\/guillermou-avocats.fr\/fr\/wp-json\/wp\/v2\/users\/2"}],"replies":[{"embeddable":true,"href":"https:\/\/guillermou-avocats.fr\/fr\/wp-json\/wp\/v2\/comments?post=1689"}],"version-history":[{"count":52,"href":"https:\/\/guillermou-avocats.fr\/fr\/wp-json\/wp\/v2\/pages\/1689\/revisions"}],"predecessor-version":[{"id":8479,"href":"https:\/\/guillermou-avocats.fr\/fr\/wp-json\/wp\/v2\/pages\/1689\/revisions\/8479"}],"up":[{"embeddable":true,"href":"https:\/\/guillermou-avocats.fr\/fr\/wp-json\/wp\/v2\/pages\/1243"}],"wp:attachment":[{"href":"https:\/\/guillermou-avocats.fr\/fr\/wp-json\/wp\/v2\/media?parent=1689"}],"curies":[{"name":"wp","href":"https:\/\/api.w.org\/{rel}","templated":true}]}}