{"id":1244,"date":"2017-05-03T16:36:35","date_gmt":"2017-05-03T14:36:35","guid":{"rendered":"https:\/\/guillermou-avocats.fr\/?page_id=1244"},"modified":"2023-08-29T18:47:48","modified_gmt":"2023-08-29T16:47:48","slug":"dommage-corporel","status":"publish","type":"page","link":"https:\/\/guillermou-avocats.fr\/fr\/dommage-corporel","title":{"rendered":"Dommage corporel"},"content":{"rendered":"<p><div class=\"fusion-fullwidth fullwidth-box bigFontSize nonhundred-percent-fullwidth non-hundred-percent-height-scrolling\"  style='background-color: rgba(255,255,255,0);background-position: center center;background-repeat: no-repeat;padding-top:0px;padding-right:0px;padding-bottom:0px;padding-left:0px;'><div class=\"fusion-builder-row fusion-row \"><div  class=\"fusion-layout-column fusion_builder_column fusion_builder_column_1_1  fusion-one-full fusion-column-first fusion-column-last fusion-blend-mode 1_1\"  style='margin-top:0px;margin-bottom:20px;'>\n\t\t\t\t\t<div class=\"fusion-column-wrapper\" style=\"background-color:#ffffff;padding: 0px 0px 0px 0px;background-position:left top;background-repeat:no-repeat;-webkit-background-size:cover;-moz-background-size:cover;-o-background-size:cover;background-size:cover;\"  data-bg-url=\"\">\n\t\t\t\t\t\t<div class=\"fusion-text\"><h1 class=\"titre-page\" style=\"text-align: center;\">Dommage corporel<\/h1>\n<div id=\"preview\">\n<div id=\"texte-interne\">\n<h2 style=\"text-align: center;\">Les outils d\u2019\u00e9valuation du dommage corporel<\/h2>\n<p style=\"text-align: justify;\">Lors de l\u2019expertise m\u00e9dicale, le m\u00e9decin expert va devoir \u00e9valuer m\u00e9dicalement les dommages de la victime. Pour cela, il dispose d\u2019un certain nombre d\u2019outils comme par exemple les bar\u00e8mes.<br \/>\nIl en existe plusieurs sortes\u00a0:<\/p>\n<ul style=\"text-align: justify;\">\n<li>Bar\u00e8me du Concours m\u00e9dical<\/li>\n<li>Bar\u00e8me de la soci\u00e9t\u00e9 de m\u00e9decine l\u00e9gale<\/li>\n<\/ul>\n<h3 style=\"text-align: center;\">La classification des dommages corporels<\/h3>\n<ul style=\"text-align: justify;\">\n<li>Qu\u2019est ce que doit \u00e9valuer l\u2019expert\u00a0?<\/li>\n<\/ul>\n<p style=\"text-align: justify;\">Cela d\u00e9pend de la mission qui lui a \u00e9t\u00e9 d\u00e9volue soit par son mandant ( l\u2019assureur ) soit par la juridiction s\u2019il s\u2019agit d\u2019une expertise judiciaire\u00a0:<\/p>\n<p style=\"text-align: justify;\"><strong>Exemple de mission d\u2019expertise judiciaire\u00a0<\/strong><\/p>\n<p style=\"text-align: justify;\">extrait de la d\u00e9cision de la Cour d\u2019appel de LYON en date du 3 mars 2011\u00a0RG : 10\/6217:<\/p>\n<p style=\"text-align: justify;\">[<strong>Pertes de gains professionnels actuels<\/strong>]\nIndiquer les p\u00e9riodes pendant lesquelles la victime a \u00e9t\u00e9, du fait de son d\u00e9ficit fonctionnel temporaire, dans l\u2019incapacit\u00e9 d\u2019exercer totalement ou partiellement son activit\u00e9 professionnelle ;<br \/>\nEn cas d\u2019incapacit\u00e9 partielle, pr\u00e9ciser le taux et la dur\u00e9e ;<br \/>\nPr\u00e9ciser la dur\u00e9e des arr\u00eats de travail retenus par l\u2019organisme social au vu des justificatifs produits (ex : d\u00e9comptes de l\u2019organisme de s\u00e9curit\u00e9 sociale), et dire si ces arr\u00eats de travail sont li\u00e9s au fait dommageable ;<\/p>\n<p style=\"text-align: justify;\">[<strong>D\u00e9ficit fonctionnel temporaire<\/strong>]\nIndiquer les p\u00e9riodes pendant lesquelles la victime a \u00e9t\u00e9, du fait de son d\u00e9ficit fonctionnel temporaire, dans l\u2019incapacit\u00e9 totale ou partielle de poursuivre ses activit\u00e9s personnelles habituelles ;<br \/>\nEn cas d\u2019incapacit\u00e9 partielle, pr\u00e9ciser le taux et la dur\u00e9e ;<\/p>\n<p style=\"text-align: justify;\">[<strong>Consolidation<\/strong>]\nFixer la date de consolidation et, en l\u2019absence de consolidation, dire \u00e0 quelle date il conviendra de revoir la victime; pr\u00e9ciser, lorsque cela est possible, les dommages pr\u00e9visibles pour l\u2019\u00e9valuation d\u2019une \u00e9ventuelle provision ;<br \/>\nLA CONSOLIDATION\u00a0: il s\u2019agit du moment o\u00f9, \u00e0 la suite d\u2019un \u00e9tat transitoire qui constitue la p\u00e9riode de soins, la l\u00e9sion se fixe et prend un caract\u00e8re permanent sinon d\u00e9finitif, tel qu\u2019un traitement n\u2019est en principe plus n\u00e9cessaire, si ce n\u2019est pour \u00e9viter une aggravation, et qu\u2019il est possible d\u2019appr\u00e9cier un certain degr\u00e9 d\u2019incapacit\u00e9 permanente cons\u00e9cutif \u00e0 l\u2019accident, sous r\u00e9serves de rechutes et de r\u00e9visions possibles<\/p>\n<p style=\"text-align: justify;\">[<strong>D\u00e9ficit fonctionnel permanent<\/strong>]\nIndiquer si, apr\u00e8s la consolidation, la victime subit un d\u00e9ficit fonctionnel permanent d\u00e9fini comme une alt\u00e9ration permanente d\u2019une ou plusieurs fonctions physiques, sensorielles ou mentales, ainsi que des douleurs permanentes ou tout autre trouble de sant\u00e9, entra\u00eenant une limitation d\u2019activit\u00e9 ou une restriction de participation \u00e0 la vie en soci\u00e9t\u00e9 subie au quotidien par la victime dans son environnement ;<br \/>\nEn \u00e9valuer l\u2019importance et en chiffrer le taux ; dans l\u2019hypoth\u00e8se d\u2019un \u00e9tat ant\u00e9rieur pr\u00e9ciser en quoi l\u2019accident a eu une incidence sur cet \u00e9tat ant\u00e9rieur et d\u00e9crire les cons\u00e9quences\u00a0;<br \/>\nLe chiffrage du taux s\u2019effectue en fonction du bar\u00e8me choisi par l\u2019expert qui va fixer un pourcentage d\u2019incapacit\u00e9<\/p>\n<p style=\"text-align: justify;\">[<strong>Assistance par tierce personne<\/strong>]\nIndiquer le cas \u00e9ch\u00e9ant si l\u2019assistance constante ou occasionnelle d\u2019une tierce personne (\u00e9trang\u00e8re ou non \u00e0 la famille) est ou a \u00e9t\u00e9 n\u00e9cessaire pour effectuer les d\u00e9marches et plus g\u00e9n\u00e9ralement pour accomplir les actes de la vie quotidienne ; pr\u00e9ciser la nature de l\u2019aide \u00e0 prodiguer et sa dur\u00e9e quotidienne ;<\/p>\n<p style=\"text-align: justify;\">[<strong>D\u00e9penses de sant\u00e9 futures<\/strong>]\nD\u00e9crire les soins futurs et les aides techniques compensatoires au handicap de la victime (proth\u00e8ses, appareillages sp\u00e9cifiques, v\u00e9hicule) en pr\u00e9cisant la fr\u00e9quence de leur renouvellement ;<\/p>\n<p style=\"text-align: justify;\">[<strong>Frais de logement et\/ou de v\u00e9hicule adapt\u00e9s<\/strong>]\nDonner son avis sur d\u2019\u00e9ventuels am\u00e9nagements n\u00e9cessaires pour permettre, le cas \u00e9ch\u00e9ant, \u00e0 la victime d\u2019adapter son logement et\/ou son v\u00e9hicule \u00e0 son handicap ;<\/p>\n<p style=\"text-align: justify;\">[<strong>Pertes de gains professionnels futurs<\/strong>]\nIndiquer, notamment au vu des justificatifs produits, si le d\u00e9ficit fonctionnel permanent entra\u00eene l\u2019obligation pour la victime de cesser totalement ou partiellement son activit\u00e9 professionnelle ou de changer d\u2019activit\u00e9 professionnelle ;<\/p>\n<p style=\"text-align: justify;\">[<strong>Incidence professionnelle<\/strong>]\nIndiquer, notamment au vu des justificatifs produits, si le d\u00e9ficit fonctionnel permanent entra\u00eene d\u2019autres r\u00e9percussions sur son activit\u00e9 professionnelle actuelle ou future (obligation de formation pour un reclassement professionnel, p\u00e9nibilit\u00e9 accrue dans son activit\u00e9, \u00ab d\u00e9valorisation \u00bb sur le march\u00e9 du travail, etc.) ;<\/p>\n<p style=\"text-align: justify;\">[Pr\u00e9judice scolaire, universitaire ou de formation]\nSi la victime est scolaris\u00e9e ou en cours d\u2019\u00e9tudes, dire si en raison des l\u00e9sions cons\u00e9cutives au fait traumatique, elle a subi une perte d\u2019ann\u00e9e scolaire, universitaire ou de formation, l\u2019obligeant, le cas \u00e9ch\u00e9ant, \u00e0 se r\u00e9orienter ou \u00e0 renoncer \u00e0 certaines formations ;<\/p>\n<p style=\"text-align: justify;\">[<strong>Souffrances endur\u00e9es<\/strong>]\nD\u00e9crire les souffrances physiques, psychiques ou morales d\u00e9coulant des blessures subies pendant la maladie traumatique (avant consolidation) ; les \u00e9valuer distinctement dans une\u00a0\u00e9chelle de 1 \u00e0 7\u00a0;<\/p>\n<p style=\"text-align: justify;\">[Pr\u00e9judice esth\u00e9tique temporaire et\/ou d\u00e9finitif]\nDonner un avis sur l\u2019existence, la nature et l\u2019importance du pr\u00e9judice esth\u00e9tique, en distinguant \u00e9ventuellement le pr\u00e9judice temporaire et le pr\u00e9judice d\u00e9finitif. \u00c9valuer distinctement les pr\u00e9judices temporaire et d\u00e9finitif dans une\u00a0\u00e9chelle de 1 \u00e0 7\u00a0;<\/p>\n<p style=\"text-align: justify;\">[Pr\u00e9judice sexuel]\nIndiquer s\u2019il existe ou s\u2019il existera un pr\u00e9judice sexuel (perte ou diminution de la libido, impuissance ou frigidit\u00e9, perte de fertilit\u00e9) ;<\/p>\n<p style=\"text-align: justify;\">[Pr\u00e9judice d&rsquo;\u00e9tablissement]\nDire si la victime subit une perte d\u2019espoir ou de chance de normalement r\u00e9aliser un projet de vie familiale ;<\/p>\n<p style=\"text-align: justify;\">[Pr\u00e9judice d&rsquo;agr\u00e9ment]\nIndiquer, notamment au vu des justificatifs produits, si la victime est emp\u00each\u00e9e en tout ou partie de se livrer \u00e0 des activit\u00e9s sp\u00e9cifiques de sport ou de loisir ;<\/p>\n<p style=\"text-align: justify;\">[Pr\u00e9judices permanents exceptionnels]\nDire si la victime subit des pr\u00e9judices permanents exceptionnels correspondant \u00e0 des pr\u00e9judices atypiques directement li\u00e9s aux handicaps permanents.<\/p>\n<\/div>\n<\/div>\n<\/div><div class=\"fusion-clearfix\"><\/div>\n\n\t\t\t\t\t<\/div>\n\t\t\t\t<\/div><\/div><\/div><div class=\"fusion-fullwidth fullwidth-box nonhundred-percent-fullwidth non-hundred-percent-height-scrolling\"  style='background-color: rgba(255,255,255,0);background-position: center center;background-repeat: no-repeat;padding-top:0px;padding-right:0px;padding-bottom:0px;padding-left:0px;'><div class=\"fusion-builder-row fusion-row \"><div  class=\"fusion-layout-column fusion_builder_column fusion_builder_column_1_1  fusion-one-full fusion-column-first fusion-column-last 1_1\"  style='margin-top:0px;margin-bottom:20px;'>\n\t\t\t\t\t<div class=\"fusion-column-wrapper\" style=\"padding: 0px 0px 0px 0px;background-position:left top;background-repeat:no-repeat;-webkit-background-size:cover;-moz-background-size:cover;-o-background-size:cover;background-size:cover;\"  data-bg-url=\"\">\n\t\t\t\t\t\t<div class=\"fusion-clearfix\"><\/div>\n\n\t\t\t\t\t<\/div>\n\t\t\t\t<\/div><\/div><\/div><div class=\"fusion-fullwidth fullwidth-box nonhundred-percent-fullwidth non-hundred-percent-height-scrolling\"  style='background-color: rgba(255,255,255,0);background-position: center center;background-repeat: no-repeat;padding-top:0px;padding-right:0px;padding-bottom:0px;padding-left:0px;'><div class=\"fusion-builder-row fusion-row \"><div  class=\"fusion-layout-column fusion_builder_column fusion_builder_column_1_1  fusion-one-full fusion-column-first fusion-column-last 1_1\"  style='margin-top:0px;margin-bottom:20px;'>\n\t\t\t\t\t<div class=\"fusion-column-wrapper\" style=\"padding: 0px 0px 0px 0px;background-position:left top;background-repeat:no-repeat;-webkit-background-size:cover;-moz-background-size:cover;-o-background-size:cover;background-size:cover;\"  data-bg-url=\"\">\n\t\t\t\t\t\t<div class=\"fusion-clearfix\"><\/div>\n\n\t\t\t\t\t<\/div>\n\t\t\t\t<\/div><\/div><\/div><\/p>\n","protected":false},"excerpt":{"rendered":"","protected":false},"author":2,"featured_media":0,"parent":0,"menu_order":12,"comment_status":"closed","ping_status":"closed","template":"page-dommage-corporel.php","meta":{"footnotes":""},"class_list":["post-1244","page","type-page","status-publish","hentry"],"yoast_head":"<!-- This site is optimized with the Yoast SEO Premium plugin v23.4 (Yoast SEO v27.3) - https:\/\/yoast.com\/product\/yoast-seo-premium-wordpress\/ -->\n<title>Dommage corporel - Avocat indemnisation de victimes<\/title>\n<meta name=\"robots\" content=\"index, follow, max-snippet:-1, max-image-preview:large, max-video-preview:-1\" \/>\n<link rel=\"canonical\" href=\"https:\/\/proxima2023.okoumea.com\/fr\/dommage-corporel\" \/>\n<meta property=\"og:locale\" content=\"fr_FR\" \/>\n<meta property=\"og:type\" content=\"article\" \/>\n<meta property=\"og:title\" content=\"Dommage corporel - Avocat indemnisation de victimes\" \/>\n<meta property=\"og:url\" content=\"https:\/\/proxima2023.okoumea.com\/fr\/dommage-corporel\" \/>\n<meta property=\"og:site_name\" content=\"Avocat indemnisation de victimes\" \/>\n<meta property=\"article:publisher\" content=\"https:\/\/www.facebook.com\/emericguillermou\/\" \/>\n<meta property=\"article:modified_time\" content=\"2023-08-29T16:47:48+00:00\" \/>\n<meta name=\"twitter:card\" content=\"summary_large_image\" \/>\n<meta name=\"twitter:site\" content=\"@eguillermou\" \/>\n<meta name=\"twitter:label1\" content=\"Dur\u00e9e de lecture estim\u00e9e\" \/>\n\t<meta name=\"twitter:data1\" content=\"7 minutes\" \/>\n<script type=\"application\/ld+json\" class=\"yoast-schema-graph\">{\"@context\":\"https:\\\/\\\/schema.org\",\"@graph\":[{\"@type\":\"WebPage\",\"@id\":\"https:\\\/\\\/proxima2023.okoumea.com\\\/fr\\\/dommage-corporel\",\"url\":\"https:\\\/\\\/proxima2023.okoumea.com\\\/fr\\\/dommage-corporel\",\"name\":\"Dommage corporel - Avocat indemnisation de victimes\",\"isPartOf\":{\"@id\":\"https:\\\/\\\/proxima2023.okoumea.com\\\/fr\\\/#website\"},\"datePublished\":\"2017-05-03T14:36:35+00:00\",\"dateModified\":\"2023-08-29T16:47:48+00:00\",\"inLanguage\":\"fr-FR\",\"potentialAction\":[{\"@type\":\"ReadAction\",\"target\":[\"https:\\\/\\\/proxima2023.okoumea.com\\\/fr\\\/dommage-corporel\"]}]},{\"@type\":\"WebSite\",\"@id\":\"https:\\\/\\\/proxima2023.okoumea.com\\\/fr\\\/#website\",\"url\":\"https:\\\/\\\/proxima2023.okoumea.com\\\/fr\\\/\",\"name\":\"Proxima - Avocats indemnisation de victimes\",\"description\":\"Chaque jour est un nouveau cap \u00e0 franchir ensemble\",\"publisher\":{\"@id\":\"https:\\\/\\\/proxima2023.okoumea.com\\\/fr\\\/#organization\"},\"potentialAction\":[{\"@type\":\"SearchAction\",\"target\":{\"@type\":\"EntryPoint\",\"urlTemplate\":\"https:\\\/\\\/proxima2023.okoumea.com\\\/fr\\\/?s={search_term_string}\"},\"query-input\":{\"@type\":\"PropertyValueSpecification\",\"valueRequired\":true,\"valueName\":\"search_term_string\"}}],\"inLanguage\":\"fr-FR\"},{\"@type\":\"Organization\",\"@id\":\"https:\\\/\\\/proxima2023.okoumea.com\\\/fr\\\/#organization\",\"name\":\"CABINET PROXIMA GUILLERMOU AVOCATS\",\"url\":\"https:\\\/\\\/proxima2023.okoumea.com\\\/fr\\\/\",\"logo\":{\"@type\":\"ImageObject\",\"inLanguage\":\"fr-FR\",\"@id\":\"https:\\\/\\\/proxima2023.okoumea.com\\\/fr\\\/#\\\/schema\\\/logo\\\/image\\\/\",\"url\":\"https:\\\/\\\/guillermou-avocats.fr\\\/wp-content\\\/uploads\\\/2024\\\/08\\\/2Fichier-12ProximaLogox1.png\",\"contentUrl\":\"https:\\\/\\\/guillermou-avocats.fr\\\/wp-content\\\/uploads\\\/2024\\\/08\\\/2Fichier-12ProximaLogox1.png\",\"width\":836,\"height\":825,\"caption\":\"CABINET PROXIMA GUILLERMOU AVOCATS\"},\"image\":{\"@id\":\"https:\\\/\\\/proxima2023.okoumea.com\\\/fr\\\/#\\\/schema\\\/logo\\\/image\\\/\"},\"sameAs\":[\"https:\\\/\\\/www.facebook.com\\\/emericguillermou\\\/\",\"https:\\\/\\\/x.com\\\/eguillermou\",\"https:\\\/\\\/fr.linkedin.com\\\/in\\\/emeric-guillermou-6a4b9bb6\",\"https:\\\/\\\/www.youtube.com\\\/@emericguillermou9412\"]}]}<\/script>\n<!-- \/ Yoast SEO Premium plugin. -->","yoast_head_json":{"title":"Dommage corporel - Avocat indemnisation de victimes","robots":{"index":"index","follow":"follow","max-snippet":"max-snippet:-1","max-image-preview":"max-image-preview:large","max-video-preview":"max-video-preview:-1"},"canonical":"https:\/\/proxima2023.okoumea.com\/fr\/dommage-corporel","og_locale":"fr_FR","og_type":"article","og_title":"Dommage corporel - Avocat indemnisation de victimes","og_url":"https:\/\/proxima2023.okoumea.com\/fr\/dommage-corporel","og_site_name":"Avocat indemnisation de victimes","article_publisher":"https:\/\/www.facebook.com\/emericguillermou\/","article_modified_time":"2023-08-29T16:47:48+00:00","twitter_card":"summary_large_image","twitter_site":"@eguillermou","twitter_misc":{"Dur\u00e9e de lecture estim\u00e9e":"7 minutes"},"schema":{"@context":"https:\/\/schema.org","@graph":[{"@type":"WebPage","@id":"https:\/\/proxima2023.okoumea.com\/fr\/dommage-corporel","url":"https:\/\/proxima2023.okoumea.com\/fr\/dommage-corporel","name":"Dommage corporel - Avocat indemnisation de victimes","isPartOf":{"@id":"https:\/\/proxima2023.okoumea.com\/fr\/#website"},"datePublished":"2017-05-03T14:36:35+00:00","dateModified":"2023-08-29T16:47:48+00:00","inLanguage":"fr-FR","potentialAction":[{"@type":"ReadAction","target":["https:\/\/proxima2023.okoumea.com\/fr\/dommage-corporel"]}]},{"@type":"WebSite","@id":"https:\/\/proxima2023.okoumea.com\/fr\/#website","url":"https:\/\/proxima2023.okoumea.com\/fr\/","name":"Proxima - Avocats indemnisation de victimes","description":"Chaque jour est un nouveau cap \u00e0 franchir ensemble","publisher":{"@id":"https:\/\/proxima2023.okoumea.com\/fr\/#organization"},"potentialAction":[{"@type":"SearchAction","target":{"@type":"EntryPoint","urlTemplate":"https:\/\/proxima2023.okoumea.com\/fr\/?s={search_term_string}"},"query-input":{"@type":"PropertyValueSpecification","valueRequired":true,"valueName":"search_term_string"}}],"inLanguage":"fr-FR"},{"@type":"Organization","@id":"https:\/\/proxima2023.okoumea.com\/fr\/#organization","name":"CABINET PROXIMA GUILLERMOU AVOCATS","url":"https:\/\/proxima2023.okoumea.com\/fr\/","logo":{"@type":"ImageObject","inLanguage":"fr-FR","@id":"https:\/\/proxima2023.okoumea.com\/fr\/#\/schema\/logo\/image\/","url":"https:\/\/guillermou-avocats.fr\/wp-content\/uploads\/2024\/08\/2Fichier-12ProximaLogox1.png","contentUrl":"https:\/\/guillermou-avocats.fr\/wp-content\/uploads\/2024\/08\/2Fichier-12ProximaLogox1.png","width":836,"height":825,"caption":"CABINET PROXIMA GUILLERMOU AVOCATS"},"image":{"@id":"https:\/\/proxima2023.okoumea.com\/fr\/#\/schema\/logo\/image\/"},"sameAs":["https:\/\/www.facebook.com\/emericguillermou\/","https:\/\/x.com\/eguillermou","https:\/\/fr.linkedin.com\/in\/emeric-guillermou-6a4b9bb6","https:\/\/www.youtube.com\/@emericguillermou9412"]}]}},"_links":{"self":[{"href":"https:\/\/guillermou-avocats.fr\/fr\/wp-json\/wp\/v2\/pages\/1244","targetHints":{"allow":["GET"]}}],"collection":[{"href":"https:\/\/guillermou-avocats.fr\/fr\/wp-json\/wp\/v2\/pages"}],"about":[{"href":"https:\/\/guillermou-avocats.fr\/fr\/wp-json\/wp\/v2\/types\/page"}],"author":[{"embeddable":true,"href":"https:\/\/guillermou-avocats.fr\/fr\/wp-json\/wp\/v2\/users\/2"}],"replies":[{"embeddable":true,"href":"https:\/\/guillermou-avocats.fr\/fr\/wp-json\/wp\/v2\/comments?post=1244"}],"version-history":[{"count":31,"href":"https:\/\/guillermou-avocats.fr\/fr\/wp-json\/wp\/v2\/pages\/1244\/revisions"}],"predecessor-version":[{"id":8579,"href":"https:\/\/guillermou-avocats.fr\/fr\/wp-json\/wp\/v2\/pages\/1244\/revisions\/8579"}],"wp:attachment":[{"href":"https:\/\/guillermou-avocats.fr\/fr\/wp-json\/wp\/v2\/media?parent=1244"}],"curies":[{"name":"wp","href":"https:\/\/api.w.org\/{rel}","templated":true}]}}