{"id":1243,"date":"2017-05-03T16:36:35","date_gmt":"2017-05-03T14:36:35","guid":{"rendered":"https:\/\/guillermou-avocats.fr\/?page_id=1243"},"modified":"2021-08-26T16:42:01","modified_gmt":"2021-08-26T14:42:01","slug":"indemnisation-prejudice","status":"publish","type":"page","link":"https:\/\/guillermou-avocats.fr\/fr\/indemnisation-prejudice","title":{"rendered":"Indemnisation du pr\u00e9judice"},"content":{"rendered":"<div class=\"fusion-fullwidth fullwidth-box bigFontSize nonhundred-percent-fullwidth non-hundred-percent-height-scrolling\"  style='background-color: rgba(255,255,255,0);background-position: center center;background-repeat: no-repeat;padding-top:0px;padding-right:0px;padding-bottom:0px;padding-left:0px;'><div class=\"fusion-builder-row fusion-row \"><div  class=\"fusion-layout-column fusion_builder_column fusion_builder_column_1_1  fusion-one-full fusion-column-first fusion-column-last bigFontSize 1_1\"  style='margin-top:0px;margin-bottom:20px;'>\n\t\t\t\t\t<div class=\"fusion-column-wrapper\" style=\"padding: 0px 0px 0px 0px;background-position:left top;background-repeat:no-repeat;-webkit-background-size:cover;-moz-background-size:cover;-o-background-size:cover;background-size:cover;\"  data-bg-url=\"\">\n\t\t\t\t\t\t<div class=\"fusion-text\"><h1 class=\"titre-page\" style=\"text-align: center;\">Indemnisation du pr\u00e9judice<\/h1>\n<div id=\"preview\">\n<div id=\"texte-interne\">\n<h2 style=\"text-align: center;\">\u00a0Le principe de la r\u00e9paration int\u00e9grale<\/h2>\n<p style=\"text-align: justify;\">L&rsquo;indemnisation du pr\u00e9judice repose sur un principe fondamental: le principe de la r\u00e9paration int\u00e9grale.<br \/>\nLe principe de la r\u00e9paration int\u00e9grale est un principe gouvernant le droit de la r\u00e9paration du dommage corporel.<\/p>\n<p style=\"text-align: justify;\">Il est \u00e9nonc\u00e9 par la Cour de Cassation de la mani\u00e8re suivante\u00a0: \u00ab\u00a0le propre de la responsabilit\u00e9 civile est de r\u00e9tablir aussi exactement que possible l\u2019\u00e9quilibre d\u00e9truit par le dommage et de replacer la victime dans la situation o\u00f9 elle se serait trouv\u00e9e si l\u2019acte dommageable ne s\u2019\u00e9tait pas produit\u00a0\u00bb(Cass. civ. 2, 28 oct. 1954, JCP 1955, II, 8765, et, en mati\u00e8re contractuelle\u00a0: cass. civ. 3, 6 mai 1998, B. III, n\u00b0\u00a091)<\/p>\n<p style=\"text-align: justify;\">Le principe de la r\u00e9paration int\u00e9grale est \u00e9galement\u00a0d\u00e9fini par la R\u00e9solution du Conseil de l\u2019Europe du 14 mars 1979.<\/p>\n<h2 style=\"text-align: justify;\">L&rsquo;\u00e9valuation de l&rsquo;indemnisation des pr\u00e9judices de la victime<\/h2>\n<p style=\"text-align: justify;\">Une fois le\u00a0<a title=\"rapport expertise medicale\" href=\"http:\/\/guillermou-avocats.fr\/expertise-medicale\" target=\"_blank\" rel=\"noopener\">rapport d\u2019expertise<\/a>\u00a0d\u00e9pos\u00e9 par le m\u00e9decin expert, l\u2019avocat doit \u00e9valuer les pr\u00e9judices c\u2019est-\u00e0-dire retranscrire financi\u00e8rement les donn\u00e9es du rapport d\u2019expertise.<br \/>\nPar exemple dans le cas o\u00f9 le m\u00e9decin expert aurait fix\u00e9 un taux d\u2019incapacit\u00e9 \u00e0 80%, l\u2019avocat va \u00e9valuer financi\u00e8rement ce que repr\u00e9sente le poste de pr\u00e9judice \u00ab\u00a0D\u00e9ficit fonctionnel permanent\u00a0\u00bb et soutenir les demandes devant le Juge.<br \/>\nPlusieurs groupes de travail dirig\u00e9s par Madame Yvonne LAMBERT-FAIVRE ou Monsieur le Pr\u00e9sident Jean-Pierre DINTILHAC ont travaill\u00e9 sur le sujet et propos\u00e9 une nomenclature avec une d\u00e9finition plus claire des diff\u00e9rents postes de pr\u00e9judice.<br \/>\nLa nomenclature de Monsieur DINTILHAC est aujourd\u2019hui fortement recommand\u00e9e par la Cour de cassation et fait d\u00e9sormais r\u00e9f\u00e9rence pour toutes les juridictions.Cette nomenclature propose une liste de pr\u00e9judice qui n\u2019est pas limitative.<\/p>\n<h3 style=\"text-align: justify;\">Cette nomenclature DINTILHAC distingue :<\/h3>\n<ul style=\"text-align: justify;\">\n<li>Les pr\u00e9judices qui reviennent \u00e0 la victime directe,<\/li>\n<li>Les pr\u00e9judices des victimes indirectes dites \u00ab\u00a0victimes par ricochet\u00a0\u00bb (pr\u00e9judices des membres de la famille\u2026).<\/li>\n<\/ul>\n<p style=\"text-align: justify;\">Cette nomenclature distingue \u00e9galement :<\/p>\n<ul style=\"text-align: justify;\">\n<li>Les pr\u00e9judices temporaires (correspondant \u00e0 la p\u00e9riode ant\u00e9rieure \u00e0 la consolidation)<\/li>\n<li>Les pr\u00e9judices d\u00e9finitifs (correspondant \u00e0 la p\u00e9riode post\u00e9rieure \u00e0 la consolidation).<\/li>\n<\/ul>\n<p style=\"text-align: justify;\">Enfin, cette nomenclature diff\u00e9rencie \u00e9galement :<\/p>\n<ul style=\"text-align: justify;\">\n<li>Les pr\u00e9judices patrimoniaux<\/li>\n<li>Les pr\u00e9judices extrapatrimoniaux.<\/li>\n<\/ul>\n<h2 style=\"text-align: justify;\">Les pr\u00e9judices de la victime directe<\/h2>\n<h3 style=\"text-align: justify;\">Pr\u00e9judices patrimoniaux<\/h3>\n<p style=\"text-align: justify;\">Il s\u2019agit des pr\u00e9judices financiers<\/p>\n<ul style=\"text-align: justify;\">\n<li>Pr\u00e9judices patrimoniaux temporaires (avant consolidation):\n<ul>\n<li>D\u00e9penses de sant\u00e9 actuelles (D.S.A.)<\/li>\n<li>Frais divers (F.D.)<\/li>\n<li>Pertes de gains professionnels actuels (P.G.P.A.)<\/li>\n<\/ul>\n<\/li>\n<li>Pr\u00e9judices patrimoniaux permanents (apr\u00e8s consolidation):\n<ul>\n<li>D\u00e9penses de sant\u00e9 futures (D.S.F.)<\/li>\n<li>Frais de logement adapt\u00e9 (F.L.A.)<\/li>\n<li>Frais de v\u00e9hicule adapt\u00e9 (F.V.A.)<\/li>\n<li>Assistance par tierce personne (A.T.P.)<\/li>\n<li>Pertes de gains professionnels futurs (P.G.P.F.)<\/li>\n<li>Incidence professionnelle (I.P.)<\/li>\n<li>Pr\u00e9judice scolaire, universitaire ou de formation (P.S.U.)<\/li>\n<\/ul>\n<\/li>\n<\/ul>\n<h3 style=\"text-align: justify;\">Pr\u00e9judices extra-patrimoniaux<\/h3>\n<p style=\"text-align: justify;\">Il s\u2019agit des pr\u00e9judices personnels<\/p>\n<ul style=\"text-align: justify;\">\n<li>Pr\u00e9judices extra-patrimoniaux temporaires (avant consolidation) :\n<ul>\n<li>D\u00e9ficit fonctionnel temporaire (D.F.T.) (invalidit\u00e9 temporaire)<\/li>\n<li>Souffrances endur\u00e9es (S.E.)<\/li>\n<li>Pr\u00e9judice esth\u00e9tique temporaire (P.E.T.)<\/li>\n<\/ul>\n<\/li>\n<li>Pr\u00e9judices extra-patrimoniaux permanents (apr\u00e8s consolidation) :\n<ul>\n<li>D\u00e9ficit fonctionnel permanent (D.F.P.) Nouvelle terminologie pour l\u2019Invalidit\u00e9 permanente partielle qui n\u2019est plus consid\u00e9r\u00e9e comme un pr\u00e9judice patrimonial<\/li>\n<li>Pr\u00e9judice d\u2019agr\u00e9ment (P.A.)<\/li>\n<li>Pr\u00e9judice esth\u00e9tique permanent (P.E.P.)<\/li>\n<li>Pr\u00e9judice sexuel (P.S.)<\/li>\n<li>Pr\u00e9judice d\u2019\u00e9tablissement (P.E.)<\/li>\n<li>Pr\u00e9judices permanents exceptionnels (P.P.E.)<\/li>\n<li>Pr\u00e9judices extra-patrimoniaux \u00e9volutifs (hors consolidation):<\/li>\n<li>Pr\u00e9judices li\u00e9s \u00e0 des pathologies \u00e9volutives (P.EV.) (ancien pr\u00e9judice de contamination : VIH, HVC)<\/li>\n<\/ul>\n<\/li>\n<\/ul>\n<p style=\"text-align: justify;\">POUR LES VICTIMES PAR RICOCHET (les proches de la victime)<\/p>\n<ul style=\"text-align: justify;\">\n<li>Pr\u00e9judices patrimoniaux\n<ul>\n<li>Frais d\u2019obs\u00e8ques (F.O.)<\/li>\n<li>Pertes de revenus des proches (P.R.)<\/li>\n<li>Frais divers des proches (F.D.)<\/li>\n<\/ul>\n<\/li>\n<li>Pr\u00e9judices extra-patrimoniaux\n<ul>\n<li>Pr\u00e9judice d\u2019accompagnement (P.AC.)<\/li>\n<li>Pr\u00e9judice d\u2019affection (P.AF.)<\/li>\n<\/ul>\n<\/li>\n<\/ul>\n<h3 style=\"text-align: justify;\">Pr\u00e9judices des victimes par ricochet\u00a0en cas de survie de la victime directe<\/h3>\n<ul style=\"text-align: justify;\">\n<li>Pr\u00e9judices patrimoniaux\n<ul>\n<li>Pertes de revenus des proches (P.R.)<\/li>\n<li>Frais divers des proches (F.D.)<\/li>\n<\/ul>\n<\/li>\n<li>Pr\u00e9judices extra-patrimoniaux\n<ul>\n<li>Pr\u00e9judice d\u2019affection (P.AF.)<\/li>\n<li>Pr\u00e9judices extra- patrimoniaux exceptionnels (P.EX.)<\/li>\n<\/ul>\n<\/li>\n<\/ul>\n<p style=\"text-align: justify;\">La nomenclature dite DINTILHAC compl\u00e8te (avec description de chaque poste de pr\u00e9judice) est disponible sur le lien suivant\u00a0:\u00a0<a href=\"http:\/\/www.justice.gouv.fr\/publications-10047\/rapports-thematiques-10049\/elaboration-dune-nomenclature-des-prejudices-corporels-11945.html\" target=\"_blank\" rel=\"noopener\">http:\/\/www.justice.gouv.fr\/publications-10047\/rapports-thematiques-10049\/elaboration-dune-nomenclature-des-prejudices-corporels-11945.html<\/a><\/p>\n<\/div>\n<\/div>\n<\/div><div class=\"fusion-text\"><p>Document de r\u00e9f\u00e9rence en mati\u00e8re d&rsquo;indemnisation des traumatis\u00e9s cr\u00e2niens:<\/p>\n<ul>\n<li>\u00a0<a href=\"https:\/\/guillermou-avocats.fr\/wp-content\/uploads\/2017\/05\/rapportfinaltraumacraniens.pdf\">Le rapport final de la \u00ab\u00a0Mission interminist\u00e9rielle en vue de l \u2019\u00e9laboration d\u2019un plan d\u2019action en faveur des traumatis\u00e9s cr\u00e2niens et des bless\u00e9s m\u00e9dullaires\u00a0rapportfinaltraumacraniens\u00a0 par Madame le Professeur Pascale Pradat-Diehl, Chef de service de m\u00e9decine physique et de r\u00e9adaptation \u00e0 l\u2019H\u00f4pital de la Salp\u00eatri\u00e8re, Assistance Publique \u2013 H\u00f4pitaux de Paris<\/a><\/li>\n<li><a href=\"https:\/\/guillermou-avocats.fr\/wp-content\/uploads\/2017\/05\/rapport-vieux.pdf\">Le rapport du groupe de travail surGroupe de travail sur les traumatis\u00e9s cr\u00e2niens , Pr\u00e9sidente de la 10\u00e8me chambre de la<br \/>\nCour dappel d&rsquo;Aix en ProvenceRapport d\u00e9finitif pr\u00e9sid\u00e9 par Mme Elisabeth Vieux.<\/a><\/li>\n<\/ul>\n<\/div><div class=\"fusion-clearfix\"><\/div>\n\n\t\t\t\t\t<\/div>\n\t\t\t\t<\/div><\/div><\/div>\n","protected":false},"excerpt":{"rendered":"","protected":false},"author":2,"featured_media":0,"parent":0,"menu_order":17,"comment_status":"closed","ping_status":"closed","template":"","meta":{"footnotes":""},"class_list":["post-1243","page","type-page","status-publish","hentry"],"yoast_head":"<!-- This site is optimized with the Yoast SEO Premium plugin v23.4 (Yoast SEO v27.3) - https:\/\/yoast.com\/product\/yoast-seo-premium-wordpress\/ -->\n<title>Indemnisation de votre pr\u00e9judice - Avocat indemnisation de victimes<\/title>\n<meta name=\"description\" content=\"L&#039;indemnisation du pr\u00e9judice repose sur un principe fondamental : le principe de la r\u00e9paration int\u00e9grale. Notre cabinet peut vous repr\u00e9senter.\" \/>\n<meta name=\"robots\" content=\"index, follow, max-snippet:-1, max-image-preview:large, max-video-preview:-1\" \/>\n<link rel=\"canonical\" href=\"https:\/\/proxima2023.okoumea.com\/fr\/indemnisation-prejudice\" \/>\n<meta property=\"og:locale\" content=\"fr_FR\" \/>\n<meta property=\"og:type\" content=\"article\" \/>\n<meta property=\"og:title\" content=\"Indemnisation de votre pr\u00e9judice - Avocat indemnisation de victimes\" \/>\n<meta property=\"og:description\" content=\"L&#039;indemnisation du pr\u00e9judice repose sur un principe fondamental : le principe de la r\u00e9paration int\u00e9grale. Notre cabinet peut vous repr\u00e9senter.\" \/>\n<meta property=\"og:url\" content=\"https:\/\/proxima2023.okoumea.com\/fr\/indemnisation-prejudice\" \/>\n<meta property=\"og:site_name\" content=\"Avocat indemnisation de victimes\" \/>\n<meta property=\"article:publisher\" content=\"https:\/\/www.facebook.com\/emericguillermou\/\" \/>\n<meta property=\"article:modified_time\" content=\"2021-08-26T14:42:01+00:00\" \/>\n<meta name=\"twitter:card\" content=\"summary_large_image\" \/>\n<meta name=\"twitter:site\" content=\"@eguillermou\" \/>\n<meta name=\"twitter:label1\" content=\"Dur\u00e9e de lecture estim\u00e9e\" \/>\n\t<meta name=\"twitter:data1\" content=\"5 minutes\" \/>\n<script type=\"application\/ld+json\" class=\"yoast-schema-graph\">{\"@context\":\"https:\\\/\\\/schema.org\",\"@graph\":[{\"@type\":\"WebPage\",\"@id\":\"https:\\\/\\\/proxima2023.okoumea.com\\\/fr\\\/indemnisation-prejudice\",\"url\":\"https:\\\/\\\/proxima2023.okoumea.com\\\/fr\\\/indemnisation-prejudice\",\"name\":\"Indemnisation de votre pr\u00e9judice - Avocat indemnisation de victimes\",\"isPartOf\":{\"@id\":\"https:\\\/\\\/proxima2023.okoumea.com\\\/fr\\\/#website\"},\"datePublished\":\"2017-05-03T14:36:35+00:00\",\"dateModified\":\"2021-08-26T14:42:01+00:00\",\"description\":\"L'indemnisation du pr\u00e9judice repose sur un principe fondamental : le principe de la r\u00e9paration int\u00e9grale. Notre cabinet peut vous repr\u00e9senter.\",\"inLanguage\":\"fr-FR\",\"potentialAction\":[{\"@type\":\"ReadAction\",\"target\":[\"https:\\\/\\\/proxima2023.okoumea.com\\\/fr\\\/indemnisation-prejudice\"]}]},{\"@type\":\"WebSite\",\"@id\":\"https:\\\/\\\/proxima2023.okoumea.com\\\/fr\\\/#website\",\"url\":\"https:\\\/\\\/proxima2023.okoumea.com\\\/fr\\\/\",\"name\":\"Proxima - Avocats indemnisation de victimes\",\"description\":\"Chaque jour est un nouveau cap \u00e0 franchir ensemble\",\"publisher\":{\"@id\":\"https:\\\/\\\/proxima2023.okoumea.com\\\/fr\\\/#organization\"},\"potentialAction\":[{\"@type\":\"SearchAction\",\"target\":{\"@type\":\"EntryPoint\",\"urlTemplate\":\"https:\\\/\\\/proxima2023.okoumea.com\\\/fr\\\/?s={search_term_string}\"},\"query-input\":{\"@type\":\"PropertyValueSpecification\",\"valueRequired\":true,\"valueName\":\"search_term_string\"}}],\"inLanguage\":\"fr-FR\"},{\"@type\":\"Organization\",\"@id\":\"https:\\\/\\\/proxima2023.okoumea.com\\\/fr\\\/#organization\",\"name\":\"CABINET PROXIMA GUILLERMOU AVOCATS\",\"url\":\"https:\\\/\\\/proxima2023.okoumea.com\\\/fr\\\/\",\"logo\":{\"@type\":\"ImageObject\",\"inLanguage\":\"fr-FR\",\"@id\":\"https:\\\/\\\/proxima2023.okoumea.com\\\/fr\\\/#\\\/schema\\\/logo\\\/image\\\/\",\"url\":\"https:\\\/\\\/guillermou-avocats.fr\\\/wp-content\\\/uploads\\\/2024\\\/08\\\/2Fichier-12ProximaLogox1.png\",\"contentUrl\":\"https:\\\/\\\/guillermou-avocats.fr\\\/wp-content\\\/uploads\\\/2024\\\/08\\\/2Fichier-12ProximaLogox1.png\",\"width\":836,\"height\":825,\"caption\":\"CABINET PROXIMA GUILLERMOU AVOCATS\"},\"image\":{\"@id\":\"https:\\\/\\\/proxima2023.okoumea.com\\\/fr\\\/#\\\/schema\\\/logo\\\/image\\\/\"},\"sameAs\":[\"https:\\\/\\\/www.facebook.com\\\/emericguillermou\\\/\",\"https:\\\/\\\/x.com\\\/eguillermou\",\"https:\\\/\\\/fr.linkedin.com\\\/in\\\/emeric-guillermou-6a4b9bb6\",\"https:\\\/\\\/www.youtube.com\\\/@emericguillermou9412\"]}]}<\/script>\n<!-- \/ Yoast SEO Premium plugin. -->","yoast_head_json":{"title":"Indemnisation de votre pr\u00e9judice - Avocat indemnisation de victimes","description":"L'indemnisation du pr\u00e9judice repose sur un principe fondamental : le principe de la r\u00e9paration int\u00e9grale. Notre cabinet peut vous repr\u00e9senter.","robots":{"index":"index","follow":"follow","max-snippet":"max-snippet:-1","max-image-preview":"max-image-preview:large","max-video-preview":"max-video-preview:-1"},"canonical":"https:\/\/proxima2023.okoumea.com\/fr\/indemnisation-prejudice","og_locale":"fr_FR","og_type":"article","og_title":"Indemnisation de votre pr\u00e9judice - Avocat indemnisation de victimes","og_description":"L'indemnisation du pr\u00e9judice repose sur un principe fondamental : le principe de la r\u00e9paration int\u00e9grale. Notre cabinet peut vous repr\u00e9senter.","og_url":"https:\/\/proxima2023.okoumea.com\/fr\/indemnisation-prejudice","og_site_name":"Avocat indemnisation de victimes","article_publisher":"https:\/\/www.facebook.com\/emericguillermou\/","article_modified_time":"2021-08-26T14:42:01+00:00","twitter_card":"summary_large_image","twitter_site":"@eguillermou","twitter_misc":{"Dur\u00e9e de lecture estim\u00e9e":"5 minutes"},"schema":{"@context":"https:\/\/schema.org","@graph":[{"@type":"WebPage","@id":"https:\/\/proxima2023.okoumea.com\/fr\/indemnisation-prejudice","url":"https:\/\/proxima2023.okoumea.com\/fr\/indemnisation-prejudice","name":"Indemnisation de votre pr\u00e9judice - Avocat indemnisation de victimes","isPartOf":{"@id":"https:\/\/proxima2023.okoumea.com\/fr\/#website"},"datePublished":"2017-05-03T14:36:35+00:00","dateModified":"2021-08-26T14:42:01+00:00","description":"L'indemnisation du pr\u00e9judice repose sur un principe fondamental : le principe de la r\u00e9paration int\u00e9grale. Notre cabinet peut vous repr\u00e9senter.","inLanguage":"fr-FR","potentialAction":[{"@type":"ReadAction","target":["https:\/\/proxima2023.okoumea.com\/fr\/indemnisation-prejudice"]}]},{"@type":"WebSite","@id":"https:\/\/proxima2023.okoumea.com\/fr\/#website","url":"https:\/\/proxima2023.okoumea.com\/fr\/","name":"Proxima - Avocats indemnisation de victimes","description":"Chaque jour est un nouveau cap \u00e0 franchir ensemble","publisher":{"@id":"https:\/\/proxima2023.okoumea.com\/fr\/#organization"},"potentialAction":[{"@type":"SearchAction","target":{"@type":"EntryPoint","urlTemplate":"https:\/\/proxima2023.okoumea.com\/fr\/?s={search_term_string}"},"query-input":{"@type":"PropertyValueSpecification","valueRequired":true,"valueName":"search_term_string"}}],"inLanguage":"fr-FR"},{"@type":"Organization","@id":"https:\/\/proxima2023.okoumea.com\/fr\/#organization","name":"CABINET PROXIMA GUILLERMOU AVOCATS","url":"https:\/\/proxima2023.okoumea.com\/fr\/","logo":{"@type":"ImageObject","inLanguage":"fr-FR","@id":"https:\/\/proxima2023.okoumea.com\/fr\/#\/schema\/logo\/image\/","url":"https:\/\/guillermou-avocats.fr\/wp-content\/uploads\/2024\/08\/2Fichier-12ProximaLogox1.png","contentUrl":"https:\/\/guillermou-avocats.fr\/wp-content\/uploads\/2024\/08\/2Fichier-12ProximaLogox1.png","width":836,"height":825,"caption":"CABINET PROXIMA GUILLERMOU AVOCATS"},"image":{"@id":"https:\/\/proxima2023.okoumea.com\/fr\/#\/schema\/logo\/image\/"},"sameAs":["https:\/\/www.facebook.com\/emericguillermou\/","https:\/\/x.com\/eguillermou","https:\/\/fr.linkedin.com\/in\/emeric-guillermou-6a4b9bb6","https:\/\/www.youtube.com\/@emericguillermou9412"]}]}},"_links":{"self":[{"href":"https:\/\/guillermou-avocats.fr\/fr\/wp-json\/wp\/v2\/pages\/1243","targetHints":{"allow":["GET"]}}],"collection":[{"href":"https:\/\/guillermou-avocats.fr\/fr\/wp-json\/wp\/v2\/pages"}],"about":[{"href":"https:\/\/guillermou-avocats.fr\/fr\/wp-json\/wp\/v2\/types\/page"}],"author":[{"embeddable":true,"href":"https:\/\/guillermou-avocats.fr\/fr\/wp-json\/wp\/v2\/users\/2"}],"replies":[{"embeddable":true,"href":"https:\/\/guillermou-avocats.fr\/fr\/wp-json\/wp\/v2\/comments?post=1243"}],"version-history":[{"count":20,"href":"https:\/\/guillermou-avocats.fr\/fr\/wp-json\/wp\/v2\/pages\/1243\/revisions"}],"predecessor-version":[{"id":8519,"href":"https:\/\/guillermou-avocats.fr\/fr\/wp-json\/wp\/v2\/pages\/1243\/revisions\/8519"}],"wp:attachment":[{"href":"https:\/\/guillermou-avocats.fr\/fr\/wp-json\/wp\/v2\/media?parent=1243"}],"curies":[{"name":"wp","href":"https:\/\/api.w.org\/{rel}","templated":true}]}}